{"id":16953,"date":"2022-06-20T13:39:06","date_gmt":"2022-06-20T11:39:06","guid":{"rendered":"https:\/\/test.sp-ps.ch\/presidence\/"},"modified":"2023-01-26T09:58:55","modified_gmt":"2023-01-26T08:58:55","slug":"secretariat","status":"publish","type":"page","link":"https:\/\/spbe.ch\/fr\/parti\/secretariat\/","title":{"rendered":"Secr\u00e9tariat"},"content":{"rendered":"\t\t<div data-elementor-type=\"wp-page\" data-elementor-id=\"16953\" class=\"elementor elementor-16953\" data-elementor-post-type=\"page\">\n\t\t\t\t\t\t<section class=\"elementor-section elementor-top-section elementor-element elementor-element-82ff2e0 elementor-section-boxed elementor-section-height-default elementor-section-height-default\" data-id=\"82ff2e0\" data-element_type=\"section\" data-settings=\"{&quot;jet_parallax_layout_list&quot;:[],&quot;background_background&quot;:&quot;classic&quot;}\">\n\t\t\t\t\t\t<div class=\"elementor-container elementor-column-gap-wide\">\n\t\t\t\t\t<div class=\"elementor-column elementor-col-100 elementor-top-column elementor-element elementor-element-d0e11ff\" data-id=\"d0e11ff\" data-element_type=\"column\">\n\t\t\t<div class=\"elementor-widget-wrap elementor-element-populated\">\n\t\t\t\t\t\t<div class=\"elementor-element elementor-element-483ae83 elementor-widget elementor-widget-heading\" data-id=\"483ae83\" data-element_type=\"widget\" data-widget_type=\"heading.default\">\n\t\t\t\t<div class=\"elementor-widget-container\">\n\t\t\t\t\t<h1 class=\"elementor-heading-title elementor-size-default\">Pr\u00e9sidence<\/h1>\t\t\t\t<\/div>\n\t\t\t\t<\/div>\n\t\t\n\t\t<div class=\"elementor-element elementor-element-ac7525f elementor-widget elementor-widget-jet-breadcrumbs\" data-id=\"ac7525f\" data-element_type=\"widget\" data-widget_type=\"jet-breadcrumbs.default\">\n\t\t\t\t<div class=\"elementor-widget-container\">\n\t\t\t\t\t<div class=\"elementor-jet-breadcrumbs jet-blocks\">\n\t\t<div class=\"jet-breadcrumbs\">\n\t\t<div class=\"jet-breadcrumbs__content\">\n\t\t<div class=\"jet-breadcrumbs__wrap\">\n\t\t<\/div>\n\t\t<\/div>\n\t\t<\/div><\/div>\t\t\t\t<\/div>\n\t\t\t\t<\/div>\n\t\t\t\t<div class=\"elementor-element elementor-element-05c3dff elementor-widget__width-initial elementor-widget elementor-widget-text-editor\" data-id=\"05c3dff\" data-element_type=\"widget\" data-widget_type=\"text-editor.default\">\n\t\t\t\t<div class=\"elementor-widget-container\">\n\t\t\t\t\t\t\t\t\t<p>La Pr\u00e9sidence est le principal organe op\u00e9ratif du parti responsable de sa politique au quotidien. Elle se compose du ou de la pr\u00e9sident-e, des vice-pr\u00e9sident-e-s, du ou de la pr\u00e9sident-e du Groupe socialiste aux Chambres f\u00e9d\u00e9rales et du Secr\u00e9tariat g\u00e9n\u00e9ral. <\/p>\n\t\t\t\t\t\t\t\t<\/div>\n\t\t\t\t<\/div>\n\t\t\t\t\t<\/div>\n\t\t<\/div>\n\t\t\t\t\t<\/div>\n\t\t<\/section>\n\t\t\t\t<section class=\"elementor-section elementor-top-section elementor-element elementor-element-60629ef elementor-section-boxed elementor-section-height-default elementor-section-height-default\" data-id=\"60629ef\" data-element_type=\"section\" data-settings=\"{&quot;jet_parallax_layout_list&quot;:[]}\">\n\t\t\t\t\t\t<div class=\"elementor-container elementor-column-gap-wide\">\n\t\t\t\t\t<div class=\"elementor-column elementor-col-100 elementor-top-column elementor-element elementor-element-c882060\" data-id=\"c882060\" data-element_type=\"column\">\n\t\t\t<div class=\"elementor-widget-wrap elementor-element-populated\">\n\t\t\t\t\t\t<div class=\"elementor-element elementor-element-0272a35 elementor-widget elementor-widget-spps_person_grid\" data-id=\"0272a35\" data-element_type=\"widget\" data-widget_type=\"spps_person_grid.default\">\n\t\t\t\t<div class=\"elementor-widget-container\">\n\t\t\t\t\t<div class=\"button-list-wrapper wrapper-spacing-default\"><div class=\"button-list-title\"><h2>Pr\u00e9sident-e<\/h2><\/div><div class=\"button-list-container\"><p>Es wurden keine Personen gefunden.<\/p><\/div><\/div>\t\t\t\t<\/div>\n\t\t\t\t<\/div>\n\t\t\t\t<div class=\"elementor-element elementor-element-993b46a elementor-widget elementor-widget-spps_person_grid\" data-id=\"993b46a\" data-element_type=\"widget\" data-widget_type=\"spps_person_grid.default\">\n\t\t\t\t<div class=\"elementor-widget-container\">\n\t\t\t\t\t<div class=\"button-list-wrapper wrapper-spacing-default\"><div class=\"button-list-title\"><h2>Vicepr\u00e9sident-e-s<\/h2><\/div><div class=\"button-list-container\"><p>Es wurden keine Personen gefunden.<\/p><\/div><\/div>\t\t\t\t<\/div>\n\t\t\t\t<\/div>\n\t\t\t\t<div class=\"elementor-element elementor-element-7dbeb5c elementor-widget elementor-widget-spps_person_grid\" data-id=\"7dbeb5c\" data-element_type=\"widget\" data-widget_type=\"spps_person_grid.default\">\n\t\t\t\t<div class=\"elementor-widget-container\">\n\t\t\t\t\t<div class=\"button-list-wrapper wrapper-spacing-default\"><div class=\"button-list-title\"><h2>Pr\u00e9sident du Groupe socialiste<\/h2><\/div><div class=\"button-list-container\"><p>Es wurden keine Personen gefunden.<\/p><\/div><\/div>\t\t\t\t<\/div>\n\t\t\t\t<\/div>\n\t\t\t\t<div class=\"elementor-element elementor-element-460bc14 elementor-widget elementor-widget-spps_person_grid\" data-id=\"460bc14\" data-element_type=\"widget\" data-widget_type=\"spps_person_grid.default\">\n\t\t\t\t<div class=\"elementor-widget-container\">\n\t\t\t\t\t<div class=\"button-list-wrapper wrapper-spacing-default\"><div class=\"button-list-title\"><h2>Secr\u00e9tariat g\u00e9n\u00e9ral<\/h2><\/div><div class=\"button-list-container\"><p>Es wurden keine Personen gefunden.<\/p><\/div><\/div>\t\t\t\t<\/div>\n\t\t\t\t<\/div>\n\t\t\t\t\t<\/div>\n\t\t<\/div>\n\t\t\t\t\t<\/div>\n\t\t<\/section>\n\t\t\t\t<\/div>\n\t\t","protected":false},"excerpt":{"rendered":"<p>Pr\u00e9sidence La Pr\u00e9sidence est le principal organe op\u00e9ratif du parti responsable de sa politique au quotidien. Elle se compose du ou de la pr\u00e9sident-e, des vice-pr\u00e9sident-e-s, du ou de la [&hellip;]<\/p>\n","protected":false},"author":1,"featured_media":0,"parent":30425,"menu_order":1,"comment_status":"closed","ping_status":"closed","template":"","meta":{"footnotes":""},"class_list":["post-16953","page","type-page","status-publish","hentry"],"_links":{"self":[{"href":"https:\/\/spbe.ch\/fr\/wp-json\/wp\/v2\/pages\/16953","targetHints":{"allow":["GET"]}}],"collection":[{"href":"https:\/\/spbe.ch\/fr\/wp-json\/wp\/v2\/pages"}],"about":[{"href":"https:\/\/spbe.ch\/fr\/wp-json\/wp\/v2\/types\/page"}],"author":[{"embeddable":true,"href":"https:\/\/spbe.ch\/fr\/wp-json\/wp\/v2\/users\/1"}],"replies":[{"embeddable":true,"href":"https:\/\/spbe.ch\/fr\/wp-json\/wp\/v2\/comments?post=16953"}],"version-history":[{"count":1,"href":"https:\/\/spbe.ch\/fr\/wp-json\/wp\/v2\/pages\/16953\/revisions"}],"predecessor-version":[{"id":84076,"href":"https:\/\/spbe.ch\/fr\/wp-json\/wp\/v2\/pages\/16953\/revisions\/84076"}],"up":[{"embeddable":true,"href":"https:\/\/spbe.ch\/fr\/wp-json\/wp\/v2\/pages\/30425"}],"wp:attachment":[{"href":"https:\/\/spbe.ch\/fr\/wp-json\/wp\/v2\/media?parent=16953"}],"curies":[{"name":"wp","href":"https:\/\/api.w.org\/{rel}","templated":true}]}}