
{"id":16955,"date":"2022-06-20T13:39:49","date_gmt":"2022-06-20T11:39:49","guid":{"rendered":"https:\/\/test.sp-ps.ch\/praesidium\/"},"modified":"2023-01-26T10:00:45","modified_gmt":"2023-01-26T09:00:45","slug":"praesidium","status":"publish","type":"page","link":"https:\/\/spbe.ch\/fr\/personnes\/praesidium\/","title":{"rendered":"Secr\u00e9tariat"},"content":{"rendered":"\t\t<div data-elementor-type=\"wp-page\" data-elementor-id=\"16955\" class=\"elementor elementor-16955\" data-elementor-post-type=\"page\">\n\t\t\t\t\t\t<section class=\"elementor-section elementor-top-section elementor-element elementor-element-31a5513 elementor-section-boxed elementor-section-height-default elementor-section-height-default\" data-id=\"31a5513\" data-element_type=\"section\" data-settings=\"{&quot;jet_parallax_layout_list&quot;:[],&quot;background_background&quot;:&quot;classic&quot;}\">\n\t\t\t\t\t\t<div class=\"elementor-container elementor-column-gap-wide\">\n\t\t\t\t\t<div class=\"elementor-column elementor-col-100 elementor-top-column elementor-element elementor-element-4459831\" data-id=\"4459831\" data-element_type=\"column\">\n\t\t\t<div class=\"elementor-widget-wrap elementor-element-populated\">\n\t\t\t\t\t\t<div class=\"elementor-element elementor-element-3c0e2c5 elementor-widget elementor-widget-jet-breadcrumbs\" data-id=\"3c0e2c5\" data-element_type=\"widget\" data-widget_type=\"jet-breadcrumbs.default\">\n\t\t\t\t<div class=\"elementor-widget-container\">\n\t\t\t\t\t<div class=\"elementor-jet-breadcrumbs jet-blocks\">\n\t\t<div class=\"jet-breadcrumbs\">\n\t\t<div class=\"jet-breadcrumbs__content\">\n\t\t<div class=\"jet-breadcrumbs__wrap\">\n\t\t<\/div>\n\t\t<\/div>\n\t\t<\/div><\/div>\t\t\t\t<\/div>\n\t\t\t\t<\/div>\n\t\t\t\t<div class=\"elementor-element elementor-element-8f0f8dc elementor-widget__width-initial elementor-widget elementor-widget-text-editor\" data-id=\"8f0f8dc\" data-element_type=\"widget\" data-widget_type=\"text-editor.default\">\n\t\t\t\t<div class=\"elementor-widget-container\">\n\t\t\t\t\t\t\t\t\t<p>Le secr\u00e9tariat est responsable de la mise en application du travail du parti et de la coordination des activit\u00e9s avec les sections. Le Secr\u00e9tariat emploie cinq personnes \u00e0 temps partiel pour tout le canton.<\/p>\n\t\t\t\t\t\t\t\t<\/div>\n\t\t\t\t<\/div>\n\t\t\t\t\t<\/div>\n\t\t<\/div>\n\t\t\t\t\t<\/div>\n\t\t<\/section>\n\t\t\t\t<section class=\"elementor-section elementor-top-section elementor-element elementor-element-58b4d8c elementor-section-boxed elementor-section-height-default elementor-section-height-default\" data-id=\"58b4d8c\" data-element_type=\"section\" data-settings=\"{&quot;jet_parallax_layout_list&quot;:[]}\">\n\t\t\t\t\t\t<div class=\"elementor-container elementor-column-gap-wide\">\n\t\t\t\t\t<div class=\"elementor-column elementor-col-100 elementor-top-column elementor-element elementor-element-c58b4b7\" data-id=\"c58b4b7\" data-element_type=\"column\">\n\t\t\t<div class=\"elementor-widget-wrap elementor-element-populated\">\n\t\t\t\t\t\t<div class=\"elementor-element elementor-element-eb3c18c elementor-widget elementor-widget-spps_person_grid\" data-id=\"eb3c18c\" data-element_type=\"widget\" data-widget_type=\"spps_person_grid.default\">\n\t\t\t\t<div class=\"elementor-widget-container\">\n\t\t\t\t\t<div class=\"button-list-wrapper wrapper-spacing-default\"><div class=\"button-list-title\"><h2>Collaborateur-trice-s<\/h2><\/div><div class=\"button-list-container\"><div class=\"persons persons-grid-2\"><div class=\"persons-items\"><div class=\"persons-item\"><div class=\"person-container\"><div class=\"person-portrait\"><a href=\"https:\/\/spbe.ch\/fr\/person\/karin-amatucci\/\"><img decoding=\"async\" src=\"https:\/\/spbe.ch\/wp-content\/uploads\/2023\/01\/blank-profile-picture-973460_1280-600x600.png?v=1702994746\" alt=\"Karin Amatucci\" loading=\"lazy\"><\/a><\/div><div class=\"person-content\"><a href=\"https:\/\/spbe.ch\/fr\/person\/karin-amatucci\/\" class=\"person-name\"><p><strong>Karin Amatucci<\/strong><\/p><\/a><p class=\"person-position\">Responsable de la comptabilit\u00e9<\/p><ul class=\"person-kontakt list-pills list-pills-grey\"><li><a href=\"tel:+41313700786\">+41 31 370 07 86<\/a><\/li><li><a href=\"mailto:karin.amatucci@spbe.ch\">E-Mail<\/a><\/li><\/ul><\/div><\/div><\/div><div class=\"persons-item\"><div class=\"person-container\"><div class=\"person-portrait\"><a href=\"https:\/\/spbe.ch\/fr\/person\/sandro-niederer\/\"><img decoding=\"async\" src=\"https:\/\/spbe.ch\/wp-content\/uploads\/2023\/01\/blank-profile-picture-973460_1280-600x600.png?v=1702994746\" alt=\"Sandro Niederer\" loading=\"lazy\"><\/a><\/div><div class=\"person-content\"><a href=\"https:\/\/spbe.ch\/fr\/person\/sandro-niederer\/\" class=\"person-name\"><p><strong>Sandro Niederer<\/strong><\/p><\/a><p class=\"person-position\">Secr\u00e9taire du parti<\/p><ul class=\"person-kontakt list-pills list-pills-grey\"><li><a href=\"tel:+41313700792\">+41 31 370 07 92<\/a><\/li><li><a href=\"mailto:sandro.niederer@spbe.ch\">E-Mail<\/a><\/li><\/ul><\/div><\/div><\/div><div class=\"persons-item\"><div class=\"person-container\"><div class=\"person-portrait\"><a href=\"https:\/\/spbe.ch\/fr\/person\/zora-schindler\/\"><img decoding=\"async\" src=\"https:\/\/spbe.ch\/wp-content\/uploads\/2023\/01\/blank-profile-picture-973460_1280-600x600.png?v=1702994746\" alt=\"Zora Schindler\" loading=\"lazy\"><\/a><\/div><div class=\"person-content\"><a href=\"https:\/\/spbe.ch\/fr\/person\/zora-schindler\/\" class=\"person-name\"><p><strong>Zora Schindler<\/strong><\/p><\/a><p class=\"person-position\">Secr\u00e9taire dirigeante du parti<\/p><ul class=\"person-kontakt list-pills list-pills-grey\"><li><a href=\"tel:+41313700783\">+41 31 370 07 83<\/a><\/li><li><a href=\"mailto:zora.schindler@spbe.ch\">E-Mail<\/a><\/li><\/ul><\/div><\/div><\/div><div class=\"persons-item\"><div class=\"person-container\"><div class=\"person-portrait\"><a href=\"https:\/\/spbe.ch\/fr\/person\/celine-thommen\/\"><img decoding=\"async\" src=\"https:\/\/spbe.ch\/wp-content\/uploads\/2023\/01\/blank-profile-picture-973460_1280-600x600.png?v=1702994746\" alt=\"C\u00e9line Thommen\" loading=\"lazy\"><\/a><\/div><div class=\"person-content\"><a href=\"https:\/\/spbe.ch\/fr\/person\/celine-thommen\/\" class=\"person-name\"><p><strong>C\u00e9line Thommen<\/strong><\/p><\/a><p class=\"person-position\">Responsable de Campagne et publications<\/p><ul class=\"person-kontakt list-pills list-pills-grey\"><li><a href=\"tel:+41313700787\">+41 31 370 07 87<\/a><\/li><li><a href=\"mailto:celine.thommen@spbe.ch\">E-Mail<\/a><\/li><\/ul><\/div><\/div><\/div><div class=\"persons-item\"><div class=\"person-container\"><div class=\"person-portrait\"><a href=\"https:\/\/spbe.ch\/fr\/person\/sonja-walther\/\"><img decoding=\"async\" src=\"https:\/\/spbe.ch\/wp-content\/uploads\/2023\/01\/blank-profile-picture-973460_1280-600x600.png?v=1702994746\" alt=\"Sonja Walther\" loading=\"lazy\"><\/a><\/div><div class=\"person-content\"><a href=\"https:\/\/spbe.ch\/fr\/person\/sonja-walther\/\" class=\"person-name\"><p><strong>Sonja Walther<\/strong><\/p><\/a><p class=\"person-position\">Collaboratrice administration (groupe, congr\u00e8s, encadrement des membres)<\/p><ul class=\"person-kontakt list-pills list-pills-grey\"><li><a href=\"tel:+41313700784\">+41 31 370 07 84<\/a><\/li><li><a href=\"mailto:sonja.walther@spbe.ch\">E-Mail<\/a><\/li><\/ul><\/div><\/div><\/div><\/div><\/div><\/div><\/div>\t\t\t\t<\/div>\n\t\t\t\t<\/div>\n\t\t\t\t\t<\/div>\n\t\t<\/div>\n\t\t\t\t\t<\/div>\n\t\t<\/section>\n\t\t\t\t<\/div>\n\t\t","protected":false},"excerpt":{"rendered":"<p>Le secr\u00e9tariat est responsable de la mise en application du travail du parti et de la coordination des activit\u00e9s avec les sections. Le Secr\u00e9tariat emploie cinq personnes \u00e0 temps partiel [&hellip;]<\/p>\n","protected":false},"author":1,"featured_media":0,"parent":30434,"menu_order":0,"comment_status":"closed","ping_status":"closed","template":"","meta":{"footnotes":""},"class_list":["post-16955","page","type-page","status-publish","hentry"],"_links":{"self":[{"href":"https:\/\/spbe.ch\/fr\/wp-json\/wp\/v2\/pages\/16955","targetHints":{"allow":["GET"]}}],"collection":[{"href":"https:\/\/spbe.ch\/fr\/wp-json\/wp\/v2\/pages"}],"about":[{"href":"https:\/\/spbe.ch\/fr\/wp-json\/wp\/v2\/types\/page"}],"author":[{"embeddable":true,"href":"https:\/\/spbe.ch\/fr\/wp-json\/wp\/v2\/users\/1"}],"replies":[{"embeddable":true,"href":"https:\/\/spbe.ch\/fr\/wp-json\/wp\/v2\/comments?post=16955"}],"version-history":[{"count":6,"href":"https:\/\/spbe.ch\/fr\/wp-json\/wp\/v2\/pages\/16955\/revisions"}],"predecessor-version":[{"id":84078,"href":"https:\/\/spbe.ch\/fr\/wp-json\/wp\/v2\/pages\/16955\/revisions\/84078"}],"up":[{"embeddable":true,"href":"https:\/\/spbe.ch\/fr\/wp-json\/wp\/v2\/pages\/30434"}],"wp:attachment":[{"href":"https:\/\/spbe.ch\/fr\/wp-json\/wp\/v2\/media?parent=16955"}],"curies":[{"name":"wp","href":"https:\/\/api.w.org\/{rel}","templated":true}]}}