{"id":30422,"date":"2022-01-06T11:57:46","date_gmt":"2022-01-06T10:57:46","guid":{"rendered":"https:\/\/test.sp-ps.ch\/faire-un-don\/"},"modified":"2023-06-29T11:41:46","modified_gmt":"2023-06-29T09:41:46","slug":"faire-un-don","status":"publish","type":"page","link":"https:\/\/spbe.ch\/fr\/faire-un-don\/","title":{"rendered":"Faire un don"},"content":{"rendered":"\t\t<div data-elementor-type=\"wp-page\" data-elementor-id=\"30422\" class=\"elementor elementor-30422 elementor-28\" data-elementor-post-type=\"page\">\n\t\t\t\t\t\t<section class=\"elementor-section elementor-top-section elementor-element elementor-element-19edffd3 elementor-section-boxed elementor-section-height-default elementor-section-height-default\" data-id=\"19edffd3\" data-element_type=\"section\" data-settings=\"{&quot;jet_parallax_layout_list&quot;:[],&quot;background_background&quot;:&quot;classic&quot;}\">\n\t\t\t\t\t\t<div class=\"elementor-container elementor-column-gap-wide\">\n\t\t\t\t\t<div class=\"elementor-column elementor-col-100 elementor-top-column elementor-element elementor-element-4ddb66ce\" data-id=\"4ddb66ce\" data-element_type=\"column\">\n\t\t\t<div class=\"elementor-widget-wrap elementor-element-populated\">\n\t\t\t\t\t\t<div class=\"elementor-element elementor-element-7a798d3f elementor-widget elementor-widget-heading\" data-id=\"7a798d3f\" data-element_type=\"widget\" data-widget_type=\"heading.default\">\n\t\t\t\t<div class=\"elementor-widget-container\">\n\t\t\t\t\t<h1 class=\"elementor-heading-title elementor-size-default\">Faire un don<\/h1>\t\t\t\t<\/div>\n\t\t\t\t<\/div>\n\t\t\n\t\t<div class=\"elementor-element elementor-element-1e9f2696 elementor-widget elementor-widget-jet-breadcrumbs\" data-id=\"1e9f2696\" data-element_type=\"widget\" data-widget_type=\"jet-breadcrumbs.default\">\n\t\t\t\t<div class=\"elementor-widget-container\">\n\t\t\t\t\t<div class=\"elementor-jet-breadcrumbs jet-blocks\">\n\t\t<div class=\"jet-breadcrumbs\">\n\t\t<div class=\"jet-breadcrumbs__content\">\n\t\t<div class=\"jet-breadcrumbs__wrap\">\n\t\t<\/div>\n\t\t<\/div>\n\t\t<\/div><\/div>\t\t\t\t<\/div>\n\t\t\t\t<\/div>\n\t\t\t\t<div class=\"elementor-element elementor-element-4a5a6be elementor-widget elementor-widget-text-editor\" data-id=\"4a5a6be\" data-element_type=\"widget\" data-widget_type=\"text-editor.default\">\n\t\t\t\t<div class=\"elementor-widget-container\">\n\t\t\t\t\t\t\t\t\t<p>Pour pouvoir financer nos projets ainsi que nos campagnes \u00e9lectorales et de votation, nous d\u00e9pendons des donations. C&#8217;est ainsi que nous pouvons faire face aux millions d\u00e9pens\u00e9s par les associations \u00e9conomiques et les lobbies. Le PS vous serait donc tr\u00e8s reconnaissant de votre don.<\/p>\t\t\t\t\t\t\t\t<\/div>\n\t\t\t\t<\/div>\n\t\t\t\t\t<\/div>\n\t\t<\/div>\n\t\t\t\t\t<\/div>\n\t\t<\/section>\n\t\t\t\t<section class=\"elementor-section elementor-top-section elementor-element elementor-element-41a2144 elementor-section-boxed elementor-section-height-default elementor-section-height-default\" data-id=\"41a2144\" data-element_type=\"section\" data-settings=\"{&quot;jet_parallax_layout_list&quot;:[]}\">\n\t\t\t\t\t\t<div class=\"elementor-container elementor-column-gap-wide\">\n\t\t\t\t\t<div class=\"elementor-column elementor-col-100 elementor-top-column elementor-element elementor-element-244e3f1\" data-id=\"244e3f1\" data-element_type=\"column\">\n\t\t\t<div class=\"elementor-widget-wrap elementor-element-populated\">\n\t\t\t\t\t\t<div class=\"elementor-element elementor-element-1338b8e elementor-widget elementor-widget-spps_title_text\" data-id=\"1338b8e\" data-element_type=\"widget\" data-widget_type=\"spps_title_text.default\">\n\t\t\t\t<div class=\"elementor-widget-container\">\n\t\t\t\t\t<div class=\"title-text-wrapper wrapper-spacing-default\"><div class=\"title-text-title\"><h2>Soutenez le PS en lui versant un don<\/h2><\/div><div class=\"title-text-container\"><div class=\"title-text-text\"><p>Votre soutien financier nous est indispensable car \u2013 contrairement aux partis de droite \u2013 le PS n\u2019est pas sponsoris\u00e9 par les grandes banques ou assurances. Il table uniquement sur les cotisations de ses membres et les dons de personnes priv\u00e9es qui soutiennent la politique que nous menons.<\/p><\/div><\/div><\/div>\t\t\t\t<\/div>\n\t\t\t\t<\/div>\n\t\t\t\t<div class=\"elementor-element elementor-element-b39acd0 elementor-widget elementor-widget-html\" data-id=\"b39acd0\" data-element_type=\"widget\" data-widget_type=\"html.default\">\n\t\t\t\t<div class=\"elementor-widget-container\">\n\t\t\t\t\t<div class=\"rnw-widget-container\"><\/div>\r\n<script src=\"https:\/\/tamaro.raisenow.com\/sp-schweiz\/latest\/widget.js\"><\/script>\r\n<script>\r\nwindow.rnw.tamaro.runWidget('.rnw-widget-container', {\r\n\tlanguage: 'fr',\r\n\ttestMode: false,\r\n\tdebug: false,\r\n\tpurposes: ['p1'],\r\n\tpurposeDetails: {\r\n    \tp1: {\r\n    \t\tstored_campaign_id: 28242981,\r\n    \t},\r\n    },\r\n    translations: {\r\n        de: {\r\n        \tpurposes: {\r\n           \t\tp1: 'SP Kanton Bern',\r\n        \t},\r\n    \t},\r\n    \tfr: {\r\n        \tpurposes: {\r\n           \t\tp1: 'PS du canton de Berne',\r\n        \t},\r\n    \t},\r\n    \tit: {\r\n        \tpurposes: {\r\n           \t\tp1: 'SP Kanton Bern',\r\n        \t},\r\n    \t}, \r\n    },\r\n\tpaymentFormPrefill: {\r\n     \tstored_customer_email_permission: true,\r\n     \tstored_customer_donation_receipt: true,\r\n     \tstored_customer_country: 'CH',\r\n     \tstored_sxt_address_source: '1008',\r\n     \t\/\/stored_hidden_parameter: 'myValue',\r\n    },\r\n    paymentTypes: ['onetime'],\r\n    \/\/amounts: [15,20,50,120],\r\n    \/\/minimumCustomAmount: [15],\r\n    \/\/allowCustomAmount: true,\r\n    \/\/layout: 'list',\r\n})\r\n<\/script>\r\n\r\n<style>\r\n\t:root {\r\n      --tamaro-primary-color: #e4022d;\r\n      --tamaro-primary-color__hover: rgba(228,2,45,0.75);\r\n      --tamaro-primary-bg-color: rgba(228,2,45,0.03);\r\n      --tamaro-border-color: #b5b5b5;\r\n        \/*font-size: inherit;*\/\r\n    }      \r\n<\/style>\t\t\t\t<\/div>\n\t\t\t\t<\/div>\n\t\t\t\t<div class=\"elementor-element elementor-element-8c33ea5 elementor-widget elementor-widget-spacer\" data-id=\"8c33ea5\" data-element_type=\"widget\" data-widget_type=\"spacer.default\">\n\t\t\t\t<div class=\"elementor-widget-container\">\n\t\t\t\t\t\t\t<div class=\"elementor-spacer\">\n\t\t\t<div class=\"elementor-spacer-inner\"><\/div>\n\t\t<\/div>\n\t\t\t\t\t\t<\/div>\n\t\t\t\t<\/div>\n\t\t\t\t\t<\/div>\n\t\t<\/div>\n\t\t\t\t\t<\/div>\n\t\t<\/section>\n\t\t\t\t<section class=\"elementor-section elementor-top-section elementor-element elementor-element-03164dd elementor-section-boxed elementor-section-height-default elementor-section-height-default\" data-id=\"03164dd\" data-element_type=\"section\" data-settings=\"{&quot;jet_parallax_layout_list&quot;:[]}\">\n\t\t\t\t\t\t<div class=\"elementor-container elementor-column-gap-wide\">\n\t\t\t\t\t<div class=\"elementor-column elementor-col-100 elementor-top-column elementor-element elementor-element-595feef\" data-id=\"595feef\" data-element_type=\"column\">\n\t\t\t<div class=\"elementor-widget-wrap elementor-element-populated\">\n\t\t\t\t\t\t<div class=\"elementor-element elementor-element-9f75b47 elementor-widget elementor-widget-spps_title_text\" data-id=\"9f75b47\" data-element_type=\"widget\" data-widget_type=\"spps_title_text.default\">\n\t\t\t\t<div class=\"elementor-widget-container\">\n\t\t\t\t\t<div class=\"title-text-wrapper \"><div class=\"title-text-title\"><h3>Compte pour les dons<\/h3><\/div><div class=\"title-text-container\"><div class=\"title-text-text\"><p>PC: 30-895-9, SP Kanton Bern, Bern<\/p><p>IBAN: CH25 0900 0000 3000 0895 9<\/p><p>Dons de l'\u00e9tranger:<br \/>BIC: POFICHBEXXX<\/p><\/div><\/div><\/div>\t\t\t\t<\/div>\n\t\t\t\t<\/div>\n\t\t\t\t\t<\/div>\n\t\t<\/div>\n\t\t\t\t\t<\/div>\n\t\t<\/section>\n\t\t\t\t<\/div>\n\t\t","protected":false},"excerpt":{"rendered":"<p>Faire un don Pour pouvoir financer nos projets ainsi que nos campagnes \u00e9lectorales et de votation, nous d\u00e9pendons des donations. C&#8217;est ainsi que nous pouvons faire face aux millions d\u00e9pens\u00e9s [&hellip;]<\/p>\n","protected":false},"author":1,"featured_media":0,"parent":0,"menu_order":6,"comment_status":"closed","ping_status":"closed","template":"","meta":{"footnotes":""},"class_list":["post-30422","page","type-page","status-publish","hentry"],"_links":{"self":[{"href":"https:\/\/spbe.ch\/fr\/wp-json\/wp\/v2\/pages\/30422","targetHints":{"allow":["GET"]}}],"collection":[{"href":"https:\/\/spbe.ch\/fr\/wp-json\/wp\/v2\/pages"}],"about":[{"href":"https:\/\/spbe.ch\/fr\/wp-json\/wp\/v2\/types\/page"}],"author":[{"embeddable":true,"href":"https:\/\/spbe.ch\/fr\/wp-json\/wp\/v2\/users\/1"}],"replies":[{"embeddable":true,"href":"https:\/\/spbe.ch\/fr\/wp-json\/wp\/v2\/comments?post=30422"}],"version-history":[{"count":7,"href":"https:\/\/spbe.ch\/fr\/wp-json\/wp\/v2\/pages\/30422\/revisions"}],"predecessor-version":[{"id":87253,"href":"https:\/\/spbe.ch\/fr\/wp-json\/wp\/v2\/pages\/30422\/revisions\/87253"}],"wp:attachment":[{"href":"https:\/\/spbe.ch\/fr\/wp-json\/wp\/v2\/media?parent=30422"}],"curies":[{"name":"wp","href":"https:\/\/api.w.org\/{rel}","templated":true}]}}