{"id":30428,"date":"2022-06-30T14:48:40","date_gmt":"2022-06-30T12:48:40","guid":{"rendered":"https:\/\/test.sp-ps.ch\/imprimer\/"},"modified":"2022-10-03T14:59:16","modified_gmt":"2022-10-03T12:59:16","slug":"imprimer","status":"publish","type":"page","link":"https:\/\/spbe.ch\/fr\/imprimer\/","title":{"rendered":"imprimer"},"content":{"rendered":"\t\t<div data-elementor-type=\"wp-page\" data-elementor-id=\"30428\" class=\"elementor elementor-30428 elementor-3835\" data-elementor-post-type=\"page\">\n\t\t\t\t\t\t<section class=\"elementor-section elementor-top-section elementor-element elementor-element-6cb11f5 elementor-section-boxed elementor-section-height-default elementor-section-height-default\" data-id=\"6cb11f5\" data-element_type=\"section\" data-settings=\"{&quot;jet_parallax_layout_list&quot;:[]}\">\n\t\t\t\t\t\t<div class=\"elementor-container elementor-column-gap-default\">\n\t\t\t\t\t<div class=\"elementor-column elementor-col-100 elementor-top-column elementor-element elementor-element-48135dc\" data-id=\"48135dc\" data-element_type=\"column\">\n\t\t\t<div class=\"elementor-widget-wrap elementor-element-populated\">\n\t\t\t\t\t\t<div class=\"elementor-element elementor-element-3d06b84 elementor-widget elementor-widget-heading\" data-id=\"3d06b84\" data-element_type=\"widget\" data-widget_type=\"heading.default\">\n\t\t\t\t<div class=\"elementor-widget-container\">\n\t\t\t\t\t<h2 class=\"elementor-heading-title elementor-size-default\">imprimer<\/h2>\t\t\t\t<\/div>\n\t\t\t\t<\/div>\n\t\t\n\t\t<div class=\"elementor-element elementor-element-65268a4 elementor-widget elementor-widget-spps_title_text\" data-id=\"65268a4\" data-element_type=\"widget\" data-widget_type=\"spps_title_text.default\">\n\t\t\t\t<div class=\"elementor-widget-container\">\n\t\t\t\t\t<div class=\"title-text-wrapper \"><div class=\"title-text-container\"><div class=\"title-text-text\"><div class=\"body\">\n<p>Parti socialiste suisse<br \/>\nTheaterplatz 4<br \/>\nCase postale<br \/>\n3001 Berne<\/p>\n<p>T\u00e9l\u00e9phone 031 329 69 69<br \/>\nFax 031 329 69 70<\/p>\n<p>Courriel: <a href=\"mailto:info@spschweiz.ch\">info@spschweiz.ch<\/a><\/p>\n<p>Ce site a \u00e9t\u00e9 r\u00e9alis\u00e9 par\u00a0<a href=\"http:\/\/previon.ch\" target=\"_blank\" rel=\"noopener\">Previon+<\/a>.<\/p>\n<p>&nbsp;<\/p>\n<p><strong>Protection des donn\u00e9es:<\/strong><\/p>\n<p><em>Matomo<\/em><\/p>\n<p>Sur ce site Internet et sur d'autres pages du PS Suisse, des donn\u00e9es sont collect\u00e9es et stock\u00e9es \u00e0 l'aide du logiciel d'analyse web Matomo (www.matomo.org), un service du fournisseur InnoCraft Ltd, 150 Willis St, 6011 Wellington, Nouvelle-Z\u00e9lande, (\"Mataomo\"), en raison de notre int\u00e9r\u00eat l\u00e9gitime pour l'analyse statistique du comportement des utilisateurs pour l'optimisation et la commercialisation, conform\u00e9ment \u00e0 l'art. 6 al. 1, lettre f du RGPD. A partir de ces donn\u00e9es, des profils d'utilisateurs pseudonymis\u00e9s peuvent \u00eatre cr\u00e9\u00e9s et \u00e9valu\u00e9s dans le m\u00eame but. Des cookies peuvent \u00eatre utilis\u00e9s \u00e0 cette fin. Les cookies sont de petits fichiers texte qui sont stock\u00e9s localement dans le cache du navigateur Internet du visiteur de la page. Les cookies permettent, entre autres, la reconnaissance du navigateur Internet. Les donn\u00e9es collect\u00e9es \u00e0 l'aide de la technologie Matomo (y compris votre adresse IP pseudonyme) sont trait\u00e9es sur nos serveurs.<br \/>\nLes informations g\u00e9n\u00e9r\u00e9es par le cookie dans le profil pseudonyme de l'utilisateur ne sont pas utilis\u00e9es pour identifier personnellement le visiteur de ce site et ne sont pas fusionn\u00e9es avec des donn\u00e9es personnelles concernant le titulaire du pseudonyme.<br \/>\nSi vous n'\u00eates pas d'accord avec le stockage et l'\u00e9valuation de ces donn\u00e9es lors de votre visite de notre site, vous pouvez vous opposer \u00e0 leur stockage et \u00e0 leur utilisation ult\u00e9rieure \u00e0 tout moment par un clic de souris. Dans ce cas, un cookie dit opt-out est enregistr\u00e9 dans votre navigateur, ce qui signifie que Matomo ne collecte aucune donn\u00e9e de session. Veuillez noter que la suppression compl\u00e8te de vos cookies signifie que le cookie opt-out sera \u00e9galement supprim\u00e9 et que vous devrez peut-\u00eatre le r\u00e9activer.<\/p>\n<p><iframe src=\"https:\/\/matomo.spschweiz.ch\/index.php?module=CoreAdminHome&amp;action=optOut&amp;language=fr&amp;backgroundColor=&amp;fontColor=&amp;fontSize=&amp;fontFamily=Arial\" width=\"100%\" frameborder=\"0\" scrolling=\"yes\" align=\"middle\" data-mce-fragment=\"1\"><\/iframe><\/p>\n<p><em>Cookies et Log-Files<\/em><\/p>\n<p>Comme presque tous les sites Web, notre serveur enregistre des donn\u00e9es personnelles telles que la version du navigateur, la page visit\u00e9e ou l'adresse IP utilis\u00e9e. Notre site peut \u00e9galement utiliser des cookies pour assurer sa fonctionnalit\u00e9.<\/p>\n<p>Nous ne pouvons pas utiliser ces donn\u00e9es pour d\u00e9terminer quelle personne a visit\u00e9 notre site. Les donn\u00e9es peuvent \u00eatre utilis\u00e9es pour fournir et am\u00e9liorer la fonctionnalit\u00e9 de notre site, ou encore mise \u00e0 disposition des autorit\u00e9s judiciaires comp\u00e9tentes en cas d'attaque num\u00e9rique contre notre site, en vertu de la l\u00e9gislation applicable en la mati\u00e8re.<\/p>\n<p><em>Protection contre les attaques DDoS<\/em><\/p>\n<p>En raison d'incidents pass\u00e9s, nous sommes oblig\u00e9s de s\u00e9curiser notre site Web contre les attaques DDoS. Une s\u00e9curit\u00e9 assur\u00e9e par le prestataire de services Cloudflare Inc. Vous trouverez ici la politique de confidentialit\u00e9 de Cloudflare.<\/p>\n<p><em>Modules d'extension de r\u00e9seaux sociaux<\/em><\/p>\n<p>Notre site Web peut utiliser des modules d\u2019extension de fournisseurs de r\u00e9seaux sociaux (p.ex. le fil Twitter sur la page d'accueil). Si une personne est connect\u00e9e \u00e0 la plate-forme de m\u00e9dias sociaux alors qu'elle visite notre site, le fournisseur correspondant peut tirer des conclusions sur le comportement de navigation. Nous vous recommandons donc de vous d\u00e9connecter des plates-formes concern\u00e9es si vous ne les utilisez pas.<\/p>\n<p><em>SocialMedia-Buttons<\/em><\/p>\n<p>Contrairement \u00a0aux op\u00e9rateurs des r\u00e9seaux sociaux, qui proposent des boutons de \u00ab partage \u00bb transmettant des donn\u00e9es \u00e0 l\u2019op\u00e9rateur d\u00e9j\u00e0 lors du chargement d\u2019une page, le PS Suisse propose un bouton inactif (lien \/ +1 \/ tweet). Ainsi, sans leur accord, les donn\u00e9es des visiteurs ne sont pas transmises aux op\u00e9rateurs des plateformes de r\u00e9seaux. C\u2019est seulement lorsque l\u2019utilisateur active le bouton respectif, qu\u2019il donne son consentement de communiquer via Facebook, GOOGLE+ et Twitter.<\/p>\n<p><em>Dons \/ RaiseNow<\/em><\/p>\n<p>RaiseNow assure des paiements et dons faciles et s\u00e9curis\u00e9s sur Internet. La plate-forme de paiement \u00e9lectronique certifi\u00e9e a \u00e9t\u00e9 sp\u00e9cialement d\u00e9velopp\u00e9e pour les organisations \u00e0 but non lucratif et les organisations d'entraide. Le PS Suisse et RaiseNow collectent et traitent vos donn\u00e9es, afin d'organiser le d\u00e9roulement de votre don et de maintenir la relation avec le PS Suisse pour vous faire parvenir des informations sur ses projets en cours. Les \u00e9tablissements de cr\u00e9dit concern\u00e9s ne re\u00e7oivent vos donn\u00e9es que si elles sont n\u00e9cessaires au traitement du paiement.<\/p>\n<\/div>\n<\/div><\/div><\/div>\t\t\t\t<\/div>\n\t\t\t\t<\/div>\n\t\t\t\t\t<\/div>\n\t\t<\/div>\n\t\t\t\t\t<\/div>\n\t\t<\/section>\n\t\t\t\t<\/div>\n\t\t","protected":false},"excerpt":{"rendered":"<p>imprimer Parti socialiste suisse Theaterplatz 4 Case postale 3001 Berne T\u00e9l\u00e9phone 031 329 69 69 Fax 031 329 69 70 Courriel: info@spschweiz.ch Ce site a \u00e9t\u00e9 r\u00e9alis\u00e9 par\u00a0Previon+. &nbsp; Protection [&hellip;]<\/p>\n","protected":false},"author":1,"featured_media":0,"parent":0,"menu_order":11,"comment_status":"closed","ping_status":"closed","template":"","meta":{"footnotes":""},"class_list":["post-30428","page","type-page","status-publish","hentry"],"_links":{"self":[{"href":"https:\/\/spbe.ch\/fr\/wp-json\/wp\/v2\/pages\/30428","targetHints":{"allow":["GET"]}}],"collection":[{"href":"https:\/\/spbe.ch\/fr\/wp-json\/wp\/v2\/pages"}],"about":[{"href":"https:\/\/spbe.ch\/fr\/wp-json\/wp\/v2\/types\/page"}],"author":[{"embeddable":true,"href":"https:\/\/spbe.ch\/fr\/wp-json\/wp\/v2\/users\/1"}],"replies":[{"embeddable":true,"href":"https:\/\/spbe.ch\/fr\/wp-json\/wp\/v2\/comments?post=30428"}],"version-history":[{"count":2,"href":"https:\/\/spbe.ch\/fr\/wp-json\/wp\/v2\/pages\/30428\/revisions"}],"predecessor-version":[{"id":83807,"href":"https:\/\/spbe.ch\/fr\/wp-json\/wp\/v2\/pages\/30428\/revisions\/83807"}],"wp:attachment":[{"href":"https:\/\/spbe.ch\/fr\/wp-json\/wp\/v2\/media?parent=30428"}],"curies":[{"name":"wp","href":"https:\/\/api.w.org\/{rel}","templated":true}]}}