{"id":30440,"date":"2022-06-30T15:10:02","date_gmt":"2022-06-30T13:10:02","guid":{"rendered":"https:\/\/test.sp-ps.ch\/ce-que-nous-defendons\/nos-valeurs\/"},"modified":"2022-10-03T14:59:42","modified_gmt":"2022-10-03T12:59:42","slug":"nos-valeurs","status":"publish","type":"page","link":"https:\/\/spbe.ch\/fr\/nos-positions\/nos-valeurs\/","title":{"rendered":"Nos valeurs"},"content":{"rendered":"\t\t<div data-elementor-type=\"wp-page\" data-elementor-id=\"30440\" class=\"elementor elementor-30440 elementor-331\" data-elementor-post-type=\"page\">\n\t\t\t\t\t\t<section class=\"elementor-section elementor-top-section elementor-element elementor-element-64b3965 elementor-section-boxed elementor-section-height-default elementor-section-height-default\" data-id=\"64b3965\" data-element_type=\"section\" data-settings=\"{&quot;jet_parallax_layout_list&quot;:[],&quot;background_background&quot;:&quot;classic&quot;}\">\n\t\t\t\t\t\t<div class=\"elementor-container elementor-column-gap-wide\">\n\t\t\t\t\t<div class=\"elementor-column elementor-col-100 elementor-top-column elementor-element elementor-element-238dc27\" data-id=\"238dc27\" data-element_type=\"column\">\n\t\t\t<div class=\"elementor-widget-wrap elementor-element-populated\">\n\t\t\t\t\t\t<div class=\"elementor-element elementor-element-98b893b elementor-widget elementor-widget-heading\" data-id=\"98b893b\" data-element_type=\"widget\" data-widget_type=\"heading.default\">\n\t\t\t\t<div class=\"elementor-widget-container\">\n\t\t\t\t\t<h1 class=\"elementor-heading-title elementor-size-default\">Nos valeurs<\/h1>\t\t\t\t<\/div>\n\t\t\t\t<\/div>\n\t\t\n\t\t<div class=\"elementor-element elementor-element-2ed580e elementor-widget elementor-widget-jet-breadcrumbs\" data-id=\"2ed580e\" data-element_type=\"widget\" data-widget_type=\"jet-breadcrumbs.default\">\n\t\t\t\t<div class=\"elementor-widget-container\">\n\t\t\t\t\t<div class=\"elementor-jet-breadcrumbs jet-blocks\">\n\t\t<div class=\"jet-breadcrumbs\">\n\t\t<div class=\"jet-breadcrumbs__content\">\n\t\t<div class=\"jet-breadcrumbs__wrap\">\n\t\t<\/div>\n\t\t<\/div>\n\t\t<\/div><\/div>\t\t\t\t<\/div>\n\t\t\t\t<\/div>\n\t\t\t\t<div class=\"elementor-element elementor-element-735bcc7 elementor-widget elementor-widget-text-editor\" data-id=\"735bcc7\" data-element_type=\"widget\" data-widget_type=\"text-editor.default\">\n\t\t\t\t<div class=\"elementor-widget-container\">\n\t\t\t\t\t\t\t\t\t<p>\u00abLa force de la communaut\u00e9 se mesure au bien-\u00eatre du plus faible de ses membres\u00bb, peut-on lire dans la Constitution f\u00e9d\u00e9rale. Nous nous engageons pour une soci\u00e9t\u00e9 o\u00f9 tout un chacun peut s\u2019\u00e9panouir librement, mais o\u00f9 il existe aussi un filet social qui emp\u00eache qu\u2019une personne se retrouve dans une situation pr\u00e9caire.<\/p>\n\t\t\t\t\t\t\t\t<\/div>\n\t\t\t\t<\/div>\n\t\t\t\t\t<\/div>\n\t\t<\/div>\n\t\t\t\t\t<\/div>\n\t\t<\/section>\n\t\t\t\t<section class=\"elementor-section elementor-top-section elementor-element elementor-element-d9f30bb elementor-section-boxed elementor-section-height-default elementor-section-height-default\" data-id=\"d9f30bb\" data-element_type=\"section\" data-settings=\"{&quot;jet_parallax_layout_list&quot;:[]}\">\n\t\t\t\t\t\t<div class=\"elementor-container elementor-column-gap-wide\">\n\t\t\t\t\t<div class=\"elementor-column elementor-col-100 elementor-top-column elementor-element elementor-element-a609a93\" data-id=\"a609a93\" data-element_type=\"column\">\n\t\t\t<div class=\"elementor-widget-wrap elementor-element-populated\">\n\t\t\t\t\t\t<div class=\"elementor-element elementor-element-1cc6ddb elementor-widget elementor-widget-spps_button_list\" data-id=\"1cc6ddb\" data-element_type=\"widget\" data-widget_type=\"spps_button_list.default\">\n\t\t\t\t<div class=\"elementor-widget-container\">\n\t\t\t\t\t<div class=\"button-list-wrapper wrapper-spacing-default  \"><div class=\"button-list-title\"><h2>Nos valeurs<\/h2><\/div><div class=\"button-list-container\"><div class=\"button-list-text\"><p>\u00abLa force de la communaut\u00e9 se mesure au bien-\u00eatre du plus faible de ses membres\u00bb, peut-on lire dans la Constitution f\u00e9d\u00e9rale. Nous nous engageons pour une soci\u00e9t\u00e9 o\u00f9 tout un chacun peut s\u2019\u00e9panouir librement, mais o\u00f9 il existe aussi un filet social qui emp\u00eache qu\u2019une personne se retrouve dans une situation pr\u00e9caire. Le PS veut une \u00e9conomie au service de l\u2019homme et non l\u2019inverse. Quiconque travaille en Suisse, qui est un pays riche, doit pouvoir vivre de son salaire. Nous sommes convaincus que, pour avancer, il faut \u00eatre solidaire. La Suisse dispose d\u2019un r\u00e9seau social solide et d\u2019infrastructures publiques de qualit\u00e9. Le PS y est pour beaucoup. Sans lui, il n\u2019y aurait par exemple pas d\u2019AVS, pas d\u2019assurance maternit\u00e9 et pas de droit de vote des femmes.<\/p>\n<blockquote><p><strong>Depuis 125 ans, le PS s'engage en faveur d'une politique pour tous, sans privil\u00e8ges. Nous disons oui \u00e0 une Suisse qui rassemble et non \u00e0 une Suisse qui exclut.<\/strong><\/p><\/blockquote>\n<p>Mais il ne faut pas en rester l\u00e0. Nous sommes persuad\u00e9s que la Suisse peut devenir plus \u00e9quitable, plus novatrice et plus progressiste.<br \/>\nSi nous misons syst\u00e9matiquement sur les \u00e9nergies renouvelables, nous prot\u00e9gerons notre environnement et cr\u00e9erons des emplois novateurs et conformes au d\u00e9veloppement durable. Si nous misons sur la formation et l\u2019int\u00e9gration, nous cr\u00e9erons des perspectives et pr\u00e9viendrons le ch\u00f4mage. Si nous investissons dans la construction de logements en coop\u00e9rative, nous contribuerons \u00e0 freiner la sp\u00e9culation fonci\u00e8re et veillerons \u00e0 la mise \u00e0 disposition de logements \u00e0 des prix abordables. Pour r\u00e9sumer : le PS s'engage en faveur d'une politique destin\u00e9e \u00e0 toutes et tous et non \u00e0 une poign\u00e9e de privil\u00e9gi\u00e9s.<\/p>\n<\/div><\/div><\/div>\t\t\t\t<\/div>\n\t\t\t\t<\/div>\n\t\t\t\t<div class=\"elementor-element elementor-element-18d09c4 elementor-widget elementor-widget-spps_button_list\" data-id=\"18d09c4\" data-element_type=\"widget\" data-widget_type=\"spps_button_list.default\">\n\t\t\t\t<div class=\"elementor-widget-container\">\n\t\t\t\t\t<div class=\"button-list-wrapper wrapper-spacing-small  \"><div class=\"button-list-title\"><h3>Programme du parti <\/h3><\/div><div class=\"button-list-container\"><\/div><\/div>\t\t\t\t<\/div>\n\t\t\t\t<\/div>\n\t\t\t\t\t<\/div>\n\t\t<\/div>\n\t\t\t\t\t<\/div>\n\t\t<\/section>\n\t\t\t\t<\/div>\n\t\t","protected":false},"excerpt":{"rendered":"<p>Nos valeurs \u00abLa force de la communaut\u00e9 se mesure au bien-\u00eatre du plus faible de ses membres\u00bb, peut-on lire dans la Constitution f\u00e9d\u00e9rale. Nous nous engageons pour une soci\u00e9t\u00e9 o\u00f9 [&hellip;]<\/p>\n","protected":false},"author":1,"featured_media":0,"parent":17509,"menu_order":0,"comment_status":"closed","ping_status":"closed","template":"","meta":{"footnotes":""},"class_list":["post-30440","page","type-page","status-publish","hentry"],"_links":{"self":[{"href":"https:\/\/spbe.ch\/fr\/wp-json\/wp\/v2\/pages\/30440","targetHints":{"allow":["GET"]}}],"collection":[{"href":"https:\/\/spbe.ch\/fr\/wp-json\/wp\/v2\/pages"}],"about":[{"href":"https:\/\/spbe.ch\/fr\/wp-json\/wp\/v2\/types\/page"}],"author":[{"embeddable":true,"href":"https:\/\/spbe.ch\/fr\/wp-json\/wp\/v2\/users\/1"}],"replies":[{"embeddable":true,"href":"https:\/\/spbe.ch\/fr\/wp-json\/wp\/v2\/comments?post=30440"}],"version-history":[{"count":2,"href":"https:\/\/spbe.ch\/fr\/wp-json\/wp\/v2\/pages\/30440\/revisions"}],"predecessor-version":[{"id":83810,"href":"https:\/\/spbe.ch\/fr\/wp-json\/wp\/v2\/pages\/30440\/revisions\/83810"}],"up":[{"embeddable":true,"href":"https:\/\/spbe.ch\/fr\/wp-json\/wp\/v2\/pages\/17509"}],"wp:attachment":[{"href":"https:\/\/spbe.ch\/fr\/wp-json\/wp\/v2\/media?parent=30440"}],"curies":[{"name":"wp","href":"https:\/\/api.w.org\/{rel}","templated":true}]}}