{"id":30483,"date":"2022-06-30T16:58:12","date_gmt":"2022-06-30T14:58:12","guid":{"rendered":"https:\/\/test.sp-ps.ch\/parti\/nous-sommes-le-ps\/"},"modified":"2024-02-16T11:37:16","modified_gmt":"2024-02-16T10:37:16","slug":"nous-sommes-le-ps","status":"publish","type":"page","link":"https:\/\/spbe.ch\/fr\/parti\/nous-sommes-le-ps\/","title":{"rendered":"Qui sommes-nous?"},"content":{"rendered":"\t\t<div data-elementor-type=\"wp-page\" data-elementor-id=\"30483\" class=\"elementor elementor-30483 elementor-460\" data-elementor-post-type=\"page\">\n\t\t\t\t\t\t<section class=\"elementor-section elementor-top-section elementor-element elementor-element-68d139b elementor-section-boxed elementor-section-height-default elementor-section-height-default\" data-id=\"68d139b\" data-element_type=\"section\" data-settings=\"{&quot;jet_parallax_layout_list&quot;:[],&quot;background_background&quot;:&quot;classic&quot;}\">\n\t\t\t\t\t\t<div class=\"elementor-container elementor-column-gap-wide\">\n\t\t\t\t\t<div class=\"elementor-column elementor-col-100 elementor-top-column elementor-element elementor-element-4fe8aef\" data-id=\"4fe8aef\" data-element_type=\"column\">\n\t\t\t<div class=\"elementor-widget-wrap elementor-element-populated\">\n\t\t\t\t\t\t<div class=\"elementor-element elementor-element-c7ac865 elementor-widget elementor-widget-heading\" data-id=\"c7ac865\" data-element_type=\"widget\" data-widget_type=\"heading.default\">\n\t\t\t\t<div class=\"elementor-widget-container\">\n\t\t\t\t\t<h1 class=\"elementor-heading-title elementor-size-default\">Qui sommes-nous? <\/h1>\t\t\t\t<\/div>\n\t\t\t\t<\/div>\n\t\t\n\t\t<div class=\"elementor-element elementor-element-fa8696f elementor-widget elementor-widget-jet-breadcrumbs\" data-id=\"fa8696f\" data-element_type=\"widget\" data-widget_type=\"jet-breadcrumbs.default\">\n\t\t\t\t<div class=\"elementor-widget-container\">\n\t\t\t\t\t<div class=\"elementor-jet-breadcrumbs jet-blocks\">\n\t\t<div class=\"jet-breadcrumbs\">\n\t\t<div class=\"jet-breadcrumbs__content\">\n\t\t<div class=\"jet-breadcrumbs__wrap\">\n\t\t<\/div>\n\t\t<\/div>\n\t\t<\/div><\/div>\t\t\t\t<\/div>\n\t\t\t\t<\/div>\n\t\t\t\t<div class=\"elementor-element elementor-element-e59ead4 elementor-widget__width-initial elementor-widget elementor-widget-text-editor\" data-id=\"e59ead4\" data-element_type=\"widget\" data-widget_type=\"text-editor.default\">\n\t\t\t\t<div class=\"elementor-widget-container\">\n\t\t\t\t\t\t\t\t\t<p>Le parti socialiste du canton de Berne compte environ 6\u2018500 membres francophones ou germanophones dans plus de 130 sections et 7 partis r\u00e9gionaux. Il est la section cantonale du PS Suisse comptant le plus de membres. Le PS du canton de Berne s\u2019engage pour une politique sociale, juste et \u00e9cologique.<\/p>\n\t\t\t\t\t\t\t\t<\/div>\n\t\t\t\t<\/div>\n\t\t\t\t\t<\/div>\n\t\t<\/div>\n\t\t\t\t\t<\/div>\n\t\t<\/section>\n\t\t\t\t<section class=\"elementor-section elementor-top-section elementor-element elementor-element-a2c3673 elementor-section-boxed elementor-section-height-default elementor-section-height-default\" data-id=\"a2c3673\" data-element_type=\"section\" data-settings=\"{&quot;jet_parallax_layout_list&quot;:[]}\">\n\t\t\t\t\t\t<div class=\"elementor-container elementor-column-gap-default\">\n\t\t\t\t\t<div class=\"elementor-column elementor-col-100 elementor-top-column elementor-element elementor-element-4ab25a2\" data-id=\"4ab25a2\" data-element_type=\"column\">\n\t\t\t<div class=\"elementor-widget-wrap elementor-element-populated\">\n\t\t\t\t\t\t<div class=\"elementor-element elementor-element-463c906 elementor-widget elementor-widget-spps_title_text\" data-id=\"463c906\" data-element_type=\"widget\" data-widget_type=\"spps_title_text.default\">\n\t\t\t\t<div class=\"elementor-widget-container\">\n\t\t\t\t\t<div class=\"title-text-wrapper wrapper-spacing-small\"><div class=\"title-text-title\"><h3>Organisation<\/h3><\/div><div class=\"title-text-container\"><div class=\"title-text-text\"><div class=\"body\">L\u2019organe supr\u00eame du parti est le congr\u00e8s, qui se r\u00e9unit 2-4 fois par an. Il d\u00e9cide du lancement d\u2019initiatives cantonales, et des candidatures au Conseil-ex\u00e9cutif, au Conseil national et au Conseil des Etats. Il \u00e9lit les instances du parti et approuve finances et statuts. Le comit\u00e9 directeur est l\u2019instance dirigeante du parti. Il traite les th\u00e8mes politiques actuels et \u00e9met des recommandations de vote.<\/div>\n<\/div><\/div><\/div>\t\t\t\t<\/div>\n\t\t\t\t<\/div>\n\t\t\t\t\t<\/div>\n\t\t<\/div>\n\t\t\t\t\t<\/div>\n\t\t<\/section>\n\t\t\t\t<section class=\"elementor-section elementor-top-section elementor-element elementor-element-0651586 elementor-section-boxed elementor-section-height-default elementor-section-height-default\" data-id=\"0651586\" data-element_type=\"section\" data-settings=\"{&quot;jet_parallax_layout_list&quot;:[]}\">\n\t\t\t\t\t\t<div class=\"elementor-container elementor-column-gap-default\">\n\t\t\t\t\t<div class=\"elementor-column elementor-col-100 elementor-top-column elementor-element elementor-element-48d8f2e\" data-id=\"48d8f2e\" data-element_type=\"column\">\n\t\t\t<div class=\"elementor-widget-wrap elementor-element-populated\">\n\t\t\t\t\t\t<div class=\"elementor-element elementor-element-6affd52 elementor-widget elementor-widget-spps_button_list\" data-id=\"6affd52\" data-element_type=\"widget\" data-widget_type=\"spps_button_list.default\">\n\t\t\t\t<div class=\"elementor-widget-container\">\n\t\t\t\t\t<div class=\"button-list-wrapper   \"><div class=\"button-list-title\"><h3> Statuts<\/h3><\/div><div class=\"button-list-container\"><div class=\"button-list-text\"><p>Le PS du canton de Berne \u2013 comme tous les autres partis politiques \u2013 est une association selon art. 60 sq du Code civil. L\u2019organisation du PS et ses objectifs sont fix\u00e9s dans les statuts.<\/p>\n<\/div><div class=\"button-list-items\"><div class=\"button-list-item\"><div class=\"button-wrapper \"><a href=\"https:\/\/spbe.ch\/wp-content\/uploads\/2024\/02\/20250628_Statuten_SPBE_f.pdf\"  target=\"_self\" class=\"button-link button-link-download\" >Statuts du PS du canton de Berne<span class=\"button-media-date\">02.07.2025<\/span><\/a><\/div><\/div><\/div><\/div><\/div>\t\t\t\t<\/div>\n\t\t\t\t<\/div>\n\t\t\t\t\t<\/div>\n\t\t<\/div>\n\t\t\t\t\t<\/div>\n\t\t<\/section>\n\t\t\t\t<\/div>\n\t\t","protected":false},"excerpt":{"rendered":"<p>Qui sommes-nous? Le parti socialiste du canton de Berne compte environ 6\u2018500 membres francophones ou germanophones dans plus de 130 sections et 7 partis r\u00e9gionaux. Il est la section cantonale [&hellip;]<\/p>\n","protected":false},"author":1,"featured_media":0,"parent":30425,"menu_order":0,"comment_status":"closed","ping_status":"closed","template":"","meta":{"footnotes":""},"class_list":["post-30483","page","type-page","status-publish","hentry"],"_links":{"self":[{"href":"https:\/\/spbe.ch\/fr\/wp-json\/wp\/v2\/pages\/30483","targetHints":{"allow":["GET"]}}],"collection":[{"href":"https:\/\/spbe.ch\/fr\/wp-json\/wp\/v2\/pages"}],"about":[{"href":"https:\/\/spbe.ch\/fr\/wp-json\/wp\/v2\/types\/page"}],"author":[{"embeddable":true,"href":"https:\/\/spbe.ch\/fr\/wp-json\/wp\/v2\/users\/1"}],"replies":[{"embeddable":true,"href":"https:\/\/spbe.ch\/fr\/wp-json\/wp\/v2\/comments?post=30483"}],"version-history":[{"count":12,"href":"https:\/\/spbe.ch\/fr\/wp-json\/wp\/v2\/pages\/30483\/revisions"}],"predecessor-version":[{"id":88183,"href":"https:\/\/spbe.ch\/fr\/wp-json\/wp\/v2\/pages\/30483\/revisions\/88183"}],"up":[{"embeddable":true,"href":"https:\/\/spbe.ch\/fr\/wp-json\/wp\/v2\/pages\/30425"}],"wp:attachment":[{"href":"https:\/\/spbe.ch\/fr\/wp-json\/wp\/v2\/media?parent=30483"}],"curies":[{"name":"wp","href":"https:\/\/api.w.org\/{rel}","templated":true}]}}