{"id":35134,"date":"2022-08-05T09:58:00","date_gmt":"2022-08-05T07:58:00","guid":{"rendered":"https:\/\/test.sp-ps.ch\/sabonner-a-la-lettre-dinformation\/"},"modified":"2022-10-03T14:58:38","modified_gmt":"2022-10-03T12:58:38","slug":"sabonner-a-la-lettre-dinformation","status":"publish","type":"page","link":"https:\/\/spbe.ch\/fr\/sabonner-a-la-lettre-dinformation\/","title":{"rendered":"S&#8217;abonner \u00e0 la lettre d&#8217;information"},"content":{"rendered":"\t\t<div data-elementor-type=\"wp-page\" data-elementor-id=\"35134\" class=\"elementor elementor-35134 elementor-35123\" data-elementor-post-type=\"page\">\n\t\t\t\t\t\t<section class=\"elementor-section elementor-top-section elementor-element elementor-element-13d37b9 elementor-section-boxed elementor-section-height-default elementor-section-height-default\" data-id=\"13d37b9\" data-element_type=\"section\" data-settings=\"{&quot;jet_parallax_layout_list&quot;:[],&quot;background_background&quot;:&quot;classic&quot;}\">\n\t\t\t\t\t\t<div class=\"elementor-container elementor-column-gap-wide\">\n\t\t\t\t\t<div class=\"elementor-column elementor-col-100 elementor-top-column elementor-element elementor-element-29d8ccad\" data-id=\"29d8ccad\" data-element_type=\"column\">\n\t\t\t<div class=\"elementor-widget-wrap elementor-element-populated\">\n\t\t\t\t\t\t<div class=\"elementor-element elementor-element-759545b9 elementor-widget elementor-widget-heading\" data-id=\"759545b9\" data-element_type=\"widget\" data-widget_type=\"heading.default\">\n\t\t\t\t<div class=\"elementor-widget-container\">\n\t\t\t\t\t<h1 class=\"elementor-heading-title elementor-size-default\"> S'abonner \u00e0 la lettre d'information<\/h1>\t\t\t\t<\/div>\n\t\t\t\t<\/div>\n\t\t\n\t\t<div class=\"elementor-element elementor-element-471043b5 elementor-widget elementor-widget-jet-breadcrumbs\" data-id=\"471043b5\" data-element_type=\"widget\" data-widget_type=\"jet-breadcrumbs.default\">\n\t\t\t\t<div class=\"elementor-widget-container\">\n\t\t\t\t\t<div class=\"elementor-jet-breadcrumbs jet-blocks\">\n\t\t<div class=\"jet-breadcrumbs\">\n\t\t<div class=\"jet-breadcrumbs__content\">\n\t\t<div class=\"jet-breadcrumbs__wrap\">\n\t\t<\/div>\n\t\t<\/div>\n\t\t<\/div><\/div>\t\t\t\t<\/div>\n\t\t\t\t<\/div>\n\t\t\t\t<div class=\"elementor-element elementor-element-12caca1c elementor-widget elementor-widget-text-editor\" data-id=\"12caca1c\" data-element_type=\"widget\" data-widget_type=\"text-editor.default\">\n\t\t\t\t<div class=\"elementor-widget-container\">\n\t\t\t\t\t\t\t\t\tVous vous int\u00e9ressez aux activit\u00e9s du PS ? Nous vous tenons volontiers au courant. Abonnez-vous \u00e0 notre lettre d\u2019informations et recevez r\u00e9guli\u00e8rement des nouvelles sur l\u2019actualit\u00e9 politique et les votations \u00e0 venir. Vous pouvez \u00e9galement vous abonner \u00e0 nos communiqu\u00e9s de presse et \u00e0 notre service de presse \u00e9lectronique.\r\n<br>\r\nEn vous inscrivant \u00e0 la lettre d&#8217;information, vous acceptez que le PS vous tienne inform\u00e9.\t\t\t\t\t\t\t\t<\/div>\n\t\t\t\t<\/div>\n\t\t\t\t\t<\/div>\n\t\t<\/div>\n\t\t\t\t\t<\/div>\n\t\t<\/section>\n\t\t\t\t<section class=\"elementor-section elementor-top-section elementor-element elementor-element-d18c29c elementor-section-boxed elementor-section-height-default elementor-section-height-default\" data-id=\"d18c29c\" data-element_type=\"section\" data-settings=\"{&quot;jet_parallax_layout_list&quot;:[]}\">\n\t\t\t\t\t\t<div class=\"elementor-container elementor-column-gap-wide\">\n\t\t\t\t\t<div class=\"elementor-column elementor-col-100 elementor-top-column elementor-element elementor-element-9243c0d\" data-id=\"9243c0d\" data-element_type=\"column\">\n\t\t\t<div class=\"elementor-widget-wrap elementor-element-populated\">\n\t\t\t\t\t\t<div class=\"elementor-element elementor-element-2331c49 elementor-widget elementor-widget-spacer\" data-id=\"2331c49\" data-element_type=\"widget\" data-widget_type=\"spacer.default\">\n\t\t\t\t<div class=\"elementor-widget-container\">\n\t\t\t\t\t\t\t<div class=\"elementor-spacer\">\n\t\t\t<div class=\"elementor-spacer-inner\"><\/div>\n\t\t<\/div>\n\t\t\t\t\t\t<\/div>\n\t\t\t\t<\/div>\n\t\t\t\t<div class=\"elementor-element elementor-element-e1275a1 elementor-widget elementor-widget-wpforms\" data-id=\"e1275a1\" data-element_type=\"widget\" data-widget_type=\"wpforms.default\">\n\t\t\t\t<div class=\"elementor-widget-container\">\n\t\t\t\t\t<div class=\"wpforms-container wpforms-container-full\" id=\"wpforms-35119\"><form id=\"wpforms-form-35119\" class=\"wpforms-validate wpforms-form wpforms-ajax-form\" data-formid=\"35119\" method=\"post\" enctype=\"multipart\/form-data\" action=\"\/fr\/wp-json\/wp\/v2\/pages\/35134\" data-token=\"1336994e7bfe6a979fd20238bb1cb4ee\" data-token-time=\"1776238714\"><noscript class=\"wpforms-error-noscript\">Veuillez activer JavaScript dans votre navigateur pour remplir ce formulaire.<\/noscript><div class=\"wpforms-field-container\"><div id=\"wpforms-35119-field_4-container\" class=\"wpforms-field wpforms-field-radio\" data-field-id=\"4\"><label class=\"wpforms-field-label\">Geschlecht <span class=\"wpforms-required-label\">*<\/span><\/label><ul id=\"wpforms-35119-field_4\" class=\"wpforms-field-required\"><li class=\"choice-1 depth-1\"><input type=\"radio\" id=\"wpforms-35119-field_4_1\" name=\"wpforms[fields][4]\" value=\"weiblich \" required ><label class=\"wpforms-field-label-inline\" for=\"wpforms-35119-field_4_1\">weiblich<\/label><\/li><li class=\"choice-2 depth-1\"><input type=\"radio\" id=\"wpforms-35119-field_4_2\" name=\"wpforms[fields][4]\" value=\"m\u00e4nnlich\" required ><label class=\"wpforms-field-label-inline\" for=\"wpforms-35119-field_4_2\">m\u00e4nnlich<\/label><\/li><li class=\"choice-3 depth-1\"><input type=\"radio\" id=\"wpforms-35119-field_4_3\" name=\"wpforms[fields][4]\" value=\"anderes\" required ><label class=\"wpforms-field-label-inline\" for=\"wpforms-35119-field_4_3\">anderes<\/label><\/li><\/ul><\/div><div id=\"wpforms-35119-field_7-container\" class=\"wpforms-field wpforms-field-name wpforms-one-half wpforms-first\" data-field-id=\"7\"><label class=\"wpforms-field-label\" for=\"wpforms-35119-field_7\">Vorname <span class=\"wpforms-required-label\">*<\/span><\/label><input type=\"text\" id=\"wpforms-35119-field_7\" class=\"wpforms-field-large wpforms-field-required\" name=\"wpforms[fields][7]\" required><\/div>\t\t<div id=\"wpforms-35119-field_1-container\"\n\t\t\tclass=\"wpforms-field wpforms-field-text\"\n\t\t\tdata-field-type=\"text\"\n\t\t\tdata-field-id=\"1\"\n\t\t\t>\n\t\t\t<label class=\"wpforms-field-label\" for=\"wpforms-35119-field_1\" >Vorname Postleitzahl Telefon<\/label>\n\t\t\t<input type=\"text\" id=\"wpforms-35119-field_1\" class=\"wpforms-field-medium\" name=\"wpforms[fields][1]\" >\n\t\t<\/div>\n\t\t<div id=\"wpforms-35119-field_31-container\" class=\"wpforms-field wpforms-field-name wpforms-one-half\" data-field-id=\"31\"><label class=\"wpforms-field-label\" for=\"wpforms-35119-field_31\">Nachname <span class=\"wpforms-required-label\">*<\/span><\/label><input type=\"text\" id=\"wpforms-35119-field_31\" class=\"wpforms-field-large wpforms-field-required\" name=\"wpforms[fields][31]\" required><\/div><div id=\"wpforms-35119-field_8-container\" class=\"wpforms-field wpforms-field-email\" data-field-id=\"8\"><label class=\"wpforms-field-label\" for=\"wpforms-35119-field_8\">E-Mail <span class=\"wpforms-required-label\">*<\/span><\/label><input type=\"email\" id=\"wpforms-35119-field_8\" class=\"wpforms-field-large wpforms-field-required\" name=\"wpforms[fields][8]\" spellcheck=\"false\" required><\/div><div id=\"wpforms-35119-field_10-container\" class=\"wpforms-field wpforms-field-phone\" data-field-id=\"10\"><label class=\"wpforms-field-label\" for=\"wpforms-35119-field_10\">Telefon<\/label><input type=\"tel\" id=\"wpforms-35119-field_10\" class=\"wpforms-field-large\" data-rule-int-phone-field=\"true\" name=\"wpforms[fields][10]\" aria-label=\"Telefon\" ><div class=\"wpforms-field-description\">So k\u00f6nnen wir dich z.B. per SMS in dringenden F\u00e4llen \u2013bei kurzfristigen Aktionen oder wichtigen Abstimmungen \u2013 erreichen.<\/div><\/div><div id=\"wpforms-35119-field_33-container\" class=\"wpforms-field wpforms-field-number\" data-field-id=\"33\"><label class=\"wpforms-field-label\" for=\"wpforms-35119-field_33\">Postleitzahl<\/label><input type=\"number\" id=\"wpforms-35119-field_33\" class=\"wpforms-field-large\" name=\"wpforms[fields][33]\" step=\"any\" ><div class=\"wpforms-field-description\">So k\u00f6nnen wir dich gezielt \u00fcber Veranstaltungen in deiner Region oder wichtige lokale Themen informieren. <\/div><\/div><div id=\"wpforms-35119-field_36-container\" class=\"wpforms-field wpforms-field-hidden\" data-field-id=\"36\"><input type=\"hidden\" id=\"wpforms-35119-field_36\" name=\"wpforms[fields][36]\" value=\"fr\"><\/div><script>\n\t\t\t\t( function() {\n\t\t\t\t\tconst style = document.createElement( 'style' );\n\t\t\t\t\tstyle.appendChild( document.createTextNode( '#wpforms-35119-field_1-container { position: absolute !important; overflow: hidden !important; display: inline !important; height: 1px !important; width: 1px !important; z-index: -1000 !important; padding: 0 !important; } #wpforms-35119-field_1-container input { visibility: hidden; } #wpforms-conversational-form-page #wpforms-35119-field_1-container label { counter-increment: none; }' ) );\n\t\t\t\t\tdocument.head.appendChild( style );\n\t\t\t\t\tdocument.currentScript?.remove();\n\t\t\t\t} )();\n\t\t\t<\/script><\/div><!-- .wpforms-field-container --><div class=\"wpforms-submit-container\" ><input type=\"hidden\" name=\"wpforms[id]\" value=\"35119\"><input type=\"hidden\" name=\"page_title\" value=\"\"><input type=\"hidden\" name=\"page_url\" value=\"https:\/\/spbe.ch\/fr\/wp-json\/wp\/v2\/pages\/35134\"><input type=\"hidden\" name=\"url_referer\" value=\"\"><button type=\"submit\" name=\"wpforms[submit]\" id=\"wpforms-submit-35119\" class=\"wpforms-submit\" data-alt-text=\"Senden\u2026\" data-submit-text=\"Absenden\" aria-live=\"assertive\" value=\"wpforms-submit\">Absenden<\/button><img decoding=\"async\" src=\"https:\/\/spbe.ch\/wp-content\/plugins\/wpforms\/assets\/images\/submit-spin.svg\" class=\"wpforms-submit-spinner\" style=\"display: none;\" width=\"26\" height=\"26\" alt=\"Chargement en cours\"><\/div><\/form><\/div>  <!-- .wpforms-container -->\t\t\t\t<\/div>\n\t\t\t\t<\/div>\n\t\t\t\t\t<\/div>\n\t\t<\/div>\n\t\t\t\t\t<\/div>\n\t\t<\/section>\n\t\t\t\t<\/div>\n\t\t","protected":false},"excerpt":{"rendered":"<p>S&#8217;abonner \u00e0 la lettre d&#8217;information Vous vous int\u00e9ressez aux activit\u00e9s du PS ? Nous vous tenons volontiers au courant. Abonnez-vous \u00e0 notre lettre d\u2019informations et recevez r\u00e9guli\u00e8rement des nouvelles sur [&hellip;]<\/p>\n","protected":false},"author":1,"featured_media":0,"parent":0,"menu_order":7,"comment_status":"closed","ping_status":"closed","template":"","meta":{"footnotes":""},"class_list":["post-35134","page","type-page","status-publish","hentry"],"_links":{"self":[{"href":"https:\/\/spbe.ch\/fr\/wp-json\/wp\/v2\/pages\/35134","targetHints":{"allow":["GET"]}}],"collection":[{"href":"https:\/\/spbe.ch\/fr\/wp-json\/wp\/v2\/pages"}],"about":[{"href":"https:\/\/spbe.ch\/fr\/wp-json\/wp\/v2\/types\/page"}],"author":[{"embeddable":true,"href":"https:\/\/spbe.ch\/fr\/wp-json\/wp\/v2\/users\/1"}],"replies":[{"embeddable":true,"href":"https:\/\/spbe.ch\/fr\/wp-json\/wp\/v2\/comments?post=35134"}],"version-history":[{"count":2,"href":"https:\/\/spbe.ch\/fr\/wp-json\/wp\/v2\/pages\/35134\/revisions"}],"predecessor-version":[{"id":83803,"href":"https:\/\/spbe.ch\/fr\/wp-json\/wp\/v2\/pages\/35134\/revisions\/83803"}],"wp:attachment":[{"href":"https:\/\/spbe.ch\/fr\/wp-json\/wp\/v2\/media?parent=35134"}],"curies":[{"name":"wp","href":"https:\/\/api.w.org\/{rel}","templated":true}]}}