{"id":80382,"date":"2022-09-20T01:14:06","date_gmt":"2022-09-19T23:14:06","guid":{"rendered":"https:\/\/www.sp-ps.ch\/shop-ps-suisse\/"},"modified":"2023-06-21T11:39:54","modified_gmt":"2023-06-21T09:39:54","slug":"shop-sections","status":"publish","type":"page","link":"https:\/\/spbe.ch\/fr\/shop-sections\/","title":{"rendered":"Shop PS Suisse"},"content":{"rendered":"\t\t<div data-elementor-type=\"wp-page\" data-elementor-id=\"80382\" class=\"elementor elementor-80382 elementor-80361\" data-elementor-post-type=\"page\">\n\t\t\t\t\t\t<section class=\"elementor-section elementor-top-section elementor-element elementor-element-ff4ce27 elementor-section-boxed elementor-section-height-default elementor-section-height-default\" data-id=\"ff4ce27\" data-element_type=\"section\" data-settings=\"{&quot;jet_parallax_layout_list&quot;:[]}\">\n\t\t\t\t\t\t<div class=\"elementor-container elementor-column-gap-default\">\n\t\t\t\t\t<div class=\"elementor-column elementor-col-100 elementor-top-column elementor-element elementor-element-0d1c9fc\" data-id=\"0d1c9fc\" data-element_type=\"column\">\n\t\t\t<div class=\"elementor-widget-wrap elementor-element-populated\">\n\t\t\t\t\n\t\t<div class=\"elementor-element elementor-element-de7ef30 elementor-widget elementor-widget-spps_title_text\" data-id=\"de7ef30\" data-element_type=\"widget\" data-widget_type=\"spps_title_text.default\">\n\t\t\t\t<div class=\"elementor-widget-container\">\n\t\t\t\t\t<div class=\"title-text-wrapper wrapper-spacing-default\"><div class=\"title-text-title\"><h2>Shop PS Canton du Berne<\/h2><\/div><div class=\"title-text-container\"><div class=\"title-text-text\"><p>Les sections et les partis cantonaux peuvent commander ici divers mat\u00e9riels pour le recrutement de membres et d'autres aspects du travail des sections. Nous mettons par exemple \u00e0 votre disposition des brochures, des manuels de section, des ballons et autres give-aways. Veuillez noter que certains produits sont payants.<\/p><\/div><\/div><\/div>\t\t\t\t<\/div>\n\t\t\t\t<\/div>\n\t\t\t\t\t<\/div>\n\t\t<\/div>\n\t\t\t\t\t<\/div>\n\t\t<\/section>\n\t\t\t\t<section class=\"elementor-section elementor-top-section elementor-element elementor-element-6d8dc35 elementor-section-boxed elementor-section-height-default elementor-section-height-default\" data-id=\"6d8dc35\" data-element_type=\"section\" data-settings=\"{&quot;jet_parallax_layout_list&quot;:[]}\">\n\t\t\t\t\t\t<div class=\"elementor-container elementor-column-gap-default\">\n\t\t\t\t\t<div class=\"elementor-column elementor-col-100 elementor-top-column elementor-element elementor-element-b0e4f39\" data-id=\"b0e4f39\" data-element_type=\"column\">\n\t\t\t<div class=\"elementor-widget-wrap elementor-element-populated\">\n\t\t\t\t\t\t<div class=\"elementor-element elementor-element-ea5f669 elementor-widget elementor-widget-wpforms\" data-id=\"ea5f669\" data-element_type=\"widget\" data-widget_type=\"wpforms.default\">\n\t\t\t\t<div class=\"elementor-widget-container\">\n\t\t\t\t\t<div class=\"wpforms-container wpforms-container-full\" id=\"wpforms-86864\"><form id=\"wpforms-form-86864\" class=\"wpforms-validate wpforms-form wpforms-ajax-form\" data-formid=\"86864\" method=\"post\" enctype=\"multipart\/form-data\" action=\"\/fr\/wp-json\/wp\/v2\/pages\/80382\" data-token=\"34957673a319ae6409728f51d2d2b097\" data-token-time=\"1775573779\"><noscript class=\"wpforms-error-noscript\">Veuillez activer JavaScript dans votre navigateur pour remplir ce formulaire.<\/noscript><div class=\"wpforms-page-indicator progress\" data-indicator=\"progress\" data-indicator-color=\"#72b239\" data-scroll=\"1\"><span class=\"wpforms-page-indicator-page-title\" ><\/span><span class=\"wpforms-page-indicator-page-title-sep\" style=\"display:none;\"> - <\/span><span class=\"wpforms-page-indicator-steps\">Step <span class=\"wpforms-page-indicator-steps-current\">1<\/span> of 2<\/span><div class=\"wpforms-page-indicator-page-progress-wrap\"><div class=\"wpforms-page-indicator-page-progress\" style=\"width:50%;background-color:#72b239\"><\/div><\/div><\/div><div class=\"wpforms-field-container\"><div class=\"wpforms-page wpforms-page-1 \" data-page=\"1\"><div id=\"wpforms-86864-field_40-container\" class=\"wpforms-field wpforms-field-pagebreak\" data-field-id=\"40\"><\/div><div id=\"wpforms-86864-field_34-container\" class=\"wpforms-field wpforms-field-divider\" data-field-id=\"34\"><h3 id=\"wpforms-86864-field_34\">Mitgliedergewinnung<\/h3><\/div><div id=\"wpforms-86864-field_1-container\" class=\"wpforms-field wpforms-field-number-slider\" data-field-id=\"1\"><label class=\"wpforms-field-label\" for=\"wpforms-86864-field_1\">Bierdeckel mit SP Logo und Anmeldeformular<\/label>\n<input\n\ttype=\"range\"\n\tid=\"wpforms-86864-field_1\" class=\"wpforms-field-medium\" name=\"wpforms[fields][1]\" value=\"0\"\t\tmin=\"0\"\n\tmax=\"100\"\n\tstep=\"1\">\n\n<div class=\"wpforms-field-number-slider-hint\"\n\tdata-hint=\"Gew\u00e4hlter Wert: {value}\">\n\tGew\u00e4hlter Wert: <b>0<\/b><\/div>\n<\/div><div id=\"wpforms-86864-field_8-container\" class=\"wpforms-field wpforms-field-number-slider\" data-field-id=\"8\"><label class=\"wpforms-field-label\" for=\"wpforms-86864-field_8\">SP Frauen-Postkarte mit Beitrittsaufruf (A5)<\/label>\n<input\n\ttype=\"range\"\n\tid=\"wpforms-86864-field_8\" class=\"wpforms-field-medium\" name=\"wpforms[fields][8]\" value=\"0\"\t\tmin=\"0\"\n\tmax=\"100\"\n\tstep=\"1\">\n\n<div class=\"wpforms-field-number-slider-hint\"\n\tdata-hint=\"Gew\u00e4hlter Wert: {value}\">\n\tGew\u00e4hlter Wert: <b>0<\/b><\/div>\n<\/div><div id=\"wpforms-86864-field_35-container\" class=\"wpforms-field wpforms-field-divider\" data-field-id=\"35\"><h3 id=\"wpforms-86864-field_35\">Promo-Material<\/h3><\/div><div id=\"wpforms-86864-field_6-container\" class=\"wpforms-field wpforms-field-number-slider\" data-field-id=\"6\"><label class=\"wpforms-field-label\" for=\"wpforms-86864-field_6\">Fahne &quot;F\u00fcr einen sozialen Kanton Bern&quot;<\/label>\n<input\n\ttype=\"range\"\n\tid=\"wpforms-86864-field_6\" class=\"wpforms-field-medium\" name=\"wpforms[fields][6]\" value=\"0\"\t\tmin=\"0\"\n\tmax=\"2\"\n\tstep=\"1\">\n\n<div class=\"wpforms-field-number-slider-hint\"\n\tdata-hint=\"Gew\u00e4hlter Wert: {value}\">\n\tGew\u00e4hlter Wert: <b>0<\/b><\/div>\n<div class=\"wpforms-field-description\">40x80 cm<\/div><\/div><div id=\"wpforms-86864-field_20-container\" class=\"wpforms-field wpforms-field-number-slider\" data-field-id=\"20\"><label class=\"wpforms-field-label\" for=\"wpforms-86864-field_20\">Fahne mit SP Logo (Fr. 20.-\/St\u00fcck)<\/label>\n<input\n\ttype=\"range\"\n\tid=\"wpforms-86864-field_20\" class=\"wpforms-field-medium\" name=\"wpforms[fields][20]\" value=\"0\"\t\tmin=\"0\"\n\tmax=\"10\"\n\tstep=\"1\">\n\n<div class=\"wpforms-field-number-slider-hint\"\n\tdata-hint=\"Gew\u00e4hlter Wert: {value}\">\n\tGew\u00e4hlter Wert: <b>0<\/b><\/div>\n<div class=\"wpforms-field-description\">100x100cm<\/div><\/div><div id=\"wpforms-86864-field_11-container\" class=\"wpforms-field wpforms-field-number-slider\" data-field-id=\"11\"><label class=\"wpforms-field-label\" for=\"wpforms-86864-field_11\">Zahnstocherf\u00e4hnchen &quot;F\u00fcr alle statt f\u00fcr wenige&quot; (Fr. 10.- \/ 100 St\u00fcck)<\/label>\n<input\n\ttype=\"range\"\n\tid=\"wpforms-86864-field_11\" class=\"wpforms-field-medium\" name=\"wpforms[fields][11]\" value=\"0\"\t\tmin=\"0\"\n\tmax=\"100\"\n\tstep=\"1\">\n\n<div class=\"wpforms-field-number-slider-hint\"\n\tdata-hint=\"Gew\u00e4hlter Wert: {value}\">\n\tGew\u00e4hlter Wert: <b>0<\/b><\/div>\n<\/div><div id=\"wpforms-86864-field_9-container\" class=\"wpforms-field wpforms-field-number-slider\" data-field-id=\"9\"><label class=\"wpforms-field-label\" for=\"wpforms-86864-field_9\">SP Frauen-Postkarten mit versch. Frauenspr\u00fcchen (A5)<\/label>\n<input\n\ttype=\"range\"\n\tid=\"wpforms-86864-field_9\" class=\"wpforms-field-medium\" name=\"wpforms[fields][9]\" value=\"0\"\t\tmin=\"0\"\n\tmax=\"100\"\n\tstep=\"1\">\n\n<div class=\"wpforms-field-number-slider-hint\"\n\tdata-hint=\"Gew\u00e4hlter Wert: {value}\">\n\tGew\u00e4hlter Wert: <b>0<\/b><\/div>\n<\/div><div id=\"wpforms-86864-field_13-container\" class=\"wpforms-field wpforms-field-number-slider\" data-field-id=\"13\"><label class=\"wpforms-field-label\" for=\"wpforms-86864-field_13\">Folienmagnet SP 5x5cm (Fr. -.50 \/ St\u00fcck)<\/label>\n<input\n\ttype=\"range\"\n\tid=\"wpforms-86864-field_13\" class=\"wpforms-field-medium\" name=\"wpforms[fields][13]\" value=\"0\"\t\tmin=\"0\"\n\tmax=\"100\"\n\tstep=\"1\">\n\n<div class=\"wpforms-field-number-slider-hint\"\n\tdata-hint=\"Gew\u00e4hlter Wert: {value}\">\n\tGew\u00e4hlter Wert: <b>0<\/b><\/div>\n<\/div><div id=\"wpforms-86864-field_15-container\" class=\"wpforms-field wpforms-field-number-slider\" data-field-id=\"15\"><label class=\"wpforms-field-label\" for=\"wpforms-86864-field_15\">Ballon rot inkl. Schnur (Fr. 40.- \/ 100 St\u00fcck; zu 100% biologisch abbaubar)<\/label>\n<input\n\ttype=\"range\"\n\tid=\"wpforms-86864-field_15\" class=\"wpforms-field-medium\" name=\"wpforms[fields][15]\" value=\"0\"\t\tmin=\"0\"\n\tmax=\"400\"\n\tstep=\"100\">\n\n<div class=\"wpforms-field-number-slider-hint\"\n\tdata-hint=\"Gew\u00e4hlter Wert: {value}\">\n\tGew\u00e4hlter Wert: <b>0<\/b><\/div>\n<\/div><div id=\"wpforms-86864-field_10-container\" class=\"wpforms-field wpforms-field-number-slider\" data-field-id=\"10\"><label class=\"wpforms-field-label\" for=\"wpforms-86864-field_10\">Kleber &quot;F\u00fcr alle statt f\u00fcr wenige&quot;<\/label>\n<input\n\ttype=\"range\"\n\tid=\"wpforms-86864-field_10\" class=\"wpforms-field-medium\" name=\"wpforms[fields][10]\" value=\"0\"\t\tmin=\"0\"\n\tmax=\"100\"\n\tstep=\"1\">\n\n<div class=\"wpforms-field-number-slider-hint\"\n\tdata-hint=\"Gew\u00e4hlter Wert: {value}\">\n\tGew\u00e4hlter Wert: <b>0<\/b><\/div>\n<\/div><div id=\"wpforms-86864-field_55-container\" class=\"wpforms-field wpforms-field-number-slider\" data-field-id=\"55\"><label class=\"wpforms-field-label\" for=\"wpforms-86864-field_55\">Kleber &quot;F\u00fcr einen sozialen Kanton Bern&quot;<\/label>\n<input\n\ttype=\"range\"\n\tid=\"wpforms-86864-field_55\" class=\"wpforms-field-medium\" name=\"wpforms[fields][55]\" value=\"0\"\t\tmin=\"0\"\n\tmax=\"100\"\n\tstep=\"1\">\n\n<div class=\"wpforms-field-number-slider-hint\"\n\tdata-hint=\"Gew\u00e4hlter Wert: {value}\">\n\tGew\u00e4hlter Wert: <b>0<\/b><\/div>\n<\/div><div id=\"wpforms-86864-field_21-container\" class=\"wpforms-field wpforms-field-number-slider\" data-field-id=\"21\"><label class=\"wpforms-field-label\" for=\"wpforms-86864-field_21\">Malbogen (Fr -.40\/St\u00fcck)<\/label>\n<input\n\ttype=\"range\"\n\tid=\"wpforms-86864-field_21\" class=\"wpforms-field-medium\" name=\"wpforms[fields][21]\" value=\"0\"\t\tmin=\"0\"\n\tmax=\"50\"\n\tstep=\"1\">\n\n<div class=\"wpforms-field-number-slider-hint\"\n\tdata-hint=\"Gew\u00e4hlter Wert: {value}\">\n\tGew\u00e4hlter Wert: <b>0<\/b><\/div>\n<\/div><div id=\"wpforms-86864-field_16-container\" class=\"wpforms-field wpforms-field-number-slider\" data-field-id=\"16\"><label class=\"wpforms-field-label\" for=\"wpforms-86864-field_16\">Kugelschreiber rot &quot;F\u00fcr alle statt f\u00fcr wenige&quot; (Fr. -.60\/St\u00fcck)<\/label>\n<input\n\ttype=\"range\"\n\tid=\"wpforms-86864-field_16\" class=\"wpforms-field-medium\" name=\"wpforms[fields][16]\" value=\"0\"\t\tmin=\"0\"\n\tmax=\"100\"\n\tstep=\"1\">\n\n<div class=\"wpforms-field-number-slider-hint\"\n\tdata-hint=\"Gew\u00e4hlter Wert: {value}\">\n\tGew\u00e4hlter Wert: <b>0<\/b><\/div>\n<\/div><div id=\"wpforms-86864-field_36-container\" class=\"wpforms-field wpforms-field-divider\" data-field-id=\"36\"><h3 id=\"wpforms-86864-field_36\">Brosch\u00fcren und Sektionshandb\u00fccher<\/h3><\/div><div id=\"wpforms-86864-field_5-container\" class=\"wpforms-field wpforms-field-number-slider\" data-field-id=\"5\"><label class=\"wpforms-field-label\" for=\"wpforms-86864-field_5\">Parteiprogramm SP Kanton Bern<\/label>\n<input\n\ttype=\"range\"\n\tid=\"wpforms-86864-field_5\" class=\"wpforms-field-medium\" name=\"wpforms[fields][5]\" value=\"0\"\t\tmin=\"0\"\n\tmax=\"10\"\n\tstep=\"1\">\n\n<div class=\"wpforms-field-number-slider-hint\"\n\tdata-hint=\"Gew\u00e4hlter Wert: {value}\">\n\tGew\u00e4hlter Wert: <b>0<\/b><\/div>\n<\/div><div id=\"wpforms-86864-field_7-container\" class=\"wpforms-field wpforms-field-number-slider\" data-field-id=\"7\"><label class=\"wpforms-field-label\" for=\"wpforms-86864-field_7\">Brosch\u00fcre JUSO Schweiz (f\u00fcr Jungb\u00fcrger:innen-Feier)<\/label>\n<input\n\ttype=\"range\"\n\tid=\"wpforms-86864-field_7\" class=\"wpforms-field-medium\" name=\"wpforms[fields][7]\" value=\"0\"\t\tmin=\"0\"\n\tmax=\"100\"\n\tstep=\"1\">\n\n<div class=\"wpforms-field-number-slider-hint\"\n\tdata-hint=\"Gew\u00e4hlter Wert: {value}\">\n\tGew\u00e4hlter Wert: <b>0<\/b><\/div>\n<\/div><div id=\"wpforms-86864-field_23-container\" class=\"wpforms-field wpforms-field-number-slider\" data-field-id=\"23\"><label class=\"wpforms-field-label\" for=\"wpforms-86864-field_23\">Jahresbericht<\/label>\n<input\n\ttype=\"range\"\n\tid=\"wpforms-86864-field_23\" class=\"wpforms-field-medium\" name=\"wpforms[fields][23]\" value=\"0\"\t\tmin=\"0\"\n\tmax=\"20\"\n\tstep=\"1\">\n\n<div class=\"wpforms-field-number-slider-hint\"\n\tdata-hint=\"Gew\u00e4hlter Wert: {value}\">\n\tGew\u00e4hlter Wert: <b>0<\/b><\/div>\n<\/div><div id=\"wpforms-86864-field_25-container\" class=\"wpforms-field wpforms-field-number-slider\" data-field-id=\"25\"><label class=\"wpforms-field-label\" for=\"wpforms-86864-field_25\">Sektionshandbuch: Sektionsarbeit (Heft 1)<\/label>\n<input\n\ttype=\"range\"\n\tid=\"wpforms-86864-field_25\" class=\"wpforms-field-medium\" name=\"wpforms[fields][25]\" value=\"0\"\t\tmin=\"0\"\n\tmax=\"10\"\n\tstep=\"1\">\n\n<div class=\"wpforms-field-number-slider-hint\"\n\tdata-hint=\"Gew\u00e4hlter Wert: {value}\">\n\tGew\u00e4hlter Wert: <b>0<\/b><\/div>\n<\/div><div id=\"wpforms-86864-field_26-container\" class=\"wpforms-field wpforms-field-number-slider\" data-field-id=\"26\"><label class=\"wpforms-field-label\" for=\"wpforms-86864-field_26\">Sektionshandbuch: Kampagne und Kommunikation (Heft 2)<\/label>\n<input\n\ttype=\"range\"\n\tid=\"wpforms-86864-field_26\" class=\"wpforms-field-medium\" name=\"wpforms[fields][26]\" value=\"0\"\t\tmin=\"0\"\n\tmax=\"20\"\n\tstep=\"1\">\n\n<div class=\"wpforms-field-number-slider-hint\"\n\tdata-hint=\"Gew\u00e4hlter Wert: {value}\">\n\tGew\u00e4hlter Wert: <b>0<\/b><\/div>\n<\/div><div id=\"wpforms-86864-field_30-container\" class=\"wpforms-field wpforms-field-number-slider\" data-field-id=\"30\"><label class=\"wpforms-field-label\" for=\"wpforms-86864-field_30\">Sektionshandbuch \u00abGleichstellung in den Sektionen\u00bb (Heft 4)<\/label>\n<input\n\ttype=\"range\"\n\tid=\"wpforms-86864-field_30\" class=\"wpforms-field-medium\" name=\"wpforms[fields][30]\" value=\"0\"\t\tmin=\"0\"\n\tmax=\"20\"\n\tstep=\"1\">\n\n<div class=\"wpforms-field-number-slider-hint\"\n\tdata-hint=\"Gew\u00e4hlter Wert: {value}\">\n\tGew\u00e4hlter Wert: <b>0<\/b><\/div>\n<\/div><div id=\"wpforms-86864-field_51-container\" class=\"wpforms-field wpforms-field-number-slider\" data-field-id=\"51\"><label class=\"wpforms-field-label\" for=\"wpforms-86864-field_51\">Sektionshandbuch  \u00abDatenschutz\u00bb (Heft 6)<\/label>\n<input\n\ttype=\"range\"\n\tid=\"wpforms-86864-field_51\" class=\"wpforms-field-medium\" name=\"wpforms[fields][51]\" value=\"0\"\t\tmin=\"0\"\n\tmax=\"20\"\n\tstep=\"1\">\n\n<div class=\"wpforms-field-number-slider-hint\"\n\tdata-hint=\"Gew\u00e4hlter Wert: {value}\">\n\tGew\u00e4hlter Wert: <b>0<\/b><\/div>\n<\/div><div id=\"wpforms-86864-field_24-container\" class=\"wpforms-field wpforms-field-number-slider\" data-field-id=\"24\"><label class=\"wpforms-field-label\" for=\"wpforms-86864-field_24\">Brosch\u00fcre &quot;Commons - Gemeinsam f\u00fcr eine solidarische und demokratische Welt&quot;<\/label>\n<input\n\ttype=\"range\"\n\tid=\"wpforms-86864-field_24\" class=\"wpforms-field-medium\" name=\"wpforms[fields][24]\" value=\"0\"\t\tmin=\"0\"\n\tmax=\"100\"\n\tstep=\"1\">\n\n<div class=\"wpforms-field-number-slider-hint\"\n\tdata-hint=\"Gew\u00e4hlter Wert: {value}\">\n\tGew\u00e4hlter Wert: <b>0<\/b><\/div>\n<\/div><div id=\"wpforms-86864-field_37-container\" class=\"wpforms-field wpforms-field-divider\" data-field-id=\"37\"><h3 id=\"wpforms-86864-field_37\">Vorlagen und B\u00fcromaterial<\/h3><\/div><div id=\"wpforms-86864-field_31-container\" class=\"wpforms-field wpforms-field-number-slider\" data-field-id=\"31\"><label class=\"wpforms-field-label\" for=\"wpforms-86864-field_31\">Dokumentenvorlagen f\u00fcr Sektionen (Brief, Protokoll, Einladungen, Pr\u00e4sentation)<\/label>\n<input\n\ttype=\"range\"\n\tid=\"wpforms-86864-field_31\" class=\"wpforms-field-medium\" name=\"wpforms[fields][31]\" value=\"0\"\t\tmin=\"0\"\n\tmax=\"1\"\n\tstep=\"1\">\n\n<div class=\"wpforms-field-number-slider-hint\"\n\tdata-hint=\"Gew\u00e4hlter Wert: {value}\">\n\tGew\u00e4hlter Wert: <b>0<\/b><\/div>\n<div class=\"wpforms-field-description\">per Mail versandt\/ envoy\u00e9 par e-mail<\/div><\/div><div id=\"wpforms-86864-field_18-container\" class=\"wpforms-field wpforms-field-number-slider\" data-field-id=\"18\"><label class=\"wpforms-field-label\" for=\"wpforms-86864-field_18\">Kuvert C5 mit Fenster (Fr. 55.- \/ 500 St\u00fcck)<\/label>\n<input\n\ttype=\"range\"\n\tid=\"wpforms-86864-field_18\" class=\"wpforms-field-medium\" name=\"wpforms[fields][18]\" value=\"0\"\t\tmin=\"0\"\n\tmax=\"4000\"\n\tstep=\"500\">\n\n<div class=\"wpforms-field-number-slider-hint\"\n\tdata-hint=\"Gew\u00e4hlter Wert: {value}\">\n\tGew\u00e4hlter Wert: <b>0<\/b><\/div>\n<\/div><div id=\"wpforms-86864-field_17-container\" class=\"wpforms-field wpforms-field-number-slider\" data-field-id=\"17\"><label class=\"wpforms-field-label\" for=\"wpforms-86864-field_17\">Kuvert B5 ohne Fenster (Fr. 79.- \/ 500 St\u00fcck)<\/label>\n<input\n\ttype=\"range\"\n\tid=\"wpforms-86864-field_17\" class=\"wpforms-field-medium\" name=\"wpforms[fields][17]\" value=\"0\"\t\tmin=\"0\"\n\tmax=\"4000\"\n\tstep=\"500\">\n\n<div class=\"wpforms-field-number-slider-hint\"\n\tdata-hint=\"Gew\u00e4hlter Wert: {value}\">\n\tGew\u00e4hlter Wert: <b>0<\/b><\/div>\n<\/div><div id=\"wpforms-86864-field_19-container\" class=\"wpforms-field wpforms-field-number-slider\" data-field-id=\"19\"><label class=\"wpforms-field-label\" for=\"wpforms-86864-field_19\">Briefpapier A4 (Fr. 7.- \/ 100 St\u00fcck)<\/label>\n<input\n\ttype=\"range\"\n\tid=\"wpforms-86864-field_19\" class=\"wpforms-field-medium\" name=\"wpforms[fields][19]\" value=\"0\"\t\tmin=\"0\"\n\tmax=\"1000\"\n\tstep=\"100\">\n\n<div class=\"wpforms-field-number-slider-hint\"\n\tdata-hint=\"Gew\u00e4hlter Wert: {value}\">\n\tGew\u00e4hlter Wert: <b>0<\/b><\/div>\n<\/div><div id=\"wpforms-86864-field_22-container\" class=\"wpforms-field wpforms-field-number-slider\" data-field-id=\"22\"><label class=\"wpforms-field-label\" for=\"wpforms-86864-field_22\">SP Ehrungsurkunde<\/label>\n<input\n\ttype=\"range\"\n\tid=\"wpforms-86864-field_22\" class=\"wpforms-field-medium\" name=\"wpforms[fields][22]\" value=\"0\"\t\tmin=\"0\"\n\tmax=\"10\"\n\tstep=\"1\">\n\n<div class=\"wpforms-field-number-slider-hint\"\n\tdata-hint=\"Gew\u00e4hlter Wert: {value}\">\n\tGew\u00e4hlter Wert: <b>0<\/b><\/div>\n<\/div><div id=\"wpforms-86864-field_39-container\" class=\"wpforms-field wpforms-field-pagebreak\" data-field-id=\"39\"><div class=\"wpforms-clear wpforms-pagebreak-left\"><button class=\"wpforms-page-button wpforms-page-next\" data-action=\"next\" data-page=\"1\" data-formid=\"86864\" disabled>Weiter<\/button><\/div><\/div><\/div><div class=\"wpforms-page wpforms-page-2 last \" data-page=\"2\" style=\"display:none;\"><div id=\"wpforms-86864-field_56-container\" class=\"wpforms-field wpforms-field-checkbox\" data-field-id=\"56\"><label class=\"wpforms-field-label\">Sprache <span class=\"wpforms-required-label\">*<\/span><\/label><ul id=\"wpforms-86864-field_56\" class=\"wpforms-field-required\" data-choice-limit=\"1\"><li class=\"choice-1 depth-1\"><input type=\"checkbox\" id=\"wpforms-86864-field_56_1\" data-rule-check-limit=\"true\" name=\"wpforms[fields][56][]\" value=\"Deutsch\" required ><label class=\"wpforms-field-label-inline\" for=\"wpforms-86864-field_56_1\">Deutsch<\/label><\/li><li class=\"choice-2 depth-1\"><input type=\"checkbox\" id=\"wpforms-86864-field_56_2\" data-rule-check-limit=\"true\" name=\"wpforms[fields][56][]\" value=\"Franz\u00f6sisch\" required ><label class=\"wpforms-field-label-inline\" for=\"wpforms-86864-field_56_2\">Franz\u00f6sisch<\/label><\/li><\/ul><\/div><div id=\"wpforms-86864-field_49-container\" class=\"wpforms-field wpforms-field-radio\" data-field-id=\"49\"><label class=\"wpforms-field-label\">Versandart <span class=\"wpforms-required-label\">*<\/span><\/label><ul id=\"wpforms-86864-field_49\" class=\"wpforms-field-required\"><li class=\"choice-1 depth-1\"><input type=\"radio\" id=\"wpforms-86864-field_49_1\" name=\"wpforms[fields][49]\" value=\"Per Post (12.- pro Paket)\" required ><label class=\"wpforms-field-label-inline\" for=\"wpforms-86864-field_49_1\">Per Post (12.- pro Paket)<\/label><\/li><li class=\"choice-2 depth-1\"><input type=\"radio\" id=\"wpforms-86864-field_49_2\" name=\"wpforms[fields][49]\" value=\"Abholung w\u00e4hrend den \u00d6ffnungszeiten\" required ><label class=\"wpforms-field-label-inline\" for=\"wpforms-86864-field_49_2\">Abholung w\u00e4hrend den \u00d6ffnungszeiten<\/label><\/li><\/ul><\/div><div id=\"wpforms-86864-field_42-container\" class=\"wpforms-field wpforms-field-text\" data-field-id=\"42\"><label class=\"wpforms-field-label\" for=\"wpforms-86864-field_42\">Sektion <span class=\"wpforms-required-label\">*<\/span><\/label><input type=\"text\" id=\"wpforms-86864-field_42\" class=\"wpforms-field-medium wpforms-field-required\" name=\"wpforms[fields][42]\" required><\/div><div id=\"wpforms-86864-field_43-container\" class=\"wpforms-field wpforms-field-name\" data-field-id=\"43\"><label class=\"wpforms-field-label\">Name <span class=\"wpforms-required-label\">*<\/span><\/label><div class=\"wpforms-field-row wpforms-field-medium\"><div class=\"wpforms-field-row-block wpforms-first wpforms-one-half\"><input type=\"text\" id=\"wpforms-86864-field_43\" class=\"wpforms-field-name-first wpforms-field-required\" name=\"wpforms[fields][43][first]\" required><label for=\"wpforms-86864-field_43\" class=\"wpforms-field-sublabel after\">Pr\u00e9nom<\/label><\/div><div class=\"wpforms-field-row-block wpforms-one-half\"><input type=\"text\" id=\"wpforms-86864-field_43-last\" class=\"wpforms-field-name-last wpforms-field-required\" name=\"wpforms[fields][43][last]\" required><label for=\"wpforms-86864-field_43-last\" class=\"wpforms-field-sublabel after\">Nom<\/label><\/div><\/div><\/div><div id=\"wpforms-86864-field_45-container\" class=\"wpforms-field wpforms-field-text\" data-field-id=\"45\"><label class=\"wpforms-field-label\" for=\"wpforms-86864-field_45\">Adresse <span class=\"wpforms-required-label\">*<\/span><\/label><input type=\"text\" id=\"wpforms-86864-field_45\" class=\"wpforms-field-medium wpforms-field-required\" name=\"wpforms[fields][45]\" required><\/div><div id=\"wpforms-86864-field_46-container\" class=\"wpforms-field wpforms-field-text\" data-field-id=\"46\"><label class=\"wpforms-field-label\" for=\"wpforms-86864-field_46\">PLZ \/ Ort <span class=\"wpforms-required-label\">*<\/span><\/label><input type=\"text\" id=\"wpforms-86864-field_46\" class=\"wpforms-field-medium wpforms-field-required\" name=\"wpforms[fields][46]\" required><\/div><div id=\"wpforms-86864-field_47-container\" class=\"wpforms-field wpforms-field-phone\" data-field-id=\"47\"><label class=\"wpforms-field-label\" for=\"wpforms-86864-field_47\">Telefon <span class=\"wpforms-required-label\">*<\/span><\/label><input type=\"tel\" id=\"wpforms-86864-field_47\" class=\"wpforms-field-medium wpforms-field-required wpforms-smart-phone-field\" data-rule-smart-phone-field=\"true\" name=\"wpforms[fields][47]\" aria-label=\"Telefon\" required><\/div><div id=\"wpforms-86864-field_48-container\" class=\"wpforms-field wpforms-field-email\" data-field-id=\"48\"><label class=\"wpforms-field-label\" for=\"wpforms-86864-field_48\">E-Mail <span class=\"wpforms-required-label\">*<\/span><\/label><input type=\"email\" id=\"wpforms-86864-field_48\" class=\"wpforms-field-medium wpforms-field-required\" name=\"wpforms[fields][48]\" spellcheck=\"false\" required><\/div><div id=\"wpforms-86864-field_41-container\" class=\"wpforms-field wpforms-field-pagebreak\" data-field-id=\"41\"><div class=\"wpforms-clear wpforms-pagebreak-left\"><\/div><\/div><\/div><\/div><!-- .wpforms-field-container --><div class=\"wpforms-submit-container\" style=\"display:none;\"><input type=\"hidden\" name=\"wpforms[id]\" value=\"86864\"><input type=\"hidden\" name=\"page_title\" value=\"\"><input type=\"hidden\" name=\"page_url\" value=\"https:\/\/spbe.ch\/fr\/wp-json\/wp\/v2\/pages\/80382\"><input type=\"hidden\" name=\"url_referer\" value=\"\"><button type=\"submit\" name=\"wpforms[submit]\" id=\"wpforms-submit-86864\" class=\"wpforms-submit\" data-alt-text=\"Senden\u2026\" data-submit-text=\"Absenden\" aria-live=\"assertive\" value=\"wpforms-submit\">Absenden<\/button><img decoding=\"async\" src=\"https:\/\/spbe.ch\/wp-content\/plugins\/wpforms\/assets\/images\/submit-spin.svg\" class=\"wpforms-submit-spinner\" style=\"display: none;\" width=\"26\" height=\"26\" alt=\"Chargement en cours\"><\/div><\/form><\/div>  <!-- .wpforms-container -->\t\t\t\t<\/div>\n\t\t\t\t<\/div>\n\t\t\t\t\t<\/div>\n\t\t<\/div>\n\t\t\t\t\t<\/div>\n\t\t<\/section>\n\t\t\t\t<\/div>\n\t\t","protected":false},"excerpt":{"rendered":"<p>Shop PS Canton du Berne Les sections et les partis cantonaux peuvent commander ici divers mat\u00e9riels pour le recrutement de membres et d&#8217;autres aspects du travail des sections. Nous mettons [&hellip;]<\/p>\n","protected":false},"author":4,"featured_media":0,"parent":0,"menu_order":9,"comment_status":"closed","ping_status":"closed","template":"","meta":{"footnotes":""},"class_list":["post-80382","page","type-page","status-publish","hentry"],"_links":{"self":[{"href":"https:\/\/spbe.ch\/fr\/wp-json\/wp\/v2\/pages\/80382","targetHints":{"allow":["GET"]}}],"collection":[{"href":"https:\/\/spbe.ch\/fr\/wp-json\/wp\/v2\/pages"}],"about":[{"href":"https:\/\/spbe.ch\/fr\/wp-json\/wp\/v2\/types\/page"}],"author":[{"embeddable":true,"href":"https:\/\/spbe.ch\/fr\/wp-json\/wp\/v2\/users\/4"}],"replies":[{"embeddable":true,"href":"https:\/\/spbe.ch\/fr\/wp-json\/wp\/v2\/comments?post=80382"}],"version-history":[{"count":4,"href":"https:\/\/spbe.ch\/fr\/wp-json\/wp\/v2\/pages\/80382\/revisions"}],"predecessor-version":[{"id":87010,"href":"https:\/\/spbe.ch\/fr\/wp-json\/wp\/v2\/pages\/80382\/revisions\/87010"}],"wp:attachment":[{"href":"https:\/\/spbe.ch\/fr\/wp-json\/wp\/v2\/media?parent=80382"}],"curies":[{"name":"wp","href":"https:\/\/api.w.org\/{rel}","templated":true}]}}