
{"id":86945,"date":"2023-05-31T15:44:04","date_gmt":"2023-05-31T13:44:04","guid":{"rendered":"https:\/\/spbe.spschweiz.ch\/personnes\/coseil-executif\/"},"modified":"2025-09-17T10:44:31","modified_gmt":"2025-09-17T08:44:31","slug":"coseil-executif","status":"publish","type":"page","link":"https:\/\/spbe.ch\/fr\/personnes\/coseil-executif\/","title":{"rendered":"Coseil-\u00e9xecutif"},"content":{"rendered":"\t\t<div data-elementor-type=\"wp-page\" data-elementor-id=\"86945\" class=\"elementor elementor-86945 elementor-84161\" data-elementor-post-type=\"page\">\n\t\t\t\t\t\t<section class=\"elementor-section elementor-top-section elementor-element elementor-element-dc9b897 elementor-section-boxed elementor-section-height-default elementor-section-height-default\" data-id=\"dc9b897\" data-element_type=\"section\" data-settings=\"{&quot;jet_parallax_layout_list&quot;:[],&quot;background_background&quot;:&quot;classic&quot;}\">\n\t\t\t\t\t\t<div class=\"elementor-container elementor-column-gap-wide\">\n\t\t\t\t\t<div class=\"elementor-column elementor-col-100 elementor-top-column elementor-element elementor-element-d79eb23\" data-id=\"d79eb23\" data-element_type=\"column\">\n\t\t\t<div class=\"elementor-widget-wrap elementor-element-populated\">\n\t\t\t\t\t\t<div class=\"elementor-element elementor-element-99de672 elementor-widget elementor-widget-heading\" data-id=\"99de672\" data-element_type=\"widget\" data-widget_type=\"heading.default\">\n\t\t\t\t<div class=\"elementor-widget-container\">\n\t\t\t\t\t<h1 class=\"elementor-heading-title elementor-size-default\">Conseil-\u00e9xecutif<\/h1>\t\t\t\t<\/div>\n\t\t\t\t<\/div>\n\t\t\t\t<div class=\"elementor-element elementor-element-4b7dcb8 elementor-widget__width-initial elementor-widget elementor-widget-text-editor\" data-id=\"4b7dcb8\" data-element_type=\"widget\" data-widget_type=\"text-editor.default\">\n\t\t\t\t<div class=\"elementor-widget-container\">\n\t\t\t\t\t\t\t\t\t<p>Im Regierungsrat, der Exekutive des Kantons Bern, hat die SP zwei Mitglieder. Sie machen Politik f\u00fcr einen fortschrittlichen und nachhaltigen Kanton Bern.<\/p>\n\t\t\t\t\t\t\t\t<\/div>\n\t\t\t\t<\/div>\n\t\t\t\t\t<\/div>\n\t\t<\/div>\n\t\t\t\t\t<\/div>\n\t\t<\/section>\n\t\t\t\t<section class=\"elementor-section elementor-top-section elementor-element elementor-element-c2e7711 elementor-section-boxed elementor-section-height-default elementor-section-height-default\" data-id=\"c2e7711\" data-element_type=\"section\" data-settings=\"{&quot;jet_parallax_layout_list&quot;:[]}\">\n\t\t\t\t\t\t<div class=\"elementor-container elementor-column-gap-default\">\n\t\t\t\t\t<div class=\"elementor-column elementor-col-100 elementor-top-column elementor-element elementor-element-1c6d483\" data-id=\"1c6d483\" data-element_type=\"column\">\n\t\t\t<div class=\"elementor-widget-wrap elementor-element-populated\">\n\t\t\t\t\t\t<div class=\"elementor-element elementor-element-a69d639 elementor-widget elementor-widget-spps_person_grid\" data-id=\"a69d639\" data-element_type=\"widget\" data-widget_type=\"spps_person_grid.default\">\n\t\t\t\t<div class=\"elementor-widget-container\">\n\t\t\t\t\t<div class=\"button-list-wrapper wrapper-spacing-default\"><div class=\"button-list-container\"><div class=\"persons persons-grid-2\"><div class=\"persons-items\"><div class=\"persons-item\"><div class=\"person-container\"><div class=\"person-portrait\"><a href=\"https:\/\/spbe.ch\/fr\/person\/evi-allemann-2\/\"><img decoding=\"async\" src=\"https:\/\/spbe.ch\/wp-content\/uploads\/2023\/01\/csm_Evi_Allemann_klein_a3ada97a6d-1-600x600.jpg?v=1674666153\" alt=\"Evi Allemann\" loading=\"lazy\"><\/a><\/div><div class=\"person-content\"><a href=\"https:\/\/spbe.ch\/fr\/person\/evi-allemann-2\/\" class=\"person-name\"><p><strong>Evi Allemann<\/strong><\/p><\/a><p class=\"person-position\">Conseill\u00e8re d\u2019\u00c9tat<\/p><ul class=\"person-kontakt list-pills list-pills-grey\"><li><a href=\"mailto:evi.allemann@be.ch\">E-Mail<\/a><\/li><\/ul><\/div><\/div><\/div><div class=\"persons-item\"><div class=\"person-container\"><div class=\"person-portrait\"><a href=\"https:\/\/spbe.ch\/fr\/person\/christoph-ammann\/\"><img decoding=\"async\" src=\"https:\/\/spbe.ch\/wp-content\/uploads\/2023\/01\/csm_Christoph_Ammann_4fafff9b4a-1-600x600.jpg?v=1674666151\" alt=\"Christoph Ammann\" loading=\"lazy\"><\/a><\/div><div class=\"person-content\"><a href=\"https:\/\/spbe.ch\/fr\/person\/christoph-ammann\/\" class=\"person-name\"><p><strong>Christoph Ammann<\/strong><\/p><\/a><p class=\"person-position\">Conseiller d\u2019\u00c9tat<\/p><ul class=\"person-kontakt list-pills list-pills-grey\"><li><a href=\"mailto:chammann@yahoo.com\">E-Mail<\/a><\/li><\/ul><\/div><\/div><\/div><\/div><\/div><\/div><\/div>\t\t\t\t<\/div>\n\t\t\t\t<\/div>\n\t\t\t\t\t<\/div>\n\t\t<\/div>\n\t\t\t\t\t<\/div>\n\t\t<\/section>\n\t\t\t\t<\/div>\n\t\t","protected":false},"excerpt":{"rendered":"<p>Conseil-\u00e9xecutif Im Regierungsrat, der Exekutive des Kantons Bern, hat die SP zwei Mitglieder. Sie machen Politik f\u00fcr einen fortschrittlichen und nachhaltigen Kanton Bern. Evi Allemann Regierungsr\u00e4tin E-Mail Christoph Ammann Regierungsrat [&hellip;]<\/p>\n","protected":false},"author":5,"featured_media":0,"parent":30434,"menu_order":0,"comment_status":"closed","ping_status":"closed","template":"","meta":{"footnotes":""},"class_list":["post-86945","page","type-page","status-publish","hentry"],"_links":{"self":[{"href":"https:\/\/spbe.ch\/fr\/wp-json\/wp\/v2\/pages\/86945","targetHints":{"allow":["GET"]}}],"collection":[{"href":"https:\/\/spbe.ch\/fr\/wp-json\/wp\/v2\/pages"}],"about":[{"href":"https:\/\/spbe.ch\/fr\/wp-json\/wp\/v2\/types\/page"}],"author":[{"embeddable":true,"href":"https:\/\/spbe.ch\/fr\/wp-json\/wp\/v2\/users\/5"}],"replies":[{"embeddable":true,"href":"https:\/\/spbe.ch\/fr\/wp-json\/wp\/v2\/comments?post=86945"}],"version-history":[{"count":7,"href":"https:\/\/spbe.ch\/fr\/wp-json\/wp\/v2\/pages\/86945\/revisions"}],"predecessor-version":[{"id":91298,"href":"https:\/\/spbe.ch\/fr\/wp-json\/wp\/v2\/pages\/86945\/revisions\/91298"}],"up":[{"embeddable":true,"href":"https:\/\/spbe.ch\/fr\/wp-json\/wp\/v2\/pages\/30434"}],"wp:attachment":[{"href":"https:\/\/spbe.ch\/fr\/wp-json\/wp\/v2\/media?parent=86945"}],"curies":[{"name":"wp","href":"https:\/\/api.w.org\/{rel}","templated":true}]}}