{"id":86947,"date":"2023-05-31T15:45:26","date_gmt":"2023-05-31T13:45:26","guid":{"rendered":"https:\/\/spbe.spschweiz.ch\/personnes\/conseil-des-etats\/"},"modified":"2024-03-21T14:18:44","modified_gmt":"2024-03-21T13:18:44","slug":"conseil-des-etats","status":"publish","type":"page","link":"https:\/\/spbe.ch\/fr\/personnes\/conseil-des-etats\/","title":{"rendered":"Conseil des Etats"},"content":{"rendered":"\t\t<div data-elementor-type=\"wp-page\" data-elementor-id=\"86947\" class=\"elementor elementor-86947 elementor-84166\" data-elementor-post-type=\"page\">\n\t\t\t\t\t\t<section class=\"elementor-section elementor-top-section elementor-element elementor-element-f494b7a elementor-section-boxed elementor-section-height-default elementor-section-height-default\" data-id=\"f494b7a\" data-element_type=\"section\" data-settings=\"{&quot;jet_parallax_layout_list&quot;:[],&quot;background_background&quot;:&quot;classic&quot;}\">\n\t\t\t\t\t\t<div class=\"elementor-container elementor-column-gap-wide\">\n\t\t\t\t\t<div class=\"elementor-column elementor-col-100 elementor-top-column elementor-element elementor-element-bc880b8\" data-id=\"bc880b8\" data-element_type=\"column\">\n\t\t\t<div class=\"elementor-widget-wrap elementor-element-populated\">\n\t\t\t\t\t\t<div class=\"elementor-element elementor-element-9e10bfa elementor-widget elementor-widget-heading\" data-id=\"9e10bfa\" data-element_type=\"widget\" data-widget_type=\"heading.default\">\n\t\t\t\t<div class=\"elementor-widget-container\">\n\t\t\t\t\t<h1 class=\"elementor-heading-title elementor-size-default\">Conseil des Etats<\/h1>\t\t\t\t<\/div>\n\t\t\t\t<\/div>\n\t\t\n\t\t<div class=\"elementor-element elementor-element-db72d9f elementor-widget__width-initial elementor-widget elementor-widget-text-editor\" data-id=\"db72d9f\" data-element_type=\"widget\" data-widget_type=\"text-editor.default\">\n\t\t\t\t<div class=\"elementor-widget-container\">\n\t\t\t\t\t\t\t\t\t<p>Le canton de Berne et sa population sont repr\u00e9sent\u00e9s au Palais f\u00e9d\u00e9ral par 2 membres du Conseil des Etats et 24\u00a0conseill\u00e8res et conseillers nationaux. Le PS compte un membre du Conseil des Etats, trois conseill\u00e8res nationales et trois conseillers nationaux. Autres informations au sujet du Conseil national et du Conseil des Etats<\/p>\n\t\t\t\t\t\t\t\t<\/div>\n\t\t\t\t<\/div>\n\t\t\t\t\t<\/div>\n\t\t<\/div>\n\t\t\t\t\t<\/div>\n\t\t<\/section>\n\t\t\t\t<section class=\"elementor-section elementor-top-section elementor-element elementor-element-8c15de0 elementor-section-boxed elementor-section-height-default elementor-section-height-default\" data-id=\"8c15de0\" data-element_type=\"section\" data-settings=\"{&quot;jet_parallax_layout_list&quot;:[]}\">\n\t\t\t\t\t\t<div class=\"elementor-container elementor-column-gap-default\">\n\t\t\t\t\t<div class=\"elementor-column elementor-col-100 elementor-top-column elementor-element elementor-element-49297b2\" data-id=\"49297b2\" data-element_type=\"column\">\n\t\t\t<div class=\"elementor-widget-wrap elementor-element-populated\">\n\t\t\t\t\t\t<div class=\"elementor-element elementor-element-c6d1a32 elementor-widget elementor-widget-spps_person_grid\" data-id=\"c6d1a32\" data-element_type=\"widget\" data-widget_type=\"spps_person_grid.default\">\n\t\t\t\t<div class=\"elementor-widget-container\">\n\t\t\t\t\t<div class=\"button-list-wrapper wrapper-spacing-default\"><div class=\"button-list-container\"><div class=\"persons persons-grid-2\"><div class=\"persons-items\"><div class=\"persons-item\"><div class=\"person-container\"><div class=\"person-portrait\"><a href=\"https:\/\/spbe.ch\/fr\/person\/flavia-wasserfallen-2\/\"><img decoding=\"async\" src=\"https:\/\/spbe.ch\/wp-content\/uploads\/2023\/06\/Flavia_in_den_Staenderat_d_f-600x600.png?v=1711026032\" alt=\"Flavia Wasserfallen\" loading=\"lazy\"><\/a><\/div><div class=\"person-content\"><a href=\"https:\/\/spbe.ch\/fr\/person\/flavia-wasserfallen-2\/\" class=\"person-name\"><p><strong>Flavia Wasserfallen<\/strong><\/p><\/a><p class=\"person-position\">Conseill\u00e8re aux \u00e9tats<\/p><ul class=\"person-kontakt list-pills list-pills-grey\"><li><a href=\"mailto:flavia.wasserfallen@parl.ch\">E-Mail<\/a><\/li><\/ul><\/div><\/div><\/div><\/div><\/div><\/div><\/div>\t\t\t\t<\/div>\n\t\t\t\t<\/div>\n\t\t\t\t\t<\/div>\n\t\t<\/div>\n\t\t\t\t\t<\/div>\n\t\t<\/section>\n\t\t\t\t<\/div>\n\t\t","protected":false},"excerpt":{"rendered":"<p>Conseil des Etats Le canton de Berne et sa population sont repr\u00e9sent\u00e9s au Palais f\u00e9d\u00e9ral par 2 membres du Conseil des Etats et 24\u00a0conseill\u00e8res et conseillers nationaux. Le PS compte [&hellip;]<\/p>\n","protected":false},"author":5,"featured_media":0,"parent":30434,"menu_order":0,"comment_status":"closed","ping_status":"closed","template":"","meta":{"footnotes":""},"class_list":["post-86947","page","type-page","status-publish","hentry"],"_links":{"self":[{"href":"https:\/\/spbe.ch\/fr\/wp-json\/wp\/v2\/pages\/86947","targetHints":{"allow":["GET"]}}],"collection":[{"href":"https:\/\/spbe.ch\/fr\/wp-json\/wp\/v2\/pages"}],"about":[{"href":"https:\/\/spbe.ch\/fr\/wp-json\/wp\/v2\/types\/page"}],"author":[{"embeddable":true,"href":"https:\/\/spbe.ch\/fr\/wp-json\/wp\/v2\/users\/5"}],"replies":[{"embeddable":true,"href":"https:\/\/spbe.ch\/fr\/wp-json\/wp\/v2\/comments?post=86947"}],"version-history":[{"count":2,"href":"https:\/\/spbe.ch\/fr\/wp-json\/wp\/v2\/pages\/86947\/revisions"}],"predecessor-version":[{"id":88454,"href":"https:\/\/spbe.ch\/fr\/wp-json\/wp\/v2\/pages\/86947\/revisions\/88454"}],"up":[{"embeddable":true,"href":"https:\/\/spbe.ch\/fr\/wp-json\/wp\/v2\/pages\/30434"}],"wp:attachment":[{"href":"https:\/\/spbe.ch\/fr\/wp-json\/wp\/v2\/media?parent=86947"}],"curies":[{"name":"wp","href":"https:\/\/api.w.org\/{rel}","templated":true}]}}