{"id":86953,"date":"2023-05-31T15:48:52","date_gmt":"2023-05-31T13:48:52","guid":{"rendered":"https:\/\/spbe.spschweiz.ch\/personnes\/comite-directeur\/"},"modified":"2024-03-21T14:25:02","modified_gmt":"2024-03-21T13:25:02","slug":"comite-directeur","status":"publish","type":"page","link":"https:\/\/spbe.ch\/fr\/personnes\/comite-directeur\/","title":{"rendered":"Comit\u00e9 directeur"},"content":{"rendered":"\t\t<div data-elementor-type=\"wp-page\" data-elementor-id=\"86953\" class=\"elementor elementor-86953 elementor-84146\" data-elementor-post-type=\"page\">\n\t\t\t\t\t\t<section class=\"elementor-section elementor-top-section elementor-element elementor-element-603adb1 elementor-section-boxed elementor-section-height-default elementor-section-height-default\" data-id=\"603adb1\" data-element_type=\"section\" data-settings=\"{&quot;jet_parallax_layout_list&quot;:[],&quot;background_background&quot;:&quot;classic&quot;}\">\n\t\t\t\t\t\t<div class=\"elementor-container elementor-column-gap-wide\">\n\t\t\t\t\t<div class=\"elementor-column elementor-col-100 elementor-top-column elementor-element elementor-element-b25c69f\" data-id=\"b25c69f\" data-element_type=\"column\">\n\t\t\t<div class=\"elementor-widget-wrap elementor-element-populated\">\n\t\t\t\t\t\t<div class=\"elementor-element elementor-element-0e9cdfb elementor-widget elementor-widget-heading\" data-id=\"0e9cdfb\" data-element_type=\"widget\" data-widget_type=\"heading.default\">\n\t\t\t\t<div class=\"elementor-widget-container\">\n\t\t\t\t\t<h1 class=\"elementor-heading-title elementor-size-default\">Gesch\u00e4ftsleitung<\/h1>\t\t\t\t<\/div>\n\t\t\t\t<\/div>\n\t\t\n\t\t<div class=\"elementor-element elementor-element-4b197a1 elementor-widget__width-initial elementor-widget elementor-widget-text-editor\" data-id=\"4b197a1\" data-element_type=\"widget\" data-widget_type=\"text-editor.default\">\n\t\t\t\t<div class=\"elementor-widget-container\">\n\t\t\t\t\t\t\t\t\t<p>Die Gesch\u00e4ftsleitung ist zust\u00e4ndig f\u00fcr die strategische F\u00fchrung der SP Kanton Bern. Sie entscheidet \u00fcber politische Richtlinien und Abstimmungs- und Wahlkampagnen. Sie setzt sich aus der Parteileitung, den SP-Regierungsmitgliedern, dem Staatsschreiber und vom Parteitag gew\u00e4hlten Mitgliedern zusammen.<\/p>\n\t\t\t\t\t\t\t\t<\/div>\n\t\t\t\t<\/div>\n\t\t\t\t\t<\/div>\n\t\t<\/div>\n\t\t\t\t\t<\/div>\n\t\t<\/section>\n\t\t\t\t<section class=\"elementor-section elementor-top-section elementor-element elementor-element-dc5f2fc elementor-section-boxed elementor-section-height-default elementor-section-height-default\" data-id=\"dc5f2fc\" data-element_type=\"section\" data-settings=\"{&quot;jet_parallax_layout_list&quot;:[]}\">\n\t\t\t\t\t\t<div class=\"elementor-container elementor-column-gap-default\">\n\t\t\t\t\t<div class=\"elementor-column elementor-col-100 elementor-top-column elementor-element elementor-element-6a1a188\" data-id=\"6a1a188\" data-element_type=\"column\">\n\t\t\t<div class=\"elementor-widget-wrap elementor-element-populated\">\n\t\t\t\t\t\t<div class=\"elementor-element elementor-element-06242fc elementor-widget elementor-widget-jet-breadcrumbs\" data-id=\"06242fc\" data-element_type=\"widget\" data-widget_type=\"jet-breadcrumbs.default\">\n\t\t\t\t<div class=\"elementor-widget-container\">\n\t\t\t\t\t<div class=\"elementor-jet-breadcrumbs jet-blocks\">\n\t\t<div class=\"jet-breadcrumbs\">\n\t\t<div class=\"jet-breadcrumbs__content\">\n\t\t<div class=\"jet-breadcrumbs__wrap\">\n\t\t<\/div>\n\t\t<\/div>\n\t\t<\/div><\/div>\t\t\t\t<\/div>\n\t\t\t\t<\/div>\n\t\t\t\t<div class=\"elementor-element elementor-element-d414c47 elementor-widget elementor-widget-spps_person_grid\" data-id=\"d414c47\" data-element_type=\"widget\" data-widget_type=\"spps_person_grid.default\">\n\t\t\t\t<div class=\"elementor-widget-container\">\n\t\t\t\t\t<div class=\"button-list-wrapper \"><div class=\"button-list-container\"><div class=\"persons persons-grid-2\"><div class=\"persons-items\"><div class=\"persons-item\"><div class=\"person-container\"><div class=\"person-portrait\"><a href=\"https:\/\/spbe.ch\/fr\/person\/mohamed-abdirahim\/\"><img decoding=\"async\" src=\"https:\/\/spbe.ch\/wp-content\/uploads\/2026\/03\/Bild_Momo-600x600.jpeg?v=1772702902\" alt=\"Mohamed  Abdirahim\" loading=\"lazy\"><\/a><\/div><div class=\"person-content\"><a href=\"https:\/\/spbe.ch\/fr\/person\/mohamed-abdirahim\/\" class=\"person-name\"><p><strong>Mohamed  Abdirahim<\/strong><\/p><\/a><p class=\"person-position\">Repr\u00e9sentant-e PS queer<\/p><ul class=\"person-kontakt list-pills list-pills-grey\"><li><a href=\"mailto:abdirahimmomo@gmail.com\">E-Mail<\/a><\/li><\/ul><\/div><\/div><\/div><div class=\"persons-item\"><div class=\"person-container\"><div class=\"person-portrait\"><a href=\"https:\/\/spbe.ch\/fr\/person\/evi-allemann-2\/\"><img decoding=\"async\" src=\"https:\/\/spbe.ch\/wp-content\/uploads\/2023\/01\/csm_Evi_Allemann_klein_a3ada97a6d-1-600x600.jpg?v=1674666153\" alt=\"Evi Allemann\" loading=\"lazy\"><\/a><\/div><div class=\"person-content\"><a href=\"https:\/\/spbe.ch\/fr\/person\/evi-allemann-2\/\" class=\"person-name\"><p><strong>Evi Allemann<\/strong><\/p><\/a><p class=\"person-position\">Conseill\u00e8re d\u2019\u00c9tat<\/p><ul class=\"person-kontakt list-pills list-pills-grey\"><li><a href=\"mailto:evi.allemann@be.ch\">E-Mail<\/a><\/li><\/ul><\/div><\/div><\/div><div class=\"persons-item\"><div class=\"person-container\"><div class=\"person-portrait\"><a href=\"https:\/\/spbe.ch\/fr\/person\/cipriano-alvarez\/\"><img decoding=\"async\" src=\"https:\/\/spbe.ch\/wp-content\/uploads\/2023\/01\/csm_Bild_CAlvarez_6f9f77fa89-1-600x600.jpg?v=1674666471\" alt=\"Cipriano Alvarez\" loading=\"lazy\"><\/a><\/div><div class=\"person-content\"><a href=\"https:\/\/spbe.ch\/fr\/person\/cipriano-alvarez\/\" class=\"person-name\"><p><strong>Cipriano Alvarez<\/strong><\/p><\/a><p class=\"person-position\">Sp\u00e9cialiste juridique<\/p><ul class=\"person-kontakt list-pills list-pills-grey\"><li><a href=\"mailto:c.alvarez@bluewin.ch\">E-Mail<\/a><\/li><\/ul><\/div><\/div><\/div><div class=\"persons-item\"><div class=\"person-container\"><div class=\"person-portrait\"><a href=\"https:\/\/spbe.ch\/fr\/person\/christoph-ammann\/\"><img decoding=\"async\" src=\"https:\/\/spbe.ch\/wp-content\/uploads\/2023\/01\/csm_Christoph_Ammann_4fafff9b4a-1-600x600.jpg?v=1674666151\" alt=\"Christoph Ammann\" loading=\"lazy\"><\/a><\/div><div class=\"person-content\"><a href=\"https:\/\/spbe.ch\/fr\/person\/christoph-ammann\/\" class=\"person-name\"><p><strong>Christoph Ammann<\/strong><\/p><\/a><p class=\"person-position\">Conseiller d\u2019\u00c9tat<\/p><ul class=\"person-kontakt list-pills list-pills-grey\"><li><a href=\"mailto:chammann@yahoo.com\">E-Mail<\/a><\/li><\/ul><\/div><\/div><\/div><div class=\"persons-item\"><div class=\"person-container\"><div class=\"person-portrait\"><a href=\"https:\/\/spbe.ch\/fr\/person\/luc-arnold-gl\/\"><img decoding=\"async\" src=\"https:\/\/spbe.ch\/wp-content\/uploads\/2025\/07\/Foto_Luc-Arnold-600x600.jpeg?v=1751370056\" alt=\"Luc Arnold\" loading=\"lazy\"><\/a><\/div><div class=\"person-content\"><a href=\"https:\/\/spbe.ch\/fr\/person\/luc-arnold-gl\/\" class=\"person-name\"><p><strong>Luc Arnold<\/strong><\/p><\/a><p class=\"person-position\">Vice-pr\u00e9sident<\/p><ul class=\"person-kontakt list-pills list-pills-grey\"><li><a href=\"mailto:luc.arnold@hotmail.com\">E-Mail<\/a><\/li><\/ul><\/div><\/div><\/div><div class=\"persons-item\"><div class=\"person-container\"><div class=\"person-portrait\"><a href=\"https:\/\/spbe.ch\/fr\/person\/elisabeth-beck\/\"><img decoding=\"async\" src=\"https:\/\/spbe.ch\/wp-content\/uploads\/2023\/01\/csm_Beck_Elisabeth_2022_web_2a296e1824-1-600x600.jpg?v=1674666140\" alt=\"Elisabeth Beck\" loading=\"lazy\"><\/a><\/div><div class=\"person-content\"><a href=\"https:\/\/spbe.ch\/fr\/person\/elisabeth-beck\/\" class=\"person-name\"><p><strong>Elisabeth Beck<\/strong><\/p><\/a><p class=\"person-position\">membre librement \u00e9lu (francophone)<\/p><ul class=\"person-kontakt list-pills list-pills-grey\"><li><a href=\"mailto:e.beck@epsainti.ch\">E-Mail<\/a><\/li><\/ul><\/div><\/div><\/div><div class=\"persons-item\"><div class=\"person-container\"><div class=\"person-portrait\"><a href=\"https:\/\/spbe.ch\/fr\/person\/vanessa-bieri\/\"><img decoding=\"async\" src=\"https:\/\/spbe.ch\/wp-content\/uploads\/2023\/01\/csm_Bieri_Vanessa_2022_web_3b60769b66-600x600.jpg?v=1675679971\" alt=\"Vanessa Bieri\" loading=\"lazy\"><\/a><\/div><div class=\"person-content\"><a href=\"https:\/\/spbe.ch\/fr\/person\/vanessa-bieri\/\" class=\"person-name\"><p><strong>Vanessa Bieri<\/strong><\/p><\/a><p class=\"person-position\">Repr\u00e9sentante PS Femmes du canton du Berne<\/p><ul class=\"person-kontakt list-pills list-pills-grey\"><li><a href=\"mailto:vanessa-bieri@gmx.ch\">E-Mail<\/a><\/li><\/ul><\/div><\/div><\/div><div class=\"persons-item\"><div class=\"person-container\"><div class=\"person-portrait\"><a href=\"https:\/\/spbe.ch\/fr\/person\/stefan-jordi\/\"><img decoding=\"async\" src=\"https:\/\/spbe.ch\/wp-content\/uploads\/2023\/01\/csm_Stefan_Jordi_ded97f15e3-1-600x600.png?v=1674666422\" alt=\"Stefan Jordi\" loading=\"lazy\"><\/a><\/div><div class=\"person-content\"><a href=\"https:\/\/spbe.ch\/fr\/person\/stefan-jordi\/\" class=\"person-name\"><p><strong>Stefan Jordi<\/strong><\/p><\/a><p class=\"person-position\">Pr\u00e9sident du groupe<\/p><ul class=\"person-kontakt list-pills list-pills-grey\"><li><a href=\"mailto:stjordi@gmx.ch\">E-Mail<\/a><\/li><\/ul><\/div><\/div><\/div><div class=\"persons-item\"><div class=\"person-container\"><div class=\"person-portrait\"><a href=\"https:\/\/spbe.ch\/fr\/person\/manuela-kocher-hirt\/\"><img decoding=\"async\" src=\"https:\/\/spbe.ch\/wp-content\/uploads\/2023\/01\/csm_Manuela_Kocher_952119eea8-1-600x600.png?v=1674666239\" alt=\"Manuela Kocher Hirt\" loading=\"lazy\"><\/a><\/div><div class=\"person-content\"><a href=\"https:\/\/spbe.ch\/fr\/person\/manuela-kocher-hirt\/\" class=\"person-name\"><p><strong>Manuela Kocher Hirt<\/strong><\/p><\/a><p class=\"person-position\">Pr\u00e9sidente<\/p><ul class=\"person-kontakt list-pills list-pills-grey\"><li><a href=\"mailto:manuela.kocher@besonet.ch\">E-Mail<\/a><\/li><\/ul><\/div><\/div><\/div><div class=\"persons-item\"><div class=\"person-container\"><div class=\"person-portrait\"><a href=\"https:\/\/spbe.ch\/fr\/person\/vanessa-legler\/\"><img decoding=\"async\" src=\"https:\/\/spbe.ch\/wp-content\/uploads\/2025\/10\/Foto-Vanessa-Legler-scaled-e1761811290924-600x600.jpg?v=1761810939\" alt=\"Vanessa Legler\" loading=\"lazy\"><\/a><\/div><div class=\"person-content\"><a href=\"https:\/\/spbe.ch\/fr\/person\/vanessa-legler\/\" class=\"person-name\"><p><strong>Vanessa Legler<\/strong><\/p><\/a><p class=\"person-position\">membre librement \u00e9lu<\/p><ul class=\"person-kontakt list-pills list-pills-grey\"><li><a href=\"mailto:vanessa.legler@bluewin.ch\">E-Mail<\/a><\/li><\/ul><\/div><\/div><\/div><div class=\"persons-item\"><div class=\"person-container\"><div class=\"person-portrait\"><a href=\"https:\/\/spbe.ch\/fr\/person\/sandro-niederer-pl-gl\/\"><img decoding=\"async\" src=\"https:\/\/spbe.ch\/wp-content\/uploads\/2025\/10\/Sandro_Niederer-600x600.png?v=1761725936\" alt=\"Sandro Niederer\" loading=\"lazy\"><\/a><\/div><div class=\"person-content\"><a href=\"https:\/\/spbe.ch\/fr\/person\/sandro-niederer-pl-gl\/\" class=\"person-name\"><p><strong>Sandro Niederer<\/strong><\/p><\/a><p class=\"person-position\">Secr\u00e9taire du parti<\/p><ul class=\"person-kontakt list-pills list-pills-grey\"><li><a href=\"tel:+41313700792\">+41 31 370 07 92<\/a><\/li><li><a href=\"mailto:sandro.niederer@spbe.ch\">E-Mail<\/a><\/li><\/ul><\/div><\/div><\/div><div class=\"persons-item\"><div class=\"person-container\"><div class=\"person-portrait\"><a href=\"https:\/\/spbe.ch\/fr\/person\/oriana-pardini-gl\/\"><img decoding=\"async\" src=\"https:\/\/spbe.ch\/wp-content\/uploads\/2024\/12\/Pardini-Oriana_2022_web-600x600.jpg?v=1733481266\" alt=\"Oriana Pardini\" loading=\"lazy\"><\/a><\/div><div class=\"person-content\"><a href=\"https:\/\/spbe.ch\/fr\/person\/oriana-pardini-gl\/\" class=\"person-name\"><p><strong>Oriana Pardini<\/strong><\/p><\/a><p class=\"person-position\">Vice-pr\u00e9sidente<\/p><ul class=\"person-kontakt list-pills list-pills-grey\"><li><a href=\"mailto:oriana@pardini.ch\">E-Mail<\/a><\/li><\/ul><\/div><\/div><\/div><div class=\"persons-item\"><div class=\"person-container\"><div class=\"person-portrait\"><a href=\"https:\/\/spbe.ch\/fr\/person\/halua-pinto-de-magalhaes\/\"><img decoding=\"async\" src=\"https:\/\/spbe.ch\/wp-content\/uploads\/2023\/01\/csm_Pinto_de_Magalhaes_2022_0148_web_8a79f029ee-1-600x600.jpg?v=1674666137\" alt=\"Halua Pinto de Magalh\u00e3es\" loading=\"lazy\"><\/a><\/div><div class=\"person-content\"><a href=\"https:\/\/spbe.ch\/fr\/person\/halua-pinto-de-magalhaes\/\" class=\"person-name\"><p><strong>Halua Pinto de Magalh\u00e3es<\/strong><\/p><\/a><p class=\"person-position\">Repr\u00e9sentant du PS Migrant-e-s<\/p><ul class=\"person-kontakt list-pills list-pills-grey\"><li><a href=\"mailto:halpinto@gmx.ch\">E-Mail<\/a><\/li><\/ul><\/div><\/div><\/div><div class=\"persons-item\"><div class=\"person-container\"><div class=\"person-portrait\"><a href=\"https:\/\/spbe.ch\/fr\/person\/maurane-riesen-copy\/\"><img decoding=\"async\" src=\"https:\/\/spbe.ch\/wp-content\/uploads\/2023\/01\/csm_Riesen_Maurane_c779935e49-1-600x600.jpg?v=1674666465\" alt=\"Maurane Riesen\" loading=\"lazy\"><\/a><\/div><div class=\"person-content\"><a href=\"https:\/\/spbe.ch\/fr\/person\/maurane-riesen-copy\/\" class=\"person-name\"><p><strong>Maurane Riesen<\/strong><\/p><\/a><p class=\"person-position\">Vice-pr\u00e9sidente<\/p><ul class=\"person-kontakt list-pills list-pills-grey\"><li><a href=\"mailto:riesen.m@gmail.com\">E-Mail<\/a><\/li><\/ul><\/div><\/div><\/div><div class=\"persons-item\"><div class=\"person-container\"><div class=\"person-portrait\"><a href=\"https:\/\/spbe.ch\/fr\/person\/siri-ryser\/\"><img decoding=\"async\" src=\"https:\/\/spbe.ch\/wp-content\/uploads\/2024\/10\/Ryser_Siri-600x600.jpg?v=1727854878\" alt=\"Siri Ryser\" loading=\"lazy\"><\/a><\/div><div class=\"person-content\"><a href=\"https:\/\/spbe.ch\/fr\/person\/siri-ryser\/\" class=\"person-name\"><p><strong>Siri Ryser<\/strong><\/p><\/a><p class=\"person-position\">Repr\u00e9sentante du JS du canton de Berne<\/p><ul class=\"person-kontakt list-pills list-pills-grey\"><li><a href=\"mailto:ryser.s@hotmail.com\">E-Mail<\/a><\/li><\/ul><\/div><\/div><\/div><div class=\"persons-item\"><div class=\"person-container\"><div class=\"person-portrait\"><a href=\"https:\/\/spbe.ch\/fr\/person\/zora-schindler-copy\/\"><img decoding=\"async\" src=\"https:\/\/spbe.ch\/wp-content\/uploads\/2023\/01\/csm_Schindler_Zora_MG_6644klein_5a76572b91-1-600x600.jpg?v=1674666474\" alt=\"Zora Schindler\" loading=\"lazy\"><\/a><\/div><div class=\"person-content\"><a href=\"https:\/\/spbe.ch\/fr\/person\/zora-schindler-copy\/\" class=\"person-name\"><p><strong>Zora Schindler<\/strong><\/p><\/a><p class=\"person-position\">Secr\u00e9taire  dirigeante du parti<\/p><ul class=\"person-kontakt list-pills list-pills-grey\"><li><a href=\"mailto:zora.schindler@spbe.ch\">E-Mail<\/a><\/li><\/ul><\/div><\/div><\/div><div class=\"persons-item\"><div class=\"person-container\"><div class=\"person-portrait\"><a href=\"https:\/\/spbe.ch\/fr\/person\/beatrice-stucki\/\"><img decoding=\"async\" src=\"https:\/\/spbe.ch\/wp-content\/uploads\/2023\/02\/Stucki_Beatrice_035_web-600x600.png?v=1675680070\" alt=\"B\u00e9atrice Stucki\" loading=\"lazy\"><\/a><\/div><div class=\"person-content\"><a href=\"https:\/\/spbe.ch\/fr\/person\/beatrice-stucki\/\" class=\"person-name\"><p><strong>B\u00e9atrice Stucki<\/strong><\/p><\/a><p class=\"person-position\">Membre librement \u00e9lu, PS 60+<\/p><ul class=\"person-kontakt list-pills list-pills-grey\"><li><a href=\"mailto:stucki_beatrice@bluewin.ch\">E-Mail<\/a><\/li><\/ul><\/div><\/div><\/div><div class=\"persons-item\"><div class=\"person-container\"><div class=\"person-portrait\"><a href=\"https:\/\/spbe.ch\/fr\/person\/jakub-walczak\/\"><img decoding=\"async\" src=\"https:\/\/spbe.ch\/wp-content\/uploads\/2023\/02\/csm_Walczak_Jaukub_53a3c9ad62-600x600.jpg?v=1675680135\" alt=\"Kuba Walczak\" loading=\"lazy\"><\/a><\/div><div class=\"person-content\"><a href=\"https:\/\/spbe.ch\/fr\/person\/jakub-walczak\/\" class=\"person-name\"><p><strong>Kuba Walczak<\/strong><\/p><\/a><p class=\"person-position\">Sp\u00e9cialiste genre<\/p><ul class=\"person-kontakt list-pills list-pills-grey\"><li><a href=\"mailto:kuba.walczak3010@gmail.com\">E-Mail<\/a><\/li><\/ul><\/div><\/div><\/div><div class=\"persons-item\"><div class=\"person-container\"><div class=\"person-portrait\"><a href=\"https:\/\/spbe.ch\/fr\/person\/flavia-wasserfallen\/\"><img decoding=\"async\" src=\"https:\/\/spbe.ch\/wp-content\/uploads\/2023\/06\/Flavia_in_den_Staenderat_d_f-600x600.png?v=1711026032\" alt=\"Flavia Wasserfallen\" loading=\"lazy\"><\/a><\/div><div class=\"person-content\"><a href=\"https:\/\/spbe.ch\/fr\/person\/flavia-wasserfallen\/\" class=\"person-name\"><p><strong>Flavia Wasserfallen<\/strong><\/p><\/a><p class=\"person-position\">Repr\u00e9sentante du Conseil national et du Conseil des \u00c9tats <\/p><ul class=\"person-kontakt list-pills list-pills-grey\"><li><a href=\"mailto:flavia.wasserfallen@parl.ch\">E-Mail<\/a><\/li><\/ul><\/div><\/div><\/div><div class=\"persons-item\"><div class=\"person-container\"><div class=\"person-portrait\"><a href=\"https:\/\/spbe.ch\/fr\/person\/clara-wyss-gl\/\"><img decoding=\"async\" src=\"https:\/\/spbe.ch\/wp-content\/uploads\/2025\/07\/Clara-Wyss_021-e1754472008181-600x600.jpg?v=1754471650\" alt=\"Clara Wyss\" loading=\"lazy\"><\/a><\/div><div class=\"person-content\"><a href=\"https:\/\/spbe.ch\/fr\/person\/clara-wyss-gl\/\" class=\"person-name\"><p><strong>Clara Wyss<\/strong><\/p><\/a><p class=\"person-position\">Vice-pr\u00e9sidente<\/p><ul class=\"person-kontakt list-pills list-pills-grey\"><li><a href=\"mailto:clara.wyss@gmail.com\">E-Mail<\/a><\/li><\/ul><\/div><\/div><\/div><\/div><\/div><\/div><\/div>\t\t\t\t<\/div>\n\t\t\t\t<\/div>\n\t\t\t\t\t<\/div>\n\t\t<\/div>\n\t\t\t\t\t<\/div>\n\t\t<\/section>\n\t\t\t\t<\/div>\n\t\t","protected":false},"excerpt":{"rendered":"<p>Gesch\u00e4ftsleitung Die Gesch\u00e4ftsleitung ist zust\u00e4ndig f\u00fcr die strategische F\u00fchrung der SP Kanton Bern. Sie entscheidet \u00fcber politische Richtlinien und Abstimmungs- und Wahlkampagnen. Sie setzt sich aus der Parteileitung, den SP-Regierungsmitgliedern, [&hellip;]<\/p>\n","protected":false},"author":5,"featured_media":0,"parent":30434,"menu_order":0,"comment_status":"closed","ping_status":"closed","template":"","meta":{"footnotes":""},"class_list":["post-86953","page","type-page","status-publish","hentry"],"_links":{"self":[{"href":"https:\/\/spbe.ch\/fr\/wp-json\/wp\/v2\/pages\/86953","targetHints":{"allow":["GET"]}}],"collection":[{"href":"https:\/\/spbe.ch\/fr\/wp-json\/wp\/v2\/pages"}],"about":[{"href":"https:\/\/spbe.ch\/fr\/wp-json\/wp\/v2\/types\/page"}],"author":[{"embeddable":true,"href":"https:\/\/spbe.ch\/fr\/wp-json\/wp\/v2\/users\/5"}],"replies":[{"embeddable":true,"href":"https:\/\/spbe.ch\/fr\/wp-json\/wp\/v2\/comments?post=86953"}],"version-history":[{"count":2,"href":"https:\/\/spbe.ch\/fr\/wp-json\/wp\/v2\/pages\/86953\/revisions"}],"predecessor-version":[{"id":88484,"href":"https:\/\/spbe.ch\/fr\/wp-json\/wp\/v2\/pages\/86953\/revisions\/88484"}],"up":[{"embeddable":true,"href":"https:\/\/spbe.ch\/fr\/wp-json\/wp\/v2\/pages\/30434"}],"wp:attachment":[{"href":"https:\/\/spbe.ch\/fr\/wp-json\/wp\/v2\/media?parent=86953"}],"curies":[{"name":"wp","href":"https:\/\/api.w.org\/{rel}","templated":true}]}}