{"id":86963,"date":"2023-06-01T16:17:44","date_gmt":"2023-06-01T14:17:44","guid":{"rendered":"https:\/\/spbe.spschweiz.ch\/prets\/"},"modified":"2023-06-01T16:17:44","modified_gmt":"2023-06-01T14:17:44","slug":"prets","status":"publish","type":"page","link":"https:\/\/spbe.ch\/fr\/prets\/","title":{"rendered":"Pr\u00eats"},"content":{"rendered":"\t\t<div data-elementor-type=\"wp-page\" data-elementor-id=\"86963\" class=\"elementor elementor-86963 elementor-86894\" data-elementor-post-type=\"page\">\n\t\t\t\t\t\t<section class=\"elementor-section elementor-top-section elementor-element elementor-element-9acf76e elementor-section-boxed elementor-section-height-default elementor-section-height-default\" data-id=\"9acf76e\" data-element_type=\"section\" data-settings=\"{&quot;jet_parallax_layout_list&quot;:[],&quot;background_background&quot;:&quot;classic&quot;}\">\n\t\t\t\t\t\t<div class=\"elementor-container elementor-column-gap-wide\">\n\t\t\t\t\t<div class=\"elementor-column elementor-col-100 elementor-top-column elementor-element elementor-element-19ed508\" data-id=\"19ed508\" data-element_type=\"column\">\n\t\t\t<div class=\"elementor-widget-wrap elementor-element-populated\">\n\t\t\t\t\t\t<div class=\"elementor-element elementor-element-768f3be elementor-widget elementor-widget-heading\" data-id=\"768f3be\" data-element_type=\"widget\" data-widget_type=\"heading.default\">\n\t\t\t\t<div class=\"elementor-widget-container\">\n\t\t\t\t\t<h1 class=\"elementor-heading-title elementor-size-default\">Pr\u00eats<\/h1>\t\t\t\t<\/div>\n\t\t\t\t<\/div>\n\t\t\n\t\t<div class=\"elementor-element elementor-element-ffe76e7 elementor-widget__width-initial elementor-widget elementor-widget-text-editor\" data-id=\"ffe76e7\" data-element_type=\"widget\" data-widget_type=\"text-editor.default\">\n\t\t\t\t<div class=\"elementor-widget-container\">\n\t\t\t\t\t\t\t\t\t<p>Les sections du PS canton de Berne peuvent emprunter le mat\u00e9riel suivant. Sauf mention contraire, le pr\u00eat est gratuit. Le mat\u00e9riel de consommation doit \u00eatre organis\u00e9 par les membres eux-m\u00eames.<\/p>\n\t\t\t\t\t\t\t\t<\/div>\n\t\t\t\t<\/div>\n\t\t\t\t\t<\/div>\n\t\t<\/div>\n\t\t\t\t\t<\/div>\n\t\t<\/section>\n\t\t\t\t<section class=\"elementor-section elementor-top-section elementor-element elementor-element-4aa00dd elementor-section-boxed elementor-section-height-default elementor-section-height-default\" data-id=\"4aa00dd\" data-element_type=\"section\" data-settings=\"{&quot;jet_parallax_layout_list&quot;:[]}\">\n\t\t\t\t\t\t<div class=\"elementor-container elementor-column-gap-default\">\n\t\t\t\t\t<div class=\"elementor-column elementor-col-100 elementor-top-column elementor-element elementor-element-fa4e29d\" data-id=\"fa4e29d\" data-element_type=\"column\">\n\t\t\t<div class=\"elementor-widget-wrap elementor-element-populated\">\n\t\t\t\t\t\t<div class=\"elementor-element elementor-element-a6664b1 elementor-widget elementor-widget-wpforms\" data-id=\"a6664b1\" data-element_type=\"widget\" data-widget_type=\"wpforms.default\">\n\t\t\t\t<div class=\"elementor-widget-container\">\n\t\t\t\t\t<div class=\"wpforms-container wpforms-container-full\" id=\"wpforms-86891\"><form id=\"wpforms-form-86891\" class=\"wpforms-validate wpforms-form wpforms-ajax-form\" data-formid=\"86891\" method=\"post\" enctype=\"multipart\/form-data\" action=\"\/fr\/wp-json\/wp\/v2\/pages\/86963\" data-token=\"2666251c703201986b8ef799944b2492\" data-token-time=\"1776401318\"><noscript class=\"wpforms-error-noscript\">Veuillez activer JavaScript dans votre navigateur pour remplir ce formulaire.<\/noscript><div class=\"wpforms-page-indicator progress\" data-indicator=\"progress\" data-indicator-color=\"#72b239\" data-scroll=\"1\"><span class=\"wpforms-page-indicator-page-title\" ><\/span><span class=\"wpforms-page-indicator-page-title-sep\" style=\"display:none;\"> - <\/span><span class=\"wpforms-page-indicator-steps\">\u00c9tape <span class=\"wpforms-page-indicator-steps-current\">1<\/span> sur 2<\/span><div class=\"wpforms-page-indicator-page-progress-wrap\"><div class=\"wpforms-page-indicator-page-progress\" style=\"width:50%;background-color:#72b239\"><\/div><\/div><\/div><div class=\"wpforms-field-container\"><div class=\"wpforms-page wpforms-page-1 \" data-page=\"1\"><div id=\"wpforms-86891-field_40-container\" class=\"wpforms-field wpforms-field-pagebreak\" data-field-id=\"40\"><\/div><div id=\"wpforms-86891-field_53-container\" class=\"wpforms-field wpforms-field-text\" data-field-id=\"53\"><label class=\"wpforms-field-label\" for=\"wpforms-86891-field_53\">Plakatst\u00e4nder \/ Porte-affiches<\/label><input type=\"text\" id=\"wpforms-86891-field_53\" class=\"wpforms-field-medium\" name=\"wpforms[fields][53]\" ><div class=\"wpforms-field-description\">Anzahl (Max. 4)<\/div><\/div><div id=\"wpforms-86891-field_54-container\" class=\"wpforms-field wpforms-field-text\" data-field-id=\"54\"><label class=\"wpforms-field-label\" for=\"wpforms-86891-field_54\">Ballonhahn \/ Robinet pour ballons<\/label><input type=\"text\" id=\"wpforms-86891-field_54\" class=\"wpforms-field-medium\" name=\"wpforms[fields][54]\" ><div class=\"wpforms-field-description\">Ballone k\u00f6nnen \u00fcber den Shop der SP Kanton Bern gekauft werden. Heliumflaschen m\u00fcssen selber bestellt werden.  \/ Les ballons peuvent \u00eatre achet\u00e9s via le PS canton de Berne. Les bouteilles d'h\u00e9lium doivent \u00eatre command\u00e9es par les participants eux-m\u00eames. <\/div><\/div><div id=\"wpforms-86891-field_55-container\" class=\"wpforms-field wpforms-field-text\" data-field-id=\"55\"><label class=\"wpforms-field-label\" for=\"wpforms-86891-field_55\">Bogenfahnen \/ Drapeaux en arc<\/label><input type=\"text\" id=\"wpforms-86891-field_55\" class=\"wpforms-field-medium\" name=\"wpforms[fields][55]\" ><div class=\"wpforms-field-description\">Anzahl (Max. 4)<\/div><\/div><div id=\"wpforms-86891-field_65-container\" class=\"wpforms-field wpforms-field-checkbox\" data-field-id=\"65\"><label class=\"wpforms-field-label\">Weiteres (Alles nur einmal vorhanden)<\/label><ul id=\"wpforms-86891-field_65\"><li class=\"choice-1 depth-1\"><input type=\"checkbox\" id=\"wpforms-86891-field_65_1\" name=\"wpforms[fields][65][]\" value=\"Zwirbelrad\"  ><label class=\"wpforms-field-label-inline\" for=\"wpforms-86891-field_65_1\">Zwirbelrad<\/label><\/li><li class=\"choice-2 depth-1\"><input type=\"checkbox\" id=\"wpforms-86891-field_65_2\" name=\"wpforms[fields][65][]\" value=\"Riesen Vier-Gewinnt\"  ><label class=\"wpforms-field-label-inline\" for=\"wpforms-86891-field_65_2\">Riesen Vier-Gewinnt<\/label><\/li><li class=\"choice-5 depth-1\"><input type=\"checkbox\" id=\"wpforms-86891-field_65_5\" name=\"wpforms[fields][65][]\" value=\"Klipp-Klapp Stand ( Tisch f\u00fcr Standaktion mit Plakatst\u00e4ndern &amp; Sonnenschirm)\"  ><label class=\"wpforms-field-label-inline\" for=\"wpforms-86891-field_65_5\">Klipp-Klapp Stand ( Tisch f\u00fcr Standaktion mit Plakatst\u00e4ndern &amp; Sonnenschirm)<\/label><\/li><\/ul><\/div><div id=\"wpforms-86891-field_39-container\" class=\"wpforms-field wpforms-field-pagebreak\" data-field-id=\"39\"><div class=\"wpforms-clear wpforms-pagebreak-left\"><button class=\"wpforms-page-button wpforms-page-next\" data-action=\"next\" data-page=\"1\" data-formid=\"86891\" disabled>Weiter<\/button><\/div><\/div><\/div><div class=\"wpforms-page wpforms-page-2 last \" data-page=\"2\" style=\"display:none;\"><div id=\"wpforms-86891-field_42-container\" class=\"wpforms-field wpforms-field-text\" data-field-id=\"42\"><label class=\"wpforms-field-label\" for=\"wpforms-86891-field_42\">Sektion \/Section <span class=\"wpforms-required-label\">*<\/span><\/label><input type=\"text\" id=\"wpforms-86891-field_42\" class=\"wpforms-field-medium wpforms-field-required\" name=\"wpforms[fields][42]\" required><\/div><div id=\"wpforms-86891-field_43-container\" class=\"wpforms-field wpforms-field-name\" data-field-id=\"43\"><label class=\"wpforms-field-label\">Name \/ Nom <span class=\"wpforms-required-label\">*<\/span><\/label><div class=\"wpforms-field-row wpforms-field-medium\"><div class=\"wpforms-field-row-block wpforms-first wpforms-one-half\"><input type=\"text\" id=\"wpforms-86891-field_43\" class=\"wpforms-field-name-first wpforms-field-required\" name=\"wpforms[fields][43][first]\" required><label for=\"wpforms-86891-field_43\" class=\"wpforms-field-sublabel after\">Pr\u00e9nom<\/label><\/div><div class=\"wpforms-field-row-block wpforms-one-half\"><input type=\"text\" id=\"wpforms-86891-field_43-last\" class=\"wpforms-field-name-last wpforms-field-required\" name=\"wpforms[fields][43][last]\" required><label for=\"wpforms-86891-field_43-last\" class=\"wpforms-field-sublabel after\">Nom<\/label><\/div><\/div><\/div><div id=\"wpforms-86891-field_45-container\" class=\"wpforms-field wpforms-field-text\" data-field-id=\"45\"><label class=\"wpforms-field-label\" for=\"wpforms-86891-field_45\">Adresse <span class=\"wpforms-required-label\">*<\/span><\/label><input type=\"text\" id=\"wpforms-86891-field_45\" class=\"wpforms-field-medium wpforms-field-required\" name=\"wpforms[fields][45]\" required><\/div><div id=\"wpforms-86891-field_46-container\" class=\"wpforms-field wpforms-field-text\" data-field-id=\"46\"><label class=\"wpforms-field-label\" for=\"wpforms-86891-field_46\">PLZ &amp; Ort \/ Code postal &amp; Lieu  <span class=\"wpforms-required-label\">*<\/span><\/label><input type=\"text\" id=\"wpforms-86891-field_46\" class=\"wpforms-field-medium wpforms-field-required\" name=\"wpforms[fields][46]\" required><\/div><div id=\"wpforms-86891-field_47-container\" class=\"wpforms-field wpforms-field-phone\" data-field-id=\"47\"><label class=\"wpforms-field-label\" for=\"wpforms-86891-field_47\">Telefon \/ T\u00e9l\u00e9phone <span class=\"wpforms-required-label\">*<\/span><\/label><input type=\"tel\" id=\"wpforms-86891-field_47\" class=\"wpforms-field-medium wpforms-field-required wpforms-smart-phone-field\" data-rule-smart-phone-field=\"true\" name=\"wpforms[fields][47]\" aria-label=\"Telefon \/ T\u00e9l\u00e9phone\" required><\/div><div id=\"wpforms-86891-field_48-container\" class=\"wpforms-field wpforms-field-email\" data-field-id=\"48\"><label class=\"wpforms-field-label\" for=\"wpforms-86891-field_48\">E-Mail \/ Courrier \u00e9lectronique <span class=\"wpforms-required-label\">*<\/span><\/label><input type=\"email\" id=\"wpforms-86891-field_48\" class=\"wpforms-field-medium wpforms-field-required\" name=\"wpforms[fields][48]\" spellcheck=\"false\" required><\/div><div id=\"wpforms-86891-field_64-container\" class=\"wpforms-field wpforms-field-text\" data-field-id=\"64\"><label class=\"wpforms-field-label\" for=\"wpforms-86891-field_64\">Zeitraum Ausleihe (Von - Bis) <span class=\"wpforms-required-label\">*<\/span><\/label><input type=\"text\" id=\"wpforms-86891-field_64\" class=\"wpforms-field-medium wpforms-field-required\" name=\"wpforms[fields][64]\" required><div class=\"wpforms-field-description\">Achtung: Das Material kann f\u00fcr maximal eine Woche ausgelehnt werden. <\/div><\/div><div id=\"wpforms-86891-field_41-container\" class=\"wpforms-field wpforms-field-pagebreak\" data-field-id=\"41\"><div class=\"wpforms-clear wpforms-pagebreak-left\"><\/div><\/div><\/div><\/div><!-- .wpforms-field-container --><div class=\"wpforms-submit-container\" style=\"display:none;\"><input type=\"hidden\" name=\"wpforms[id]\" value=\"86891\"><input type=\"hidden\" name=\"page_title\" value=\"\"><input type=\"hidden\" name=\"page_url\" value=\"https:\/\/spbe.ch\/fr\/wp-json\/wp\/v2\/pages\/86963\"><input type=\"hidden\" name=\"url_referer\" value=\"\"><button type=\"submit\" name=\"wpforms[submit]\" id=\"wpforms-submit-86891\" class=\"wpforms-submit\" data-alt-text=\"Senden\u2026\" data-submit-text=\"Absenden\" aria-live=\"assertive\" value=\"wpforms-submit\">Absenden<\/button><img decoding=\"async\" src=\"https:\/\/spbe.ch\/wp-content\/plugins\/wpforms\/assets\/images\/submit-spin.svg\" class=\"wpforms-submit-spinner\" style=\"display: none;\" width=\"26\" height=\"26\" alt=\"Chargement en cours\"><\/div><\/form><\/div>  <!-- .wpforms-container -->\t\t\t\t<\/div>\n\t\t\t\t<\/div>\n\t\t\t\t\t<\/div>\n\t\t<\/div>\n\t\t\t\t\t<\/div>\n\t\t<\/section>\n\t\t\t\t<\/div>\n\t\t","protected":false},"excerpt":{"rendered":"<p>Pr\u00eats Les sections du PS canton de Berne peuvent emprunter le mat\u00e9riel suivant. Sauf mention contraire, le pr\u00eat est gratuit. Le mat\u00e9riel de consommation doit \u00eatre organis\u00e9 par les membres [&hellip;]<\/p>\n","protected":false},"author":5,"featured_media":0,"parent":0,"menu_order":0,"comment_status":"closed","ping_status":"closed","template":"","meta":{"footnotes":""},"class_list":["post-86963","page","type-page","status-publish","hentry"],"_links":{"self":[{"href":"https:\/\/spbe.ch\/fr\/wp-json\/wp\/v2\/pages\/86963","targetHints":{"allow":["GET"]}}],"collection":[{"href":"https:\/\/spbe.ch\/fr\/wp-json\/wp\/v2\/pages"}],"about":[{"href":"https:\/\/spbe.ch\/fr\/wp-json\/wp\/v2\/types\/page"}],"author":[{"embeddable":true,"href":"https:\/\/spbe.ch\/fr\/wp-json\/wp\/v2\/users\/5"}],"replies":[{"embeddable":true,"href":"https:\/\/spbe.ch\/fr\/wp-json\/wp\/v2\/comments?post=86963"}],"version-history":[{"count":1,"href":"https:\/\/spbe.ch\/fr\/wp-json\/wp\/v2\/pages\/86963\/revisions"}],"predecessor-version":[{"id":86964,"href":"https:\/\/spbe.ch\/fr\/wp-json\/wp\/v2\/pages\/86963\/revisions\/86964"}],"wp:attachment":[{"href":"https:\/\/spbe.ch\/fr\/wp-json\/wp\/v2\/media?parent=86963"}],"curies":[{"name":"wp","href":"https:\/\/api.w.org\/{rel}","templated":true}]}}