
{"id":91804,"date":"2025-11-19T14:38:58","date_gmt":"2025-11-19T13:38:58","guid":{"rendered":"https:\/\/spbe.ch\/themes-elections-au-grand-conseil\/"},"modified":"2026-02-17T16:13:21","modified_gmt":"2026-02-17T15:13:21","slug":"themes-elections-au-grand-conseil","status":"publish","type":"page","link":"https:\/\/spbe.ch\/fr\/themes-elections-au-grand-conseil\/","title":{"rendered":"Th\u00e8mes \u00c9lections au Grand Conseil"},"content":{"rendered":"\t\t<div data-elementor-type=\"wp-page\" data-elementor-id=\"91804\" class=\"elementor elementor-91804 elementor-91463\" data-elementor-post-type=\"page\">\n\t\t\t\t\t\t<section class=\"elementor-section elementor-top-section elementor-element elementor-element-41dfc422 elementor-section-boxed elementor-section-height-default elementor-section-height-default\" data-id=\"41dfc422\" data-element_type=\"section\" data-settings=\"{&quot;jet_parallax_layout_list&quot;:[],&quot;background_background&quot;:&quot;classic&quot;}\">\n\t\t\t\t\t\t<div class=\"elementor-container elementor-column-gap-default\">\n\t\t\t\t\t<div class=\"elementor-column elementor-col-100 elementor-top-column elementor-element elementor-element-523e845d\" data-id=\"523e845d\" data-element_type=\"column\">\n\t\t\t<div class=\"elementor-widget-wrap elementor-element-populated\">\n\t\t\t\t\t\t<div class=\"elementor-element elementor-element-6c4e5a4a elementor-widget elementor-widget-heading\" data-id=\"6c4e5a4a\" data-element_type=\"widget\" data-widget_type=\"heading.default\">\n\t\t\t\t<div class=\"elementor-widget-container\">\n\t\t\t\t\t<h2 class=\"elementor-heading-title elementor-size-default\">\u00c9lections au Grand Conseil<\/h2>\t\t\t\t<\/div>\n\t\t\t\t<\/div>\n\t\t\t\t<div class=\"elementor-element elementor-element-647b2259 elementor-widget elementor-widget-heading\" data-id=\"647b2259\" data-element_type=\"widget\" data-widget_type=\"heading.default\">\n\t\t\t\t<div class=\"elementor-widget-container\">\n\t\t\t\t\t<h2 class=\"elementor-heading-title elementor-size-default\">Pour l'\u00e9galit\u00e9, le pouvoir d'achat, la protection du climat et l'\u00e9nergie<\/h2>\t\t\t\t<\/div>\n\t\t\t\t<\/div>\n\t\t\t\t\t<\/div>\n\t\t<\/div>\n\t\t\t\t\t<\/div>\n\t\t<\/section>\n\t\t\t\t<section class=\"elementor-section elementor-top-section elementor-element elementor-element-641cc38d elementor-section-boxed elementor-section-height-default elementor-section-height-default\" data-id=\"641cc38d\" data-element_type=\"section\" data-settings=\"{&quot;jet_parallax_layout_list&quot;:[]}\">\n\t\t\t\t\t\t<div class=\"elementor-container elementor-column-gap-default\">\n\t\t\t\t\t<div class=\"elementor-column elementor-col-100 elementor-top-column elementor-element elementor-element-7d84710d\" data-id=\"7d84710d\" data-element_type=\"column\">\n\t\t\t<div class=\"elementor-widget-wrap elementor-element-populated\">\n\t\t\t\t\t\t<div class=\"elementor-element elementor-element-406edb93 elementor-widget elementor-widget-heading\" data-id=\"406edb93\" data-element_type=\"widget\" data-widget_type=\"heading.default\">\n\t\t\t\t<div class=\"elementor-widget-container\">\n\t\t\t\t\t<h2 class=\"elementor-heading-title elementor-size-default\">Nos th\u00e8mes<\/h2>\t\t\t\t<\/div>\n\t\t\t\t<\/div>\n\t\t\t\t<div class=\"elementor-element elementor-element-993f80e elementor-widget elementor-widget-accordion\" data-id=\"993f80e\" data-element_type=\"widget\" data-widget_type=\"accordion.default\">\n\t\t\t\t<div class=\"elementor-widget-container\">\n\t\t\t\t\t\t\t<div class=\"elementor-accordion\">\n\t\t\t\t\t\t\t<div class=\"elementor-accordion-item\">\n\t\t\t\t\t<div id=\"elementor-tab-title-1601\" class=\"elementor-tab-title\" data-tab=\"1\" role=\"button\" aria-controls=\"elementor-tab-content-1601\" aria-expanded=\"false\">\n\t\t\t\t\t\t\t\t\t\t\t\t\t<span class=\"elementor-accordion-icon elementor-accordion-icon-left\" aria-hidden=\"true\">\n\t\t\t\t\t\t\t\t\t\t\t\t\t\t\t<span class=\"elementor-accordion-icon-closed\"><i class=\"fas fa-plus\"><\/i><\/span>\n\t\t\t\t\t\t\t\t<span class=\"elementor-accordion-icon-opened\"><i class=\"fas fa-minus\"><\/i><\/span>\n\t\t\t\t\t\t\t\t\t\t\t\t\t\t<\/span>\n\t\t\t\t\t\t\t\t\t\t\t\t<a class=\"elementor-accordion-title\" tabindex=\"0\">Nous prenons parti pour un canton de berne solidaire<\/a>\n\t\t\t\t\t<\/div>\n\t\t\t\t\t<div id=\"elementor-tab-content-1601\" class=\"elementor-tab-content elementor-clearfix\" data-tab=\"1\" role=\"region\" aria-labelledby=\"elementor-tab-title-1601\"><p>Les d\u00e9fis sont grands \u2013 et ils nous concernent tous et toutes.<\/p>\n<p>Le PS du canton de Berne exige des mesures r\u00e9solues pour la justice sociale, la protection du climat et l\u2019\u00e9galit\u00e9. La hausse du co\u00fbt de la vie, la stagnation des salaires et l\u2019ins\u00e9curit\u00e9 croissante pr\u00e9sent sur la population, tandis que les grandes entreprises r\u00e9alisent des profits \u00e9lev\u00e9s et que les majorit\u00e9s bourgeoises d\u00e9mant\u00e8lent l\u2019\u00c9tat sociale. Nous y opposons la chaleur sociale et la solidarit\u00e9. Nous voulons un canton de Berne social qui ne laisse personne de c\u00f4t\u00e9 et exigeons\u00a0:<\/p>\n<ul>\n<li>Le renforcement du pouvoir d\u2019achat et la r\u00e9duction des in\u00e9galit\u00e9s sociales<\/li>\n<li>La lutte contre la crise climatique et la s\u00e9curit\u00e9 de l\u2019approvisionnement<\/li>\n<li>Des progr\u00e8s en mati\u00e8re d\u2019\u00e9galit\u00e9<\/li>\n<\/ul>\n<p>Ce n\u2019est qu\u2019en agissant ensemble, avec courage et coh\u00e9sion, que nous pourrons parvenir \u00e0 un avenir juste et durable.<\/p>\n<\/div>\n\t\t\t\t<\/div>\n\t\t\t\t\t\t\t<div class=\"elementor-accordion-item\">\n\t\t\t\t\t<div id=\"elementor-tab-title-1602\" class=\"elementor-tab-title\" data-tab=\"2\" role=\"button\" aria-controls=\"elementor-tab-content-1602\" aria-expanded=\"false\">\n\t\t\t\t\t\t\t\t\t\t\t\t\t<span class=\"elementor-accordion-icon elementor-accordion-icon-left\" aria-hidden=\"true\">\n\t\t\t\t\t\t\t\t\t\t\t\t\t\t\t<span class=\"elementor-accordion-icon-closed\"><i class=\"fas fa-plus\"><\/i><\/span>\n\t\t\t\t\t\t\t\t<span class=\"elementor-accordion-icon-opened\"><i class=\"fas fa-minus\"><\/i><\/span>\n\t\t\t\t\t\t\t\t\t\t\t\t\t\t<\/span>\n\t\t\t\t\t\t\t\t\t\t\t\t<a class=\"elementor-accordion-title\" tabindex=\"0\">Nous prenons parti pour plus de pouvoir d\u2019achat et de prosp\u00e9rit\u00e9 <\/a>\n\t\t\t\t\t<\/div>\n\t\t\t\t\t<div id=\"elementor-tab-content-1602\" class=\"elementor-tab-content elementor-clearfix\" data-tab=\"2\" role=\"region\" aria-labelledby=\"elementor-tab-title-1602\"><p>La Suisse est riche, mais la prosp\u00e9rit\u00e9 est r\u00e9partie de mani\u00e8re in\u00e9gale. Alors que les loyers, les primes d\u2019assurance maladie et le co\u00fbt de la vie augmentent, les salaires et les retraites stagnent. De nombreuses personnes se trouvent ainsi sous pression financi\u00e8re. Le PS r\u00e9clame donc une politique qui renforce la s\u00e9curit\u00e9 sociale au lieu de la d\u00e9manteler. Nous nous engageons pour :<\/p>\n<ul>\n<li>Une vie abordable\u00a0: les loyers moins \u00e9lev\u00e9s, des r\u00e9ductions sur les primes d\u2019assurance maladie et des transports public moins chers.<\/li>\n<li>Des salaires et des retraites \u00e9quitables\u00a0: de meilleures conditions de travail, en particulier dans le secteur de la sant\u00e9, des salaires plus \u00e9lev\u00e9s et une AVS forte pour lutter contre la pauvret\u00e9 des personnes \u00e2g\u00e9es.<\/li>\n<li>Des soins de sant\u00e9 sociaux\u00a0: une couverture m\u00e9dicale compl\u00e8te at aucune mesure d\u2019\u00e9conomie dans les soins et les h\u00f4pitaux.<\/li>\n<li>Une politique fiscale \u00e9quitable\u00a0: un all\u00e8gement fiscal pour la population au lieu d\u2019avantages suppl\u00e9mentaires pour les grandes entreprises et les riches.<\/li>\n<\/ul>\n<p>L\u2019objectif est de cr\u00e9er un canton de Berne \u00e9quitable, solidaire et social, dans lequel tout le monde peut profiter de la prosp\u00e9rit\u00e9.<\/p>\n<\/div>\n\t\t\t\t<\/div>\n\t\t\t\t\t\t\t<div class=\"elementor-accordion-item\">\n\t\t\t\t\t<div id=\"elementor-tab-title-1603\" class=\"elementor-tab-title\" data-tab=\"3\" role=\"button\" aria-controls=\"elementor-tab-content-1603\" aria-expanded=\"false\">\n\t\t\t\t\t\t\t\t\t\t\t\t\t<span class=\"elementor-accordion-icon elementor-accordion-icon-left\" aria-hidden=\"true\">\n\t\t\t\t\t\t\t\t\t\t\t\t\t\t\t<span class=\"elementor-accordion-icon-closed\"><i class=\"fas fa-plus\"><\/i><\/span>\n\t\t\t\t\t\t\t\t<span class=\"elementor-accordion-icon-opened\"><i class=\"fas fa-minus\"><\/i><\/span>\n\t\t\t\t\t\t\t\t\t\t\t\t\t\t<\/span>\n\t\t\t\t\t\t\t\t\t\t\t\t<a class=\"elementor-accordion-title\" tabindex=\"0\">Nous prenons parti pour la protection du climat et l\u2019\u00e9nergie<\/a>\n\t\t\t\t\t<\/div>\n\t\t\t\t\t<div id=\"elementor-tab-content-1603\" class=\"elementor-tab-content elementor-clearfix\" data-tab=\"3\" role=\"region\" aria-labelledby=\"elementor-tab-title-1603\"><p>La protection du climat et un avenir \u00e9nerg\u00e9tique s\u00fbr et social n\u00e9cessitent une action r\u00e9solue. Des d\u00e9cennies de blocages par les compagnies p\u00e9troli\u00e8res ont renforc\u00e9 la d\u00e9pendance aux \u00e9nergies fossiles \u2013 le canton de Berne doit d\u00e9sormais prendre ses responsabilit\u00e9s. C\u2019est pourquoi nous demandons\u00a0:<\/p>\n<ul>\n<li>Des transports durables\u00a0: d\u00e9veloppement des transports publics et des pistes cyclables s\u00e9curis\u00e9es, r\u00e9duction du trafic automobile, meilleure desserte de toutes les r\u00e9gions.<\/li>\n<li>\u00c9nergies renouvelables\u00a0: promotion de l\u2019\u00e9nergie hydraulique, solaire et \u00e9toilienne, d\u00e9veloppement du chauffage urbain et des syst\u00e8mes de stockage d\u2019\u00e9lectricit\u00e9, interdiction des nouveaux syst\u00e8mes de chauffage au p\u00e9trole et au gaz, utilisation des toits pour les installations solidaires.<\/li>\n<li>Investissements respectueux du climat\u00a0: les fonds publics, les caisses de pension et al banque cantonale doivent se retirer des investissements dans les \u00e9nergies fossiles et investir dans des projets respectueux du climat.<\/li>\n<li>Une protection du climat socialement acceptable\u00a0: la protection du climat ne doit d\u00e9favoriser personne \u2013 les investissements doivent \u00e9galement cr\u00e9er des emplois, en particulier dans les r\u00e9gions rurales.<\/li>\n<\/ul>\n<p>L\u2019objectif est un approvisionnement \u00e9nerg\u00e9tique \u00e9quitable, ind\u00e9pendant et durable qui prot\u00e8ge \u00e0 la fois les personnes et l\u2019environnement.<\/p>\n<\/div>\n\t\t\t\t<\/div>\n\t\t\t\t\t\t\t<div class=\"elementor-accordion-item\">\n\t\t\t\t\t<div id=\"elementor-tab-title-1604\" class=\"elementor-tab-title\" data-tab=\"4\" role=\"button\" aria-controls=\"elementor-tab-content-1604\" aria-expanded=\"false\">\n\t\t\t\t\t\t\t\t\t\t\t\t\t<span class=\"elementor-accordion-icon elementor-accordion-icon-left\" aria-hidden=\"true\">\n\t\t\t\t\t\t\t\t\t\t\t\t\t\t\t<span class=\"elementor-accordion-icon-closed\"><i class=\"fas fa-plus\"><\/i><\/span>\n\t\t\t\t\t\t\t\t<span class=\"elementor-accordion-icon-opened\"><i class=\"fas fa-minus\"><\/i><\/span>\n\t\t\t\t\t\t\t\t\t\t\t\t\t\t<\/span>\n\t\t\t\t\t\t\t\t\t\t\t\t<a class=\"elementor-accordion-title\" tabindex=\"0\">Nous prenons parti pour l\u2019\u00e9galit\u00e9 et l\u2019\u00e9galit\u00e9 des chances<\/a>\n\t\t\t\t\t<\/div>\n\t\t\t\t\t<div id=\"elementor-tab-content-1604\" class=\"elementor-tab-content elementor-clearfix\" data-tab=\"4\" role=\"region\" aria-labelledby=\"elementor-tab-title-1604\"><p>L\u2019\u00e9galit\u00e9 concerne tout le monde \u2013 elle est une condition pr\u00e9alable \u00e0 une soci\u00e9t\u00e9 juste. Malgr\u00e9 les progr\u00e8s r\u00e9alis\u00e9s, de grandes in\u00e9galit\u00e9s persistent en mati\u00e8re de salaires, de conciliation entre vie familiale et vie professionnelle, ainsi que dans la lutte contre le sexisme et la violence. Nous voulons\u00a0:<\/p>\n<ul>\n<li>Plus de cong\u00e9s parentaux et de structures d\u2019accueil\u00a0: des cr\u00e8ches gratuites et inclusives partout, des horaires de travail plus courts et des cong\u00e9s parentaux plus longs pour une r\u00e9partition \u00e9quitable du travail r\u00e9mun\u00e9r\u00e9 et des t\u00e2ches domestiques.<\/li>\n<li>Une protection contre la violence\u00a0: une pr\u00e9vention et un soutien syst\u00e9matiques pour les personnes concern\u00e9es, le d\u00e9veloppement des foyers pour femmes et des espaces s\u00e9curis\u00e9s, une r\u00e8gle p\u00e9nale claire\u00a0: seul \u00ab\u00a0oui\u00a0\u00bb signifie \u00ab\u00a0oui\u00a0\u00bb.<\/li>\n<li>Respect et diversit\u00e9\u00a0: acceptation de tous les modes de vie, sensibilisation \u00e0 l\u2019homophobie et \u00e0 la transphobie, \u00e9galit\u00e9 juridique totale pour les familles arc-en-ciel.<\/li>\n<li>\u00c9ducation et bilinguisme\u00a0: maintien de l\u2019apprentissage pr\u00e9coce du fran\u00e7ais, conditions de travail \u00e9quitables et meilleurs salaires dans le secteur de l\u2019\u00e9ducation, pas d\u2019augmentation des frais de scolarit\u00e9 \u2013 l\u2019\u00e9ducation doit rester accessible \u00e0 tous.<\/li>\n<li>\u00c9galit\u00e9 des chances pour les migrant-e-s\u00a0: salaires \u00e9quitables, conditions de travail s\u00fbres, acc\u00e8s \u00e0 l\u2019\u00e9ducation et \u00e0 la formation, et naturalisation facilit\u00e9e.<\/li>\n<\/ul>\n<p>&nbsp;<\/p>\n<p>\u00a0L\u2019objectif est de cr\u00e9er un canton de Berne ouvert, respectueux et \u00e9quitable, o\u00f9 toutes les personnes ont les m\u00eames droits et les m\u00eames chance, ind\u00e9pendamment de leur sexe, de leur origine ou de leur identit\u00e9.<\/p>\n<\/div>\n\t\t\t\t<\/div>\n\t\t\t\t\t\t\t\t<\/div>\n\t\t\t\t\t\t<\/div>\n\t\t\t\t<\/div>\n\t\t\t\t\t<\/div>\n\t\t<\/div>\n\t\t\t\t\t<\/div>\n\t\t<\/section>\n\t\t\t\t<section class=\"elementor-section elementor-top-section elementor-element elementor-element-74695329 elementor-section-boxed elementor-section-height-default elementor-section-height-default\" data-id=\"74695329\" data-element_type=\"section\" data-settings=\"{&quot;jet_parallax_layout_list&quot;:[]}\">\n\t\t\t\t\t\t<div class=\"elementor-container elementor-column-gap-default\">\n\t\t\t\t\t<div class=\"elementor-column elementor-col-100 elementor-top-column elementor-element elementor-element-728ef3ba\" data-id=\"728ef3ba\" data-element_type=\"column\">\n\t\t\t<div class=\"elementor-widget-wrap elementor-element-populated\">\n\t\t\t\t\t\t<div class=\"elementor-element elementor-element-7fa532c elementor-align-center elementor-widget elementor-widget-button\" data-id=\"7fa532c\" data-element_type=\"widget\" data-widget_type=\"button.default\">\n\t\t\t\t<div class=\"elementor-widget-container\">\n\t\t\t\t\t\t\t\t\t<div class=\"elementor-button-wrapper\">\n\t\t\t\t\t<a class=\"elementor-button elementor-button-link elementor-size-sm\" href=\"https:\/\/spbe.ch\/wp-content\/uploads\/2025\/11\/Wahlplattform-gestaltet-fr.pdf\">\n\t\t\t\t\t\t<span class=\"elementor-button-content-wrapper\">\n\t\t\t\t\t\t\t\t\t<span class=\"elementor-button-text\">T\u00e9l\u00e9charger l'int\u00e9gralit\u00e9 du plateforme \u00e9lectorale<\/span>\n\t\t\t\t\t<\/span>\n\t\t\t\t\t<\/a>\n\t\t\t\t<\/div>\n\t\t\t\t\t\t\t\t<\/div>\n\t\t\t\t<\/div>\n\t\t\t\t<div class=\"elementor-element elementor-element-a517702 elementor-align-center elementor-widget elementor-widget-button\" data-id=\"a517702\" data-element_type=\"widget\" data-widget_type=\"button.default\">\n\t\t\t\t<div class=\"elementor-widget-container\">\n\t\t\t\t\t\t\t\t\t<div class=\"elementor-button-wrapper\">\n\t\t\t\t\t<a class=\"elementor-button elementor-button-link elementor-size-sm\" href=\"http:\/\/Nos%20candidat-e-s%20dans%20les%20circonscriptions%20\u00e9lectorales\">\n\t\t\t\t\t\t<span class=\"elementor-button-content-wrapper\">\n\t\t\t\t\t\t\t\t\t<span class=\"elementor-button-text\">Vers les candidat-e-s<\/span>\n\t\t\t\t\t<\/span>\n\t\t\t\t\t<\/a>\n\t\t\t\t<\/div>\n\t\t\t\t\t\t\t\t<\/div>\n\t\t\t\t<\/div>\n\t\t\t\t\t<\/div>\n\t\t<\/div>\n\t\t\t\t\t<\/div>\n\t\t<\/section>\n\t\t\t\t<\/div>\n\t\t","protected":false},"excerpt":{"rendered":"<p>\u00c9lections au Grand Conseil Pour l&#8217;\u00e9galit\u00e9, le pouvoir d&#8217;achat, la protection du climat et l&#8217;\u00e9nergie Nos th\u00e8mes Nous prenons parti pour un canton de berne solidaire Les d\u00e9fis sont grands [&hellip;]<\/p>\n","protected":false},"author":5,"featured_media":0,"parent":0,"menu_order":0,"comment_status":"closed","ping_status":"closed","template":"","meta":{"footnotes":""},"class_list":["post-91804","page","type-page","status-publish","hentry"],"_links":{"self":[{"href":"https:\/\/spbe.ch\/fr\/wp-json\/wp\/v2\/pages\/91804","targetHints":{"allow":["GET"]}}],"collection":[{"href":"https:\/\/spbe.ch\/fr\/wp-json\/wp\/v2\/pages"}],"about":[{"href":"https:\/\/spbe.ch\/fr\/wp-json\/wp\/v2\/types\/page"}],"author":[{"embeddable":true,"href":"https:\/\/spbe.ch\/fr\/wp-json\/wp\/v2\/users\/5"}],"replies":[{"embeddable":true,"href":"https:\/\/spbe.ch\/fr\/wp-json\/wp\/v2\/comments?post=91804"}],"version-history":[{"count":4,"href":"https:\/\/spbe.ch\/fr\/wp-json\/wp\/v2\/pages\/91804\/revisions"}],"predecessor-version":[{"id":93379,"href":"https:\/\/spbe.ch\/fr\/wp-json\/wp\/v2\/pages\/91804\/revisions\/93379"}],"wp:attachment":[{"href":"https:\/\/spbe.ch\/fr\/wp-json\/wp\/v2\/media?parent=91804"}],"curies":[{"name":"wp","href":"https:\/\/api.w.org\/{rel}","templated":true}]}}