{"id":93063,"date":"2026-01-27T16:07:27","date_gmt":"2026-01-27T15:07:27","guid":{"rendered":"https:\/\/spbe.ch\/nos-candidat-e-s-dans-les-circonscriptions-electorales\/"},"modified":"2026-01-27T16:26:47","modified_gmt":"2026-01-27T15:26:47","slug":"nos-candidat-e-s-dans-les-circonscriptions-electorales","status":"publish","type":"page","link":"https:\/\/spbe.ch\/fr\/nos-candidat-e-s-dans-les-circonscriptions-electorales\/","title":{"rendered":"Nos candidat-e-s dans les circonscriptions \u00e9lectorales"},"content":{"rendered":"\t\t<div data-elementor-type=\"wp-page\" data-elementor-id=\"93063\" class=\"elementor elementor-93063 elementor-91447\" data-elementor-post-type=\"page\">\n\t\t\t\t\t\t<section class=\"elementor-section elementor-top-section elementor-element elementor-element-2ea3ba06 elementor-section-boxed elementor-section-height-default elementor-section-height-default\" data-id=\"2ea3ba06\" data-element_type=\"section\" data-settings=\"{&quot;jet_parallax_layout_list&quot;:[],&quot;background_background&quot;:&quot;classic&quot;}\">\n\t\t\t\t\t\t<div class=\"elementor-container elementor-column-gap-default\">\n\t\t\t\t\t<div class=\"elementor-column elementor-col-100 elementor-top-column elementor-element elementor-element-1c734012\" data-id=\"1c734012\" data-element_type=\"column\" data-settings=\"{&quot;background_background&quot;:&quot;classic&quot;}\">\n\t\t\t<div class=\"elementor-widget-wrap elementor-element-populated\">\n\t\t\t\t\t\t<div class=\"elementor-element elementor-element-729ca00c elementor-widget elementor-widget-heading\" data-id=\"729ca00c\" data-element_type=\"widget\" data-widget_type=\"heading.default\">\n\t\t\t\t<div class=\"elementor-widget-container\">\n\t\t\t\t\t<h2 class=\"elementor-heading-title elementor-size-default\">Nos candidat-e-s dans les circonscriptions \u00e9lectorales<\/h2>\t\t\t\t<\/div>\n\t\t\t\t<\/div>\n\t\t\t\t<div class=\"elementor-element elementor-element-4fe8f24e elementor-widget elementor-widget-heading\" data-id=\"4fe8f24e\" data-element_type=\"widget\" data-widget_type=\"heading.default\">\n\t\t\t\t<div class=\"elementor-widget-container\">\n\t\t\t\t\t<h2 class=\"elementor-heading-title elementor-size-default\">Pour l'\u00e9galit\u00e9, le pouvoir d'achat, la protection du climat et l'\u00e9nergie<\/h2>\t\t\t\t<\/div>\n\t\t\t\t<\/div>\n\t\t\t\t\t<\/div>\n\t\t<\/div>\n\t\t\t\t\t<\/div>\n\t\t<\/section>\n\t\t\t\t<section class=\"elementor-section elementor-top-section elementor-element elementor-element-149b3dac elementor-section-boxed elementor-section-height-default elementor-section-height-default\" data-id=\"149b3dac\" data-element_type=\"section\" data-settings=\"{&quot;jet_parallax_layout_list&quot;:[],&quot;background_background&quot;:&quot;classic&quot;}\">\n\t\t\t\t\t\t<div class=\"elementor-container elementor-column-gap-default\">\n\t\t\t\t\t<div class=\"elementor-column elementor-col-100 elementor-top-column elementor-element elementor-element-17075ed1\" data-id=\"17075ed1\" data-element_type=\"column\" data-settings=\"{&quot;background_background&quot;:&quot;classic&quot;}\">\n\t\t\t<div class=\"elementor-widget-wrap elementor-element-populated\">\n\t\t\t\t\n\t\t<div class=\"elementor-element elementor-element-5f59690d elementor-widget elementor-widget-text-editor\" data-id=\"5f59690d\" data-element_type=\"widget\" data-widget_type=\"text-editor.default\">\n\t\t\t\t<div class=\"elementor-widget-container\">\n\t\t\t\t\t\t\t\t\t<p>L&#8217;avenir de notre canton nous tient \u00e0 c\u0153ur. C&#8217;est pourquoi nos candidat\u00b7e\u00b7s s&#8217;engagent en faveur d&#8217;un canton solidaire, inclusif, progressiste et innovant, qui offre s\u00e9curit\u00e9, opportunit\u00e9s \u00e9ducatives, prosp\u00e9rit\u00e9 et solidarit\u00e9 pour toutes et tous.<\/p>\n\t\t\t\t\t\t\t\t<\/div>\n\t\t\t\t<\/div>\n\t\t\t\t<div class=\"elementor-element elementor-element-33764f6a elementor-widget elementor-widget-spps_section_grid\" data-id=\"33764f6a\" data-element_type=\"widget\" data-widget_type=\"spps_section_grid.default\">\n\t\t\t\t<div class=\"elementor-widget-container\">\n\t\t\t\t\t<div class=\"section-grid-wrapper wrapper-spacing-default\"><div class=\"section-grid-search-wrapper\"><input type=\"text\" class=\"section-grid-search\" placeholder=\"Suchen...\" \/><\/div><div class=\"section-grid-container\"><div class=\"section-grid-text\"><p>Suche nach deinem Wahlkreis<\/p><\/div><div class=\"section-grid\"><div class=\"section-grid-items\"><div class=\"section-grid-item section-grid-item-9835472\" \n                data-title=\"stadt bern\" \n                data-postal=\"3600,3603,3604,3608,3612,3613,3614,3615,3616,3617,3619,3622,3623,3624,3625,3626,3627,3628,3631,3632,3633,3634,3635,3636,3638,3645,3647,3652,3655,3656,3657,3658,3661,3662,3663,3664,3665\"><a class=\"section-grid-link\" href=\"https:\/\/spbe.ch\/kandidatinnen-stadt-bern\/\" target=\"_blank\" rel=\"nofollow\"><div class=\"section-grid-item__image no-image\"><div class=\"no-image-inner\"><h3 class=\"section-grid-item__title no-image-title\" style=\"color: #ffffff;\">Stadt Bern<\/h3><\/div><\/div><\/a><\/div><div class=\"section-grid-item section-grid-item-ae7a080\" \n                data-title=\"berner jura\" \n                data-postal=\"\"><a class=\"section-grid-link\" href=\"https:\/\/spbe.ch\/kandidatinnen-berner-jura\/\" target=\"_blank\" rel=\"nofollow\"><div class=\"section-grid-item__image no-image\"><div class=\"no-image-inner\"><h3 class=\"section-grid-item__title no-image-title\" style=\"color: #ffffff;\">Berner Jura<\/h3><\/div><\/div><\/a><\/div><div class=\"section-grid-item section-grid-item-c09bcfa\" \n                data-title=\"biel-seeland\" \n                data-postal=\"\"><a class=\"section-grid-link\" href=\"https:\/\/spbe.ch\/kandidatinnen-biel-seeland\/\" target=\"_blank\" rel=\"nofollow\"><div class=\"section-grid-item__image no-image\"><div class=\"no-image-inner\"><h3 class=\"section-grid-item__title no-image-title\" style=\"color: #ffffff;\">Biel-Seeland<\/h3><\/div><\/div><\/a><\/div><div class=\"section-grid-item section-grid-item-48c8cfb\" \n                data-title=\"emmental\" \n                data-postal=\"\"><a class=\"section-grid-link\" href=\"https:\/\/spbe.ch\/kandidatinnen-emmental\/\" target=\"_blank\" rel=\"nofollow\"><div class=\"section-grid-item__image no-image\"><div class=\"no-image-inner\"><h3 class=\"section-grid-item__title no-image-title\" style=\"color: #ffffff;\">Emmental<\/h3><\/div><\/div><\/a><\/div><div class=\"section-grid-item section-grid-item-2071720\" \n                data-title=\"mittelland nord\" \n                data-postal=\"\"><a class=\"section-grid-link\" href=\"https:\/\/spbe.ch\/kandidatinnen-mittelland-nord\/\" target=\"_blank\" rel=\"nofollow\"><div class=\"section-grid-item__image no-image\"><div class=\"no-image-inner\"><h3 class=\"section-grid-item__title no-image-title\" style=\"color: #ffffff;\">Mittelland Nord<\/h3><\/div><\/div><\/a><\/div><div class=\"section-grid-item section-grid-item-c0800ef\" \n                data-title=\"mittelland s\u00fcd\" \n                data-postal=\"\"><a class=\"section-grid-link\" href=\"https:\/\/spbe.ch\/kandidatinnen-mittelland-sued\/\" target=\"_blank\" rel=\"nofollow\"><div class=\"section-grid-item__image no-image\"><div class=\"no-image-inner\"><h3 class=\"section-grid-item__title no-image-title\" style=\"color: #ffffff;\">Mittelland S\u00fcd<\/h3><\/div><\/div><\/a><\/div><div class=\"section-grid-item section-grid-item-7ff2016\" \n                data-title=\"oberaargau\" \n                data-postal=\"2557,2565,2577,3036,3054,3225,3226,3232,3233,3234,3236,3237,3238,3250,3251,3252,3255,3256,3257,3262,3263,3264,3266,3267,3268,3270,3271,3272,3273,3274,3282,3283,3292,3293,3294,3295,3296,3297,3298\"><a class=\"section-grid-link\" href=\"https:\/\/spbe.ch\/kandidatinnen-oberaargau\/\" target=\"_blank\" rel=\"nofollow\"><div class=\"section-grid-item__image no-image\"><div class=\"no-image-inner\"><h3 class=\"section-grid-item__title no-image-title\" style=\"color: #ffffff;\">Oberaargau<\/h3><\/div><\/div><\/a><\/div><div class=\"section-grid-item section-grid-item-0403363\" \n                data-title=\"oberland\" \n                data-postal=\"\"><a class=\"section-grid-link\" href=\"https:\/\/spbe.ch\/kandidatinnen-oberland\/\" target=\"_blank\" rel=\"nofollow\"><div class=\"section-grid-item__image no-image\"><div class=\"no-image-inner\"><h3 class=\"section-grid-item__title no-image-title\" style=\"color: #ffffff;\">Oberland<\/h3><\/div><\/div><\/a><\/div><div class=\"section-grid-item section-grid-item-6575386\" \n                data-title=\"thun\" \n                data-postal=\"\"><a class=\"section-grid-link\" href=\"https:\/\/spbe.ch\/kandidatinnen-thun\/\" target=\"_blank\" rel=\"nofollow\"><div class=\"section-grid-item__image no-image\"><div class=\"no-image-inner\"><h3 class=\"section-grid-item__title no-image-title\" style=\"color: #ffffff;\">Thun<\/h3><\/div><\/div><\/a><\/div><\/div><\/div><\/div><\/div>\t\t\t\t<\/div>\n\t\t\t\t<\/div>\n\t\t\t\t\t<\/div>\n\t\t<\/div>\n\t\t\t\t\t<\/div>\n\t\t<\/section>\n\t\t\t\t<\/div>\n\t\t","protected":false},"excerpt":{"rendered":"<p>Nos candidat-e-s dans les circonscriptions \u00e9lectorales Pour l&#8217;\u00e9galit\u00e9, le pouvoir d&#8217;achat, la protection du climat et l&#8217;\u00e9nergie L&#8217;avenir de notre canton nous tient \u00e0 c\u0153ur. C&#8217;est pourquoi nos candidat\u00b7e\u00b7s s&#8217;engagent [&hellip;]<\/p>\n","protected":false},"author":5,"featured_media":0,"parent":0,"menu_order":0,"comment_status":"closed","ping_status":"closed","template":"","meta":{"footnotes":""},"class_list":["post-93063","page","type-page","status-publish","hentry"],"_links":{"self":[{"href":"https:\/\/spbe.ch\/fr\/wp-json\/wp\/v2\/pages\/93063","targetHints":{"allow":["GET"]}}],"collection":[{"href":"https:\/\/spbe.ch\/fr\/wp-json\/wp\/v2\/pages"}],"about":[{"href":"https:\/\/spbe.ch\/fr\/wp-json\/wp\/v2\/types\/page"}],"author":[{"embeddable":true,"href":"https:\/\/spbe.ch\/fr\/wp-json\/wp\/v2\/users\/5"}],"replies":[{"embeddable":true,"href":"https:\/\/spbe.ch\/fr\/wp-json\/wp\/v2\/comments?post=93063"}],"version-history":[{"count":3,"href":"https:\/\/spbe.ch\/fr\/wp-json\/wp\/v2\/pages\/93063\/revisions"}],"predecessor-version":[{"id":93073,"href":"https:\/\/spbe.ch\/fr\/wp-json\/wp\/v2\/pages\/93063\/revisions\/93073"}],"wp:attachment":[{"href":"https:\/\/spbe.ch\/fr\/wp-json\/wp\/v2\/media?parent=93063"}],"curies":[{"name":"wp","href":"https:\/\/api.w.org\/{rel}","templated":true}]}}